{"id":716,"date":"2023-06-23T12:06:49","date_gmt":"2023-06-23T09:06:49","guid":{"rendered":"http:\/\/equestdream.com\/?post_type=product&#038;p=716"},"modified":"2025-11-23T12:34:22","modified_gmt":"2025-11-23T10:34:22","slug":"ratsastushousut","status":"publish","type":"product","link":"https:\/\/equestdream.com\/fi\/product\/ratsastushousut\/","title":{"rendered":"Upeat ratsastushousut"},"content":{"rendered":"<p>Tyylikk\u00e4\u00e4t mustat ratsastushousut laadukkaasta ja hengitt\u00e4v\u00e4st\u00e4 kankaasta. Pehme\u00e4t, joustavat ja mukavat p\u00e4\u00e4ll\u00e4, mutta samalla juuri sopivan napakat pit\u00e4\u00e4kseen muotonsa ja tukeakseen ratsastajaa. Korkeahko vy\u00f6t\u00e4r\u00f6 istuvuuden parantamiseksi, polvigripit, ohuempi kangas nilkassa helpottamassa saappaan pukemista ja k\u00e4yt\u00e4nn\u00f6llinen k\u00e4nnykk\u00e4tasku oikealla sivulla. Kauniina yksityiskohtana kimaltavat valetaskut takana. Uskomme, ett\u00e4 n\u00e4ist\u00e4 tulee uudet lempihoususi!<\/p>\n","protected":false},"excerpt":{"rendered":"<p>Tyylikk\u00e4\u00e4t mustat ratsastushousut laadukkaasta ja hengitt\u00e4v\u00e4st\u00e4 kankaasta. Pehme\u00e4t, joustavat ja mukavat p\u00e4\u00e4ll\u00e4, mutta samalla juuri sopivan napakat pit\u00e4\u00e4kseen muotonsa ja tukeakseen ratsastajaa. Korkeahko vy\u00f6t\u00e4r\u00f6 istuvuuden parantamiseksi, polvigripit, ohuempi kangas nilkassa helpottamassa saappaan pukemista ja k\u00e4yt\u00e4nn\u00f6llinen k\u00e4nnykk\u00e4tasku oikealla sivulla. Kauniina yksityiskohtana kimaltavat valetaskut takana. Uskomme, ett\u00e4 n\u00e4ist\u00e4 tulee uudet lempihoususi!<\/p>\n","protected":false},"featured_media":1952,"comment_status":"open","ping_status":"closed","template":"","meta":[],"product_brand":[],"product_cat":[95,94,15,99],"product_tag":[25,27,43,105,50,104],"class_list":{"0":"post-716","1":"product","2":"type-product","3":"status-publish","4":"has-post-thumbnail","6":"product_cat-ajankohtaista","7":"product_cat-ale","8":"product_cat-ratsastaja","9":"product_cat-uutta","10":"product_tag-equestrian","11":"product_tag-esteratsastus","12":"product_tag-hevosurheilu","13":"product_tag-polvipaikkaiset-ratsastushousut","14":"product_tag-ratsastushousut","15":"product_tag-ratsastushousut-gripeilla","17":"first","18":"instock","19":"featured","20":"taxable","21":"shipping-taxable","22":"purchasable","23":"product-type-variable"},"_links":{"self":[{"href":"https:\/\/equestdream.com\/fi\/wp-json\/wp\/v2\/product\/716","targetHints":{"allow":["GET"]}}],"collection":[{"href":"https:\/\/equestdream.com\/fi\/wp-json\/wp\/v2\/product"}],"about":[{"href":"https:\/\/equestdream.com\/fi\/wp-json\/wp\/v2\/types\/product"}],"replies":[{"embeddable":true,"href":"https:\/\/equestdream.com\/fi\/wp-json\/wp\/v2\/comments?post=716"}],"version-history":[{"count":2,"href":"https:\/\/equestdream.com\/fi\/wp-json\/wp\/v2\/product\/716\/revisions"}],"predecessor-version":[{"id":4544,"href":"https:\/\/equestdream.com\/fi\/wp-json\/wp\/v2\/product\/716\/revisions\/4544"}],"wp:featuredmedia":[{"embeddable":true,"href":"https:\/\/equestdream.com\/fi\/wp-json\/wp\/v2\/media\/1952"}],"wp:attachment":[{"href":"https:\/\/equestdream.com\/fi\/wp-json\/wp\/v2\/media?parent=716"}],"wp:term":[{"taxonomy":"product_brand","embeddable":true,"href":"https:\/\/equestdream.com\/fi\/wp-json\/wp\/v2\/product_brand?post=716"},{"taxonomy":"product_cat","embeddable":true,"href":"https:\/\/equestdream.com\/fi\/wp-json\/wp\/v2\/product_cat?post=716"},{"taxonomy":"product_tag","embeddable":true,"href":"https:\/\/equestdream.com\/fi\/wp-json\/wp\/v2\/product_tag?post=716"}],"curies":[{"name":"wp","href":"https:\/\/api.w.org\/{rel}","templated":true}]}}