{"id":501,"date":"2023-06-23T12:00:27","date_gmt":"2023-06-23T09:00:27","guid":{"rendered":"http:\/\/equestdream.com\/?post_type=product&#038;p=501"},"modified":"2025-11-23T12:35:04","modified_gmt":"2025-11-23T10:35:04","slug":"tulossa-kevyt-sadeloimi","status":"publish","type":"product","link":"https:\/\/equestdream.com\/fi\/product\/tulossa-kevyt-sadeloimi\/","title":{"rendered":"Kevyt sadeloimi"},"content":{"rendered":"<p>Kevyt sadeloimi. T\u00e4m\u00e4 loimi on luotu sadekeleihin ja tuuleen. Istuu hyvin monenlaiseen selk\u00e4\u00e4n ja liikkeeseen. Erityismaininta etuosan korkea ja suorahko leikkaus, joka ei liu\u2019u taakse ja istuu n\u00e4in vaativaankin makuun. Edess\u00e4 s\u00e4\u00e4dett\u00e4v\u00e4 solkikiinnitys ja ristikk\u00e4iset vy\u00f6t mahan alla, sek\u00e4 irrotettavat takajalkojen remmit. Heijastinnauhat etu- ja takahelmassa, sek\u00e4 h\u00e4nt\u00e4suojan p\u00e4\u00e4ll\u00e4.<br \/>\nMateriaali 600D sateenkest\u00e4v\u00e4 ja hengitt\u00e4v\u00e4 kangas, anti-staattinen ja anti-bakteerinen sis\u00e4vuori. Loimi on reilun kokoinen. Ensimm\u00e4inen malli Oskari s\u00e4k\u00e4 169cm k\u00e4ytt\u00e4\u00e4 normaalisti 155cm koon loimia ja t\u00e4ss\u00e4 ruskea 155cm ja sininen 145cm. Ja piirtop\u00e4isell\u00e4 Bobilla, s\u00e4k\u00e4 n.165cm, loimet on koossa 145cm.<\/p>\n<p>Loimien kangasmateriaaleilla\u00a0on arvostettu Oeko-Tex 100 -laatustandardi.<\/p>\n","protected":false},"excerpt":{"rendered":"<p>Kevyt sadeloimi. T\u00e4m\u00e4 loimi on luotu sadekeleihin ja tuuleen. Istuu hyvin monenlaiseen selk\u00e4\u00e4n ja liikkeeseen.<\/p>\n","protected":false},"featured_media":2557,"comment_status":"open","ping_status":"closed","template":"","meta":[],"product_brand":[],"product_cat":[17],"product_tag":[],"class_list":{"0":"post-501","1":"product","2":"type-product","3":"status-publish","4":"has-post-thumbnail","6":"product_cat-hevoselle","7":"product_shipping_class-postimaksu","9":"first","10":"instock","11":"taxable","12":"shipping-taxable","13":"purchasable","14":"product-type-variable"},"_links":{"self":[{"href":"https:\/\/equestdream.com\/fi\/wp-json\/wp\/v2\/product\/501","targetHints":{"allow":["GET"]}}],"collection":[{"href":"https:\/\/equestdream.com\/fi\/wp-json\/wp\/v2\/product"}],"about":[{"href":"https:\/\/equestdream.com\/fi\/wp-json\/wp\/v2\/types\/product"}],"replies":[{"embeddable":true,"href":"https:\/\/equestdream.com\/fi\/wp-json\/wp\/v2\/comments?post=501"}],"version-history":[{"count":2,"href":"https:\/\/equestdream.com\/fi\/wp-json\/wp\/v2\/product\/501\/revisions"}],"predecessor-version":[{"id":4563,"href":"https:\/\/equestdream.com\/fi\/wp-json\/wp\/v2\/product\/501\/revisions\/4563"}],"wp:featuredmedia":[{"embeddable":true,"href":"https:\/\/equestdream.com\/fi\/wp-json\/wp\/v2\/media\/2557"}],"wp:attachment":[{"href":"https:\/\/equestdream.com\/fi\/wp-json\/wp\/v2\/media?parent=501"}],"wp:term":[{"taxonomy":"product_brand","embeddable":true,"href":"https:\/\/equestdream.com\/fi\/wp-json\/wp\/v2\/product_brand?post=501"},{"taxonomy":"product_cat","embeddable":true,"href":"https:\/\/equestdream.com\/fi\/wp-json\/wp\/v2\/product_cat?post=501"},{"taxonomy":"product_tag","embeddable":true,"href":"https:\/\/equestdream.com\/fi\/wp-json\/wp\/v2\/product_tag?post=501"}],"curies":[{"name":"wp","href":"https:\/\/api.w.org\/{rel}","templated":true}]}}