{"id":4393,"date":"2024-07-04T15:52:49","date_gmt":"2024-07-04T12:52:49","guid":{"rendered":"https:\/\/equestdream.com\/?post_type=product&#038;p=4393"},"modified":"2025-11-23T20:30:07","modified_gmt":"2025-11-23T18:30:07","slug":"kilpailupaita-lyhyt-hihainen","status":"publish","type":"product","link":"https:\/\/equestdream.com\/fi\/product\/kilpailupaita-lyhyt-hihainen\/","title":{"rendered":"Kilpailupaita lyhyt hihainen"},"content":{"rendered":"<p>Naisten klassisen tyylik\u00e4s lyhythihainen kilpailupaita joustavasta ja teknisest\u00e4 kankaasta.<br \/>\nT\u00e4m\u00e4 paita on varsinainen moniottelija! Yksinkertainen kaunis leikkaus mahdollistaa sen k\u00e4ytt\u00e4misen joko kisapaitana takin kanssa tai ilman, tai vaihtoehtoisesti kotitreeniss\u00e4 tai muussa arjessa. Joustava kangas sopii urheiluun, mukailee liikett\u00e4 ja on kevyt ja mukava p\u00e4\u00e4ll\u00e4. Kisatakin tai neuleen kanssa pitk\u00e4hihainen paita on erinomainen valinta syksyn tai talven viile\u00e4mpiin p\u00e4iviin. Hartialinjan perforoitu kangas lis\u00e4\u00e4 paidan hengitt\u00e4vyytt\u00e4 ja antaa kimallemaisen vaikutelman, tuoden pient\u00e4 taikaa jokaiseen ratsastukseen. Pukeminen on helppoa edess\u00e4 olevan piilotetun nappilistan ansiosta.<\/p>\n<p>Joustava tekninen kangas. Tyylik\u00e4s klassinen leikkaus. Edess\u00e4 vetoketju helpottaa pukemista tai avattuna antaa rennon ilmeen. Takana hartioilla kaunis verkkomainen kangas. Pieni vaalea logo sel\u00e4ss\u00e4.<\/p>\n<p>&nbsp;<\/p>\n<p>Materiaali: 70% Nylon 30% Spandex<\/p>\n<figure id=\"attachment_1945\" aria-describedby=\"caption-attachment-1945\" style=\"width: 232px\" class=\"wp-caption alignnone\"><img fetchpriority=\"high\" decoding=\"async\" class=\"size-medium wp-image-1945\" src=\"http:\/\/equestdream.com\/wp-content\/uploads\/2023\/08\/EQd-koko-opas-kisapaita-232x300.png\" alt=\"\" width=\"232\" height=\"300\" srcset=\"https:\/\/equestdream.com\/wp-content\/uploads\/2023\/08\/EQd-koko-opas-kisapaita-232x300.png 232w, https:\/\/equestdream.com\/wp-content\/uploads\/2023\/08\/EQd-koko-opas-kisapaita-791x1024.png 791w, https:\/\/equestdream.com\/wp-content\/uploads\/2023\/08\/EQd-koko-opas-kisapaita-768x994.png 768w, https:\/\/equestdream.com\/wp-content\/uploads\/2023\/08\/EQd-koko-opas-kisapaita-1187x1536.png 1187w, https:\/\/equestdream.com\/wp-content\/uploads\/2023\/08\/EQd-koko-opas-kisapaita-600x777.png 600w, https:\/\/equestdream.com\/wp-content\/uploads\/2023\/08\/EQd-koko-opas-kisapaita.png 1545w\" sizes=\"(max-width: 232px) 100vw, 232px\" \/><figcaption id=\"caption-attachment-1945\" class=\"wp-caption-text\">Koko-opas<\/figcaption><\/figure>\n<p>&nbsp;<\/p>\n","protected":false},"excerpt":{"rendered":"<p>Naisten klassisen tyylik\u00e4s pitk\u00e4hihainen kilpailupaita joustavasta ja teknisest\u00e4 kankaasta.<br \/>\nT\u00e4m\u00e4 paita on varsinainen moniottelija! Yksinkertainen kaunis leikkaus mahdollistaa sen k\u00e4ytt\u00e4misen joko kisapaitana takin kanssa tai ilman, tai vaihtoehtoisesti kotitreeniss\u00e4 tai muussa arjessa. Joustava kangas sopii urheiluun, mukailee liikett\u00e4 ja on kevyt ja mukava p\u00e4\u00e4ll\u00e4. Kisatakin tai neuleen kanssa pitk\u00e4hihainen paita on erinomainen valinta syksyn tai talven viile\u00e4mpiin p\u00e4iviin. Hartialinjan perforoitu kangas lis\u00e4\u00e4 paidan hengitt\u00e4vyytt\u00e4 ja antaa kimallemaisen vaikutelman, tuoden pient\u00e4 taikaa jokaiseen ratsastukseen. Pukeminen on helppoa edess\u00e4 olevan piilotetun nappilistan ansiosta.<\/p>\n<p>Materiaali: 70% Nylon 30% Spandex<\/p>\n<figure id=\"attachment_1945\" aria-describedby=\"caption-attachment-1945\" style=\"width: 232px\" class=\"wp-caption alignnone\"><img fetchpriority=\"high\" decoding=\"async\" class=\"size-medium wp-image-1945\" src=\"http:\/\/equestdream.com\/wp-content\/uploads\/2023\/08\/EQd-koko-opas-kisapaita-232x300.png\" alt=\"\" width=\"232\" height=\"300\" srcset=\"https:\/\/equestdream.com\/wp-content\/uploads\/2023\/08\/EQd-koko-opas-kisapaita-232x300.png 232w, https:\/\/equestdream.com\/wp-content\/uploads\/2023\/08\/EQd-koko-opas-kisapaita-791x1024.png 791w, https:\/\/equestdream.com\/wp-content\/uploads\/2023\/08\/EQd-koko-opas-kisapaita-768x994.png 768w, https:\/\/equestdream.com\/wp-content\/uploads\/2023\/08\/EQd-koko-opas-kisapaita-1187x1536.png 1187w, https:\/\/equestdream.com\/wp-content\/uploads\/2023\/08\/EQd-koko-opas-kisapaita-600x777.png 600w, https:\/\/equestdream.com\/wp-content\/uploads\/2023\/08\/EQd-koko-opas-kisapaita.png 1545w\" sizes=\"(max-width: 232px) 100vw, 232px\" \/><figcaption id=\"caption-attachment-1945\" class=\"wp-caption-text\">Koko-opas<\/figcaption><\/figure>\n","protected":false},"featured_media":4433,"comment_status":"open","ping_status":"closed","template":"","meta":[],"product_brand":[],"product_cat":[76,15],"product_tag":[74,73,75],"class_list":{"0":"post-4393","1":"product","2":"type-product","3":"status-publish","4":"has-post-thumbnail","6":"product_cat-equestdream-paita","7":"product_cat-ratsastaja","8":"product_tag-kauluspaita","9":"product_tag-kilpailupaita","10":"product_tag-tekninen-paita","11":"product_shipping_class-postimaksu-mini","12":"pa_size-l","13":"pa_size-m","14":"pa_size-s","15":"pa_size-xs","17":"first","18":"instock","19":"taxable","20":"shipping-taxable","21":"purchasable","22":"product-type-variable"},"_links":{"self":[{"href":"https:\/\/equestdream.com\/fi\/wp-json\/wp\/v2\/product\/4393","targetHints":{"allow":["GET"]}}],"collection":[{"href":"https:\/\/equestdream.com\/fi\/wp-json\/wp\/v2\/product"}],"about":[{"href":"https:\/\/equestdream.com\/fi\/wp-json\/wp\/v2\/types\/product"}],"replies":[{"embeddable":true,"href":"https:\/\/equestdream.com\/fi\/wp-json\/wp\/v2\/comments?post=4393"}],"version-history":[{"count":2,"href":"https:\/\/equestdream.com\/fi\/wp-json\/wp\/v2\/product\/4393\/revisions"}],"predecessor-version":[{"id":4740,"href":"https:\/\/equestdream.com\/fi\/wp-json\/wp\/v2\/product\/4393\/revisions\/4740"}],"wp:featuredmedia":[{"embeddable":true,"href":"https:\/\/equestdream.com\/fi\/wp-json\/wp\/v2\/media\/4433"}],"wp:attachment":[{"href":"https:\/\/equestdream.com\/fi\/wp-json\/wp\/v2\/media?parent=4393"}],"wp:term":[{"taxonomy":"product_brand","embeddable":true,"href":"https:\/\/equestdream.com\/fi\/wp-json\/wp\/v2\/product_brand?post=4393"},{"taxonomy":"product_cat","embeddable":true,"href":"https:\/\/equestdream.com\/fi\/wp-json\/wp\/v2\/product_cat?post=4393"},{"taxonomy":"product_tag","embeddable":true,"href":"https:\/\/equestdream.com\/fi\/wp-json\/wp\/v2\/product_tag?post=4393"}],"curies":[{"name":"wp","href":"https:\/\/api.w.org\/{rel}","templated":true}]}}