{"id":3119,"date":"2023-12-13T19:12:38","date_gmt":"2023-12-13T17:12:38","guid":{"rendered":"http:\/\/equestdream.com\/?post_type=product&#038;p=3119"},"modified":"2025-11-23T12:38:44","modified_gmt":"2025-11-23T10:38:44","slug":"3119","status":"publish","type":"product","link":"https:\/\/equestdream.com\/fi\/product\/3119\/","title":{"rendered":"Kullattu kaulakoru ja Luckycharm"},"content":{"rendered":"<blockquote>\n<div dir=\"auto\">Kullattu laatta kaulakoru<\/div>\n<\/blockquote>\n<div dir=\"auto\"><\/div>\n<div dir=\"auto\">Yksinkertaisen kaunis kullattu kaulakoru EquestDream-painatuksella. Kaulakoru ja ketju ovat aitoa 925-hopeaa (sterling silver), joka on p\u00e4\u00e4llystetty arvokkaalla 18 karaatin kullalla.<\/div>\n<div dir=\"auto\"><\/div>\n<div dir=\"auto\">Laatta riipuksen halkaisija on 15,24mm, ja sen klassinen muoto mahdollistaa yksil\u00f6llisen kaiverruksen toiselle tai molemmille puolille. Voit siis kaiverruttaa omaan koruusi rakkaan lemmikkisi tai l\u00e4heisesi nimen, tai kenties itsellesi t\u00e4rke\u00e4n tsemppilauseen.<\/div>\n<div dir=\"auto\"><\/div>\n<div dir=\"auto\">Laatan papukaijalukko mahdollistaa korun helpon irrottamisen ketjusta, ja voitkin kiinnitt\u00e4\u00e4 laatan vaikkapa kisojen ajaksi hevosen suitsiin \u2019Lucky Charmiksi\u2019 tai pit\u00e4\u00e4 sit\u00e4 my\u00f6s koiran kaulapannassa.<\/div>\n<div dir=\"auto\"><\/div>\n<div dir=\"auto\">Ketjun pituus on 45 cm.<\/div>\n","protected":false},"excerpt":{"rendered":"<p>Kullattu laatta kaulakoru Yksinkertaisen kaunis kullattu kaulakoru EquestDream-painatuksella. Kaulakoru ja ketju ovat aitoa 925-hopeaa (sterling silver), joka on p\u00e4\u00e4llystetty arvokkaalla 18 karaatin kullalla. Laatta riipuksen halkaisija on 15,24mm, ja sen klassinen muoto mahdollistaa yksil\u00f6llisen kaiverruksen toiselle tai molemmille puolille. Voit siis kaiverruttaa omaan koruusi rakkaan lemmikkisi tai l\u00e4heisesi nimen, tai kenties itsellesi t\u00e4rke\u00e4n tsemppilauseen. Laatan [&hellip;]<\/p>\n","protected":false},"featured_media":4551,"comment_status":"open","ping_status":"closed","template":"","meta":[],"product_brand":[],"product_cat":[95,17,15,99],"product_tag":[108,110,107,109,112,111],"class_list":{"0":"post-3119","1":"product","2":"type-product","3":"status-publish","4":"has-post-thumbnail","6":"product_cat-ajankohtaista","7":"product_cat-hevoselle","8":"product_cat-ratsastaja","9":"product_cat-uutta","10":"product_tag-kaulakoru","11":"product_tag-koru","12":"product_tag-kultakoru","13":"product_tag-luckycharm","14":"product_tag-nimikoru","15":"product_tag-riipus","17":"first","18":"instock","19":"featured","20":"taxable","21":"shipping-taxable","22":"purchasable","23":"product-type-variable"},"_links":{"self":[{"href":"https:\/\/equestdream.com\/fi\/wp-json\/wp\/v2\/product\/3119","targetHints":{"allow":["GET"]}}],"collection":[{"href":"https:\/\/equestdream.com\/fi\/wp-json\/wp\/v2\/product"}],"about":[{"href":"https:\/\/equestdream.com\/fi\/wp-json\/wp\/v2\/types\/product"}],"replies":[{"embeddable":true,"href":"https:\/\/equestdream.com\/fi\/wp-json\/wp\/v2\/comments?post=3119"}],"version-history":[{"count":3,"href":"https:\/\/equestdream.com\/fi\/wp-json\/wp\/v2\/product\/3119\/revisions"}],"predecessor-version":[{"id":4542,"href":"https:\/\/equestdream.com\/fi\/wp-json\/wp\/v2\/product\/3119\/revisions\/4542"}],"wp:featuredmedia":[{"embeddable":true,"href":"https:\/\/equestdream.com\/fi\/wp-json\/wp\/v2\/media\/4551"}],"wp:attachment":[{"href":"https:\/\/equestdream.com\/fi\/wp-json\/wp\/v2\/media?parent=3119"}],"wp:term":[{"taxonomy":"product_brand","embeddable":true,"href":"https:\/\/equestdream.com\/fi\/wp-json\/wp\/v2\/product_brand?post=3119"},{"taxonomy":"product_cat","embeddable":true,"href":"https:\/\/equestdream.com\/fi\/wp-json\/wp\/v2\/product_cat?post=3119"},{"taxonomy":"product_tag","embeddable":true,"href":"https:\/\/equestdream.com\/fi\/wp-json\/wp\/v2\/product_tag?post=3119"}],"curies":[{"name":"wp","href":"https:\/\/api.w.org\/{rel}","templated":true}]}}