{"id":2163,"date":"2023-09-08T20:44:34","date_gmt":"2023-09-08T17:44:34","guid":{"rendered":"http:\/\/equestdream.com\/?post_type=product&#038;p=2163"},"modified":"2025-11-23T12:30:51","modified_gmt":"2025-11-23T10:30:51","slug":"vohveliloimi-ensimmainen-era-saapunut-copy","status":"publish","type":"product","link":"https:\/\/equestdream.com\/fi\/product\/vohveliloimi-ensimmainen-era-saapunut-copy\/","title":{"rendered":"Cooler vohveliloimi"},"content":{"rendered":"<p>Koko musta virtaviivaisen tyylik\u00e4s cooler vohveliloimi viimeistelee kisatyylin, sopii loistavasti kuljetukseen sek\u00e4 my\u00f6s kuivatukseen hikitreenin tai pesun j\u00e4lkeen. Materiaali on puuvillaista cooler-kangasta, jolla on erinomainen kosteudenimukyky ja hengitt\u00e4vyys, auttaen yll\u00e4pit\u00e4m\u00e4\u00e4n hevosen optimaalista l\u00e4mp\u00f6tilaa.<\/p>\n<p>Loimien kangasmateriaaleilla on arvostettu Oeko-Tex 100 -laatustandardi.<\/p>\n","protected":false},"excerpt":{"rendered":"<p>Koko musta virtaviivaisen tyylik\u00e4s cooler vohveliloimi viimeistelee kisatyylin, sopii loistavasti kuljetukseen sek\u00e4 my\u00f6s kuivatukseen hikitreenin tai pesun j\u00e4lkeen. Materiaali on puuvillaista cooler-kangasta, jolla on erinomainen kosteudenimukyky ja hengitt\u00e4vyys, auttaen yll\u00e4pit\u00e4m\u00e4\u00e4n hevosen optimaalista l\u00e4mp\u00f6tilaa.<\/p>\n","protected":false},"featured_media":2572,"comment_status":"open","ping_status":"closed","template":"","meta":[],"product_brand":[],"product_cat":[17,49],"product_tag":[25,23,39,37],"class_list":{"0":"post-2163","1":"product","2":"type-product","3":"status-publish","4":"has-post-thumbnail","6":"product_cat-hevoselle","7":"product_cat-tulossa","8":"product_tag-equestrian","9":"product_tag-hevonen","10":"product_tag-hevoselle","11":"product_tag-loimi","12":"product_shipping_class-postimaksu","14":"first","15":"instock","16":"taxable","17":"shipping-taxable","18":"purchasable","19":"product-type-variable"},"_links":{"self":[{"href":"https:\/\/equestdream.com\/fi\/wp-json\/wp\/v2\/product\/2163","targetHints":{"allow":["GET"]}}],"collection":[{"href":"https:\/\/equestdream.com\/fi\/wp-json\/wp\/v2\/product"}],"about":[{"href":"https:\/\/equestdream.com\/fi\/wp-json\/wp\/v2\/types\/product"}],"replies":[{"embeddable":true,"href":"https:\/\/equestdream.com\/fi\/wp-json\/wp\/v2\/comments?post=2163"}],"version-history":[{"count":4,"href":"https:\/\/equestdream.com\/fi\/wp-json\/wp\/v2\/product\/2163\/revisions"}],"predecessor-version":[{"id":4683,"href":"https:\/\/equestdream.com\/fi\/wp-json\/wp\/v2\/product\/2163\/revisions\/4683"}],"wp:featuredmedia":[{"embeddable":true,"href":"https:\/\/equestdream.com\/fi\/wp-json\/wp\/v2\/media\/2572"}],"wp:attachment":[{"href":"https:\/\/equestdream.com\/fi\/wp-json\/wp\/v2\/media?parent=2163"}],"wp:term":[{"taxonomy":"product_brand","embeddable":true,"href":"https:\/\/equestdream.com\/fi\/wp-json\/wp\/v2\/product_brand?post=2163"},{"taxonomy":"product_cat","embeddable":true,"href":"https:\/\/equestdream.com\/fi\/wp-json\/wp\/v2\/product_cat?post=2163"},{"taxonomy":"product_tag","embeddable":true,"href":"https:\/\/equestdream.com\/fi\/wp-json\/wp\/v2\/product_tag?post=2163"}],"curies":[{"name":"wp","href":"https:\/\/api.w.org\/{rel}","templated":true}]}}