{"id":1673,"date":"2023-07-21T08:35:23","date_gmt":"2023-07-21T05:35:23","guid":{"rendered":"http:\/\/equestdream.com\/?post_type=product&#038;p=1673"},"modified":"2024-10-19T15:17:12","modified_gmt":"2024-10-19T12:17:12","slug":"huppari","status":"publish","type":"product","link":"https:\/\/equestdream.com\/fi\/product\/huppari\/","title":{"rendered":"Vetoketjullinen huppari"},"content":{"rendered":"<p>Trendik\u00e4s vaaleanharmaa huppari monenlaiseen k\u00e4ytt\u00f6\u00f6n! Materiaali on pehme\u00e4\u00e4 ja laadukasta puuvillasekoitetta, jolla on arvostettu Oeko-Tex 100 -laatustandardi.<\/p>\n<p>Mustat yksityiskohdat, kuten hupun vuorikangas ja hupparin vetoketju, antavat hupparille s\u00e4rm\u00e4\u00e4 ja k\u00e4yt\u00e4nn\u00f6llinen vetoketjullisen tuplatasku pit\u00e4\u00e4 aarteesi tallessa kovemmassakin menossa.<\/p>\n<p>Malli on oversize!<\/p>\n<p><em>Tuote on loppuun myyty, kysy lis\u00e4tilausaikataulusta.<\/em><\/p>\n<p>Vetoketjullinen piilotasku puhelimelle: <a href=\"https:\/\/www.instagram.com\/reel\/CmZyEEMKD6h\/?utm_source=ig_web_copy_link&amp;igshid=MzRlODBiNWFlZA==\">video t\u00e4st\u00e4<\/a><\/p>\n<p>Kuvagallerian lis\u00e4ksi katso videoita <a href=\"https:\/\/www.instagram.com\/p\/CmXVcKjq-p5\/\" target=\"_blank\" rel=\"noopener\">EquestDream instagram<\/a><\/p>\n<p>&nbsp;<\/p>\n","protected":false},"excerpt":{"rendered":"<p><strong>Tuote on loppuun myyty, kysy lis\u00e4tilausaikataulusta.<\/strong><\/p>\n","protected":false},"featured_media":1681,"comment_status":"open","ping_status":"closed","template":"","meta":[],"product_brand":[],"product_cat":[47,67,15],"product_tag":[25,27,43,24,68,35,69,44,29],"class_list":{"0":"post-1673","1":"product","2":"type-product","3":"status-publish","4":"has-post-thumbnail","6":"product_cat-ennakkotilaus","7":"product_cat-huppari","8":"product_cat-ratsastaja","9":"product_tag-equestrian","10":"product_tag-esteratsastus","11":"product_tag-hevosurheilu","12":"product_tag-horse","13":"product_tag-huppari","14":"product_tag-kevyt","15":"product_tag-puuvilla","16":"product_tag-ratsastaja","17":"product_tag-ratsastus","18":"product_shipping_class-postimaksu","19":"pa_color-vaalea-harmaa-vaalean-harmaa","20":"pa_size-s","22":"first","23":"outofstock","24":"taxable","25":"shipping-taxable","26":"purchasable","27":"product-type-variable"},"_links":{"self":[{"href":"https:\/\/equestdream.com\/fi\/wp-json\/wp\/v2\/product\/1673","targetHints":{"allow":["GET"]}}],"collection":[{"href":"https:\/\/equestdream.com\/fi\/wp-json\/wp\/v2\/product"}],"about":[{"href":"https:\/\/equestdream.com\/fi\/wp-json\/wp\/v2\/types\/product"}],"replies":[{"embeddable":true,"href":"https:\/\/equestdream.com\/fi\/wp-json\/wp\/v2\/comments?post=1673"}],"version-history":[{"count":0,"href":"https:\/\/equestdream.com\/fi\/wp-json\/wp\/v2\/product\/1673\/revisions"}],"wp:featuredmedia":[{"embeddable":true,"href":"https:\/\/equestdream.com\/fi\/wp-json\/wp\/v2\/media\/1681"}],"wp:attachment":[{"href":"https:\/\/equestdream.com\/fi\/wp-json\/wp\/v2\/media?parent=1673"}],"wp:term":[{"taxonomy":"product_brand","embeddable":true,"href":"https:\/\/equestdream.com\/fi\/wp-json\/wp\/v2\/product_brand?post=1673"},{"taxonomy":"product_cat","embeddable":true,"href":"https:\/\/equestdream.com\/fi\/wp-json\/wp\/v2\/product_cat?post=1673"},{"taxonomy":"product_tag","embeddable":true,"href":"https:\/\/equestdream.com\/fi\/wp-json\/wp\/v2\/product_tag?post=1673"}],"curies":[{"name":"wp","href":"https:\/\/api.w.org\/{rel}","templated":true}]}}