{"id":134,"date":"2023-06-14T15:14:11","date_gmt":"2023-06-14T12:14:11","guid":{"rendered":"http:\/\/equestdream.com\/?post_type=product&#038;p=134"},"modified":"2025-11-23T12:37:34","modified_gmt":"2025-11-23T10:37:34","slug":"kevytuntuvatakki","status":"publish","type":"product","link":"https:\/\/equestdream.com\/fi\/product\/kevytuntuvatakki\/","title":{"rendered":"Kevytuntuvatakki"},"content":{"rendered":"<p><span class=\"s1\">Onko mit\u00e4\u00e4n parempaa kuin laadukas kevytuntuvatakki? T\u00e4m\u00e4 takki on paras l\u00e4mmin yst\u00e4v\u00e4si niin kuulaina syysp\u00e4ivin\u00e4, v\u00e4likerroksena talven pakkasp\u00e4ivin\u00e4 kuin kev\u00e4\u00e4n l\u00e4mmetess\u00e4kin. Mit\u00e4 suurimmalla todenn\u00e4k\u00f6isyydell\u00e4 sille l\u00f6ytyy k\u00e4ytt\u00f6\u00e4 my\u00f6s vaihtelevassa Suomen kes\u00e4ss\u00e4.<\/span><\/p>\n<p><span class=\"s1\">Takin pinta on trendikk\u00e4\u00e4n kiilt\u00e4v\u00e4 ja siin\u00e4 on edess\u00e4 tilavat taskut. Kun takki ei ole k\u00e4yt\u00f6ss\u00e4, kulkee se k\u00e4tev\u00e4sti mukana omassa n\u00e4pp\u00e4r\u00e4ss\u00e4 kuljetuspussissaan.<\/span><\/p>\n<p>Koko-opas kuvagalleriassa.<\/p>\n","protected":false},"excerpt":{"rendered":"<p><span class=\"s1\">Onko mit\u00e4\u00e4n parempaa kuin laadukas kevytuntuvatakki? T\u00e4m\u00e4 takki on paras l\u00e4mmin yst\u00e4v\u00e4si niin kuulaina syysp\u00e4ivin\u00e4, v\u00e4likerroksena talven pakkasp\u00e4ivin\u00e4 kuin kev\u00e4\u00e4n l\u00e4mmetess\u00e4kin. Mit\u00e4 suurimmalla todenn\u00e4k\u00f6isyydell\u00e4 sille l\u00f6ytyy k\u00e4ytt\u00f6\u00e4 my\u00f6s vaihtelevassa Suomen kes\u00e4ss\u00e4.<\/span><\/p>\n<p>Koko-opas kuvagalleriassa.<\/p>\n","protected":false},"featured_media":4080,"comment_status":"open","ping_status":"closed","template":"","meta":[],"product_brand":[],"product_cat":[15],"product_tag":[35,52,29,28],"class_list":{"0":"post-134","1":"product","2":"type-product","3":"status-publish","4":"has-post-thumbnail","6":"product_cat-ratsastaja","7":"product_tag-kevyt","8":"product_tag-kevytuntuvatakki","9":"product_tag-ratsastus","10":"product_tag-takki","11":"product_shipping_class-postimaksu","13":"first","14":"instock","15":"taxable","16":"shipping-taxable","17":"purchasable","18":"product-type-variable"},"_links":{"self":[{"href":"https:\/\/equestdream.com\/fi\/wp-json\/wp\/v2\/product\/134","targetHints":{"allow":["GET"]}}],"collection":[{"href":"https:\/\/equestdream.com\/fi\/wp-json\/wp\/v2\/product"}],"about":[{"href":"https:\/\/equestdream.com\/fi\/wp-json\/wp\/v2\/types\/product"}],"replies":[{"embeddable":true,"href":"https:\/\/equestdream.com\/fi\/wp-json\/wp\/v2\/comments?post=134"}],"version-history":[{"count":1,"href":"https:\/\/equestdream.com\/fi\/wp-json\/wp\/v2\/product\/134\/revisions"}],"predecessor-version":[{"id":4620,"href":"https:\/\/equestdream.com\/fi\/wp-json\/wp\/v2\/product\/134\/revisions\/4620"}],"wp:featuredmedia":[{"embeddable":true,"href":"https:\/\/equestdream.com\/fi\/wp-json\/wp\/v2\/media\/4080"}],"wp:attachment":[{"href":"https:\/\/equestdream.com\/fi\/wp-json\/wp\/v2\/media?parent=134"}],"wp:term":[{"taxonomy":"product_brand","embeddable":true,"href":"https:\/\/equestdream.com\/fi\/wp-json\/wp\/v2\/product_brand?post=134"},{"taxonomy":"product_cat","embeddable":true,"href":"https:\/\/equestdream.com\/fi\/wp-json\/wp\/v2\/product_cat?post=134"},{"taxonomy":"product_tag","embeddable":true,"href":"https:\/\/equestdream.com\/fi\/wp-json\/wp\/v2\/product_tag?post=134"}],"curies":[{"name":"wp","href":"https:\/\/api.w.org\/{rel}","templated":true}]}}