{"id":9,"date":"2023-06-14T08:41:36","date_gmt":"2023-06-14T05:41:36","guid":{"rendered":"http:\/\/equestdream.com\/?page_id=9"},"modified":"2025-12-05T12:35:33","modified_gmt":"2025-12-05T10:35:33","slug":"toimitus_palautus-refund_returns","status":"publish","type":"page","link":"https:\/\/equestdream.com\/fi\/toimitus_palautus-refund_returns\/","title":{"rendered":"Toimitusehdot"},"content":{"rendered":"\t\t<div data-elementor-type=\"wp-page\" data-elementor-id=\"9\" class=\"elementor elementor-9\" data-elementor-post-type=\"page\">\n\t\t\t\t\t\t<section class=\"elementor-section elementor-top-section elementor-element elementor-element-3d3f8b19 elementor-section-boxed elementor-section-height-default elementor-section-height-default\" data-id=\"3d3f8b19\" data-element_type=\"section\" data-e-type=\"section\">\n\t\t\t\t\t\t<div class=\"elementor-container elementor-column-gap-default\">\n\t\t\t\t\t<div class=\"elementor-column elementor-col-100 elementor-top-column elementor-element elementor-element-92eaf30\" data-id=\"92eaf30\" data-element_type=\"column\" data-e-type=\"column\">\n\t\t\t<div class=\"elementor-widget-wrap elementor-element-populated\">\n\t\t\t\t\t\t<div class=\"elementor-element elementor-element-7e20a9f3 elementor-widget elementor-widget-text-editor\" data-id=\"7e20a9f3\" data-element_type=\"widget\" data-e-type=\"widget\" data-widget_type=\"text-editor.default\">\n\t\t\t\t<div class=\"elementor-widget-container\">\n\t\t\t\t\t\t\t\t\t<div dir=\"auto\" style=\"caret-color: #000000; color: #000000; font-family: Helvetica; font-size: 12px;\">\n<p><span style=\"font-size: 12px;\">Peltolan Ratsutila 2348988-1 (j\u00e4ljemp\u00e4n\u00e4 verkkokauppa) myy tuotteita yksityishenkil\u00f6ille, yrityksille ja yhteis\u00f6ille Suomeen. Pid\u00e4t\u00e4mme oikeuden toimitusehtojen ja hintojen muutoksiin. Tuotteiden hinnat sis\u00e4lt\u00e4v\u00e4t arvonlis\u00e4veron.<\/span><\/p>\n<p style=\"margin-right: 0px; margin-bottom: 0px; margin-left: 0px; font-stretch: normal; font-size: 12px; line-height: normal; font-family: 'Helvetica Neue'; min-height: 14px;\">\n<\/p><p style=\"margin-right: 0px; margin-bottom: 0px; margin-left: 0px; font-stretch: normal; font-size: 12px; line-height: normal; font-family: 'Helvetica Neue';\">Verkkokaupan yhteystiedot<\/p>\n<p style=\"margin-right: 0px; margin-bottom: 0px; margin-left: 0px; font-stretch: normal; font-size: 12px; line-height: normal; font-family: 'Helvetica Neue'; min-height: 14px;\">\n<\/p><p style=\"margin-right: 0px; margin-bottom: 0px; margin-left: 0px; font-stretch: normal; font-size: 12px; line-height: normal; font-family: 'Helvetica Neue'; color: #dca10d;\"><span style=\"color: #000000;\">S\u00e4hk\u00f6posti:<img decoding=\"async\" src=\"https:\/\/equestdream.com\/wp-content\/uploads\/2023\/06\/email.png\" alt=\"\" width=\"141\" height=\"20\"><\/span><\/p>\n<p style=\"margin-right: 0px; margin-bottom: 0px; margin-left: 0px; font-stretch: normal; font-size: 12px; line-height: normal; font-family: 'Helvetica Neue';\">Puhelin:&nbsp;<img decoding=\"async\" src=\"data:image\/png;base64,iVBORw0KGgoAAAANSUhEUgAAAMkAAAAaCAYAAAAdbHiEAAAAAXNSR0IArs4c6QAAAARnQU1BAACxjwv8YQUAAAAJcEhZcwAADsMAAA7DAcdvqGQAAAzoSURBVHhe7Zp\/TJRXusc\/e7nBuHZ6q3K9NKh74zQGjOOQGMCfN1KJDAQXlik6ekuH7iKNBXcFGmAFBVtQ5IpiBYzIVqbSMms7qIuF2s5IUyC7F68J7DYdljgT5ceKiOI6UAuVvPcPRmEOA4ywt7fZnU8yf8zzPe\/Mec85zznPOc\/5kSRJEm7cuJmUfxINbty4ccTtJG7cTIPbSdy4mQa3k7hxMw1uJ3HjZhp+uE7SWMCqNWFkNIqCGzffLz\/6wR4BNxaw6q16wo\/Wkb9BFP8GDPdgLMrl0OcW+myA5zyUEYnk7w3Gx1MsLNKJ7vUECs24UL9hGg7vJPHSIL5JZZx\/dYlYYCKPOjGWHae4zoL1wTDgiWxlAHv2JKJRzh8rZ2+j6Ziyjl0Gtm0vp20kmJI\/pLFR1J3R20Rhro7qlk5sw6Ntt8z\/ZZLS4glZ\/KTxOtG9lkBhu\/CsyHItde9r8Blve2ChWlfC+0\/fH1DGU3da7VjOZkZ\/rISyRnsfenji5RdAgthOs+Qf00lGOtHFJ1DYPp\/AbWo0KxfQ91UNZefN9C3XcrFcwzIP8aExrJVJRJ2ywMg0AxCwNRYQmV5P3wguOcnQV+Vsf8OA1cObQHUEmpUL4K8dXPitnoZbnmzMqqAkwj4Aes0Y\/9Qj\/sRTuq+WUGhayr7fHUOzSFTHtwPgqpM8caqFfmjjtqL8F+CvZvQVNTTfm4+29ENSlQDDWJubsNrEH7AzYkZ3oAZrdD5NacqnZtv1UmJ\/WYP1x0sIiQklXL5gVPBYiv8mOV5PCj66Rs4rB6i2LSE8QU3Ii54wfAdjZRW1FhzbabZIP1QajkiKIJWU3iAKs+duTbqkCFJL6fUDDvZv\/+e4FBykkl413HewO3CzSopZp5byilyo38NGKT1cJf2iqESKCVJJMec6xBITedwhGU5\/KnUNifYb0rtqlaQIKZFaBMkpj1ukvBCVpNh3VfpW1OxYziVKivAS6WiOSlIEHZG+FAs4oeWoWlIEpUuGh4Lw8FMpeZ1KUuQ0CoJz7hqSJUVQnPTun8cZ7\/xO+sU6lRS871Pp7uNxdifcvZgsKYJ2SEf\/JAhP2im2SuoSpJkywz1JJ7rXwlh1+BrYzOgyXmf9+jBWrQkjQJXEIVMPQ8IT3ZUJrFpTQINgB6BLz7ZJ9x\/DdJuKiP1pJKvWhLFqfSQvxxdh7LIvw89MP1\/WtcKLKuI2zXNQ5qzWkqCE1otX6HZQ7IxYOJmqo29LMntWi6LIILV5udQu0rIvyj4buoLHEqITQieGfB5y\/mPtPLAN8FCQnNF3WYfe5s2uV4OZI4oA5nISi3sI\/7WWQFGbgocDg\/DiS6yQCYJsBUo50HufPkGawEgrZb8xwyYNccvHzM0VOpp\/HMzBrFC8pljJAYZsA8BL+MkFwUOOvwK47UI9XGSGTmLnZg0pmgwuzA0l8+00jmVr2bywE33m68RWdoqlZ4T1NylEnejAP24vx\/LSOJYazPPtV0jZnkF1r1jaFW7wxxbA3w9fUWI+\/v7zof1rWh+JGrQWpXPmUTAH09YjjhGRvkv7yWiQk\/rO1KHbs\/BwYFA0TYKFqnNmUEaww0\/URgfpobcMDEWmc3CD40QxHX7+fnC7iU++EiapW1f5pB181\/qPhUSTMPSFAf29eWhiQse1YyvGzweRqULZONehuFN8FP54cQ2jqd9RsDXxSSPINiid9O\/MmJ2TtF6ja0cxF7M1hG8OJiRMQ\/77p9m3GtqKj6Of0SB2pK13Kcc+OEZqdDAhm4MJid7LxeOhyEbM6E2Tx+OTcruDr0fAV75UVACQvbAA6OHuPUe7rbGA5I9k7DqaNn0n3tLzZoGZkOwjaBeL4gwZaaWhEdgcMO3MP2TScaZrHuGxW50M2EEact9BP1dNaVqA81VmCrwikslZa0P3RhyJZU10PxrGaioiKlZP35a9lO6Yes8FFspOXYPlr6Advxp3mWmxQZDiJfq+KCV++1jkEPXL0omRg1JLfow3xtw4ogqu0PZgmL7rehL\/MxfTMg2lKeuf+d0mY3ZOQgBxaqFRPLzR\/DwUGWaMvxe8fAb4RKjZKE7bqwPYCLS1WwTBBUa+Ey0O+CxZCgzwcPyG09ZE3uF6vJLeZo+zmXk8I53ocnT0bcni4JZnm6Wnoq2sCP03clJ3TxI+PaUTve4aLN5K3AYxZgNbYwnZn3mTWhiP70xWOI8lRB\/XUb7jOZrfyyUsOJKozEZ8s85y9W0XwqRGA\/ouCNFGO55UdXbQBnRVpRN2rANlXBbnLxRTnhWNz80aUranoLs1\/oF5BKaepS5bycPqIrapInk5UcfdiGIaT2tRimNmFszOSeRyfJ3Nqv8uxw8w3+gQlWdGqRCDzu+bQYz\/dZzaRVryp50lwVr5DoW9wRxMmT4kcxVrVRKxOhvhR1xYma4bKGuHkIRXJoYbtibyDtbjtTsd7U9E0VUGaT6RTGLlHXzCtOSnbSVw8XfUHniDqBPXsI2I5cfTz4Vz9dgWq0nYJDiw\/bk2NvDbC\/nsCQvA90U5gWFaSj7YSwgWCsvqHfa61ksZxOZeg9Vb2ZetJdzPk7b3kgh7y4B1pltWJ8zOSTzmOJ\/VFi7AC7ANDIjK\/z9z5\/G8aBtHd2cH8BzP20d436X9pJi8XdtbtJYSf+o+0Vl7J65+M8R6KYP4E534\/uo4+dPuH\/qpfu8KNlkoms1i2X6qM3KpXRzP8WmOoaeitVBL\/HlPXiv\/cDTMjn6T8o8\/oi4rgIfnDxCZ28Rkp760VlHWCsqd6klXsXCtk3aWhRK+GWg202Y39V1KIerwDfyzz3K15E00YRryz16i6bQGn+Zyot7QY53SYV1ndk4yMjThFAuA2z1YAZ9F3qLinJujS+33wkJvFntAm8X5Kmd7cB\/w5l8XAveukF1gZllYKD5\/rsdoGvdpGd0PdbeMfm\/rNVO4rwZb4FYCv2lyLPv7G9gAW3szRlM9zbdcm+aslzKIP3wDv18Xc86FVQyzgTPXwVerJlAYaH2Xj5Bz3ZvoqAWYx9fNVE\/zXwB6aDbVYzSZJz8VenQF3UeD+LyazJ6V453QE5+ILEq13vTVVVF9e5z0lEFqq2rokwWTEOYkfyF7bnTl\/WdRGGWOB+NO9ixUVZhh0y4Ob3EcYzKllvLsADDreL\/ZQZoxs3MSi4U2J6dAWCy0AX5ysWMnbogB+u7NYAM+Y5QEbgRaxmalMfppaemH5StQzgUe9XN3BKyXS0nJLHD8VJoBaK0c\/V7Rfp+792CoWU+GWLawiW6g+7NyUjILONpwR\/zjCVirkth++Ab+bxdTEim2ozOGMVYa6PYIIEHcJwJDD+4DPVQfFuqWWYCuFcCMLrOAlMwaRt\/MCff66QJksol7HQDf5XJg+Gno5ED7x5z8Anxi1M4PPpb7EeQBrS3O\/r2fu72A\/N\/s+5geum8Dc59zGsnMeUnOMuBbZ\/WYCWLixDU6pIpYlaQIUkkxFUKC7HGHVBGnkhTr9kuffzNmHk3+qKTkK44JPOlxh1Rm\/y2HxNyUycRGKT1ITFwNSC2GEuld4+1Jk2dP+Na432kyUfr6jKRyNek3Zf0EOqtcTyZKQ5KlItFevymSmiL2\/wg+6lKq0YEvXU0mPm6U0tepJEX6p5KYS5SkAenz\/eoJ\/T7KkPRljlpSrEuWDHdEbYz\/PqKWFOsSpYqbgnCzQooJUkmq0zfsBvv4U5+RzE6SjpaKXRMTlbNgdivJygAWn08i6qCeWlM9RpOBQ68lUWgG3927CBk3Y3ht2UH0QjAeTCKj8sroUl+nJ2NnAlUecseTjpnQVUNeQQ1nMnPRO13ux5izOZmctd9Rm7mL+BMGjKZ6aitziYo30L1oK5muhDb\/R3RXpRB1ysKyCC0hIy2OYduTj3niqWHzhx\/Thh8JsWNXPP7meKxnT5IcvigiMr4Uvame5uutGE0GChN3kfLZ4IR+B6C3hrK6QWSRWqKdXY+xE7g7mfAXLBTGJjwdI7WVuUTt1NO2MJh9O54c4ixBszsYry4D23bmoqurp+F6Kw2mK+gOJrD9VCdeYfEOicrZMEkE6CLDK0j6QE1DfhF5B3qwjYDsJ35o89NI3STsR+YGkHM2C1luOdWniqgdgTkvyNmccIxL0ffJW5PrWP5ZWSjHfxG0sQL\/KTpilPlEHz3N88UFFF8uJ6XKfsFxSzznUtQoxY3j94jVfqxtvVxKymVRtROWxR+z14997zVwsnoQWZian0377rPDZ0cxTSsM5J00cPJAzehplv1i4b7Tzi8WNldU0coSUndO48Cy9eRfOEtIUS6HdEXU2gDZfJSRadQJF0\/nrE2j7uMAiguqKDvcNHrREk9kcjmavLMkbfZ2GorNhBlecLTf8MTJDU43bv7OmF245cbNPwBuJ3HjZhrcTuLGzTS4ncSNm2n4XwFjGXyDYHvJAAAAAElFTkSuQmCC\" alt=\"\" style=\"font-family: Helvetica;\"><\/p>\n<p style=\"margin-right: 0px; margin-bottom: 0px; margin-left: 0px; font-stretch: normal; font-size: 12px; line-height: normal; font-family: 'Helvetica Neue';\">Postiosoite: Kinnarsalmentie 3, 59410 Kirjavala<\/p>\n<p style=\"margin-right: 0px; margin-bottom: 0px; margin-left: 0px; font-stretch: normal; font-size: 12px; line-height: normal; font-family: 'Helvetica Neue'; min-height: 14px;\">\n<\/p><p style=\"margin-right: 0px; margin-bottom: 0px; margin-left: 0px; font-stretch: normal; font-size: 12px; line-height: normal; font-family: 'Helvetica Neue';\">Tilaaminen<\/p>\n<p style=\"margin-right: 0px; margin-bottom: 0px; margin-left: 0px; font-stretch: normal; font-size: 12px; line-height: normal; font-family: 'Helvetica Neue'; min-height: 14px;\">\n<\/p><p style=\"margin-right: 0px; margin-bottom: 0px; margin-left: 0px; font-stretch: normal; font-size: 12px; line-height: normal; font-family: 'Helvetica Neue';\">Tilattavat tuotteet valitaan verkkosivuilla lis\u00e4\u00e4m\u00e4ll\u00e4 ne ostoskoriin. Tilaus l\u00e4hetet\u00e4\u00e4n maksamalla ostoskorin sis\u00e4lt\u00f6 verkkokaupan kassatoiminnossa. Tehdess\u00e4si tilauksen hyv\u00e4ksyt n\u00e4m\u00e4 toimitusehdot, tuotteiden hinnat sek\u00e4 toimituskulut. Mik\u00e4li tilaushetkell\u00e4 annetaan s\u00e4hk\u00f6postiosoite, tilauksesta l\u00e4hetet\u00e4\u00e4n tilausvahvistus s\u00e4hk\u00f6postitse. Tilausvahvistuksesta ilmenev\u00e4t tilatut tuotteet sek\u00e4 hinta.<\/p>\n<p style=\"margin-right: 0px; margin-bottom: 0px; margin-left: 0px; font-stretch: normal; font-size: 12px; line-height: normal; font-family: 'Helvetica Neue'; min-height: 14px;\">\n<\/p><p style=\"margin-right: 0px; margin-bottom: 0px; margin-left: 0px; font-stretch: normal; font-size: 12px; line-height: normal; font-family: 'Helvetica Neue';\">Maksaminen<\/p>\n<p style=\"margin-right: 0px; margin-bottom: 0px; margin-left: 0px; font-stretch: normal; font-size: 12px; line-height: normal; font-family: 'Helvetica Neue'; min-height: 14px;\">\n<\/p><p style=\"margin-right: 0px; margin-bottom: 0px; margin-left: 0px; font-stretch: normal; font-size: 12px; line-height: normal; font-family: 'Helvetica Neue';\">Verkkokaupan maksuv\u00e4litt\u00e4j\u00e4n\u00e4 toimii Visma Pay (Visma Payments Oy, y-tunnus 2486559-4), joka on rekister\u00f6ity Finanssivalvonnan yll\u00e4pit\u00e4m\u00e4\u00e4n maksulaitosrekisteriin. Maksamiseen siirryt\u00e4\u00e4n Visma Payn verkkopalvelun kautta ja tiliotteella ja laskulla maksun saajana n\u00e4kyy Visma Pay tai Visma Payments Oy. Visma Pay v\u00e4litt\u00e4\u00e4 maksut verkkokauppiaalle. Maksaminen on turvallista, sill\u00e4 kaikki maksutapahtumaa koskevat tiedot v\u00e4litet\u00e4\u00e4n salattua yhteytt\u00e4 k\u00e4ytt\u00e4en niin ettei kukaan ulkopuolinen taho n\u00e4e maksutapahtuman tietoja.<\/p>\n<p style=\"margin-right: 0px; margin-bottom: 0px; margin-left: 0px; font-stretch: normal; font-size: 12px; line-height: normal; font-family: 'Helvetica Neue'; min-height: 14px;\">Kauppa syntyy verkkokaupan asiakkaan ja verkkokaupan v\u00e4lille. Verkkokaupan vastuulla ovat kaikki kauppaan liittyv\u00e4t velvoitteet.<\/p>\n<p style=\"margin-right: 0px; margin-bottom: 0px; margin-left: 0px; font-stretch: normal; font-size: 12px; line-height: normal; font-family: 'Helvetica Neue'; color: #dca10d;\"><span style=\"color: #000000;\">Lue lis\u00e4\u00e4 Visma Paysta: <a href=\"https:\/\/www.visma.fi\/vismapay\/\"><span style=\"text-decoration: underline;\">https:\/\/www.visma.fi\/vismapay\/<\/span><\/a><\/span><\/p>\n<\/div>\n<div dir=\"auto\" style=\"caret-color: #000000; color: #000000; font-family: Helvetica; font-size: 12px;\">\n<p style=\"margin-right: 0px; margin-bottom: 0px; margin-left: 0px; font-stretch: normal; font-size: 12px; line-height: normal; font-family: 'Helvetica Neue';\">Maksutavat<\/p>\n<p style=\"margin-right: 0px; margin-bottom: 0px; margin-left: 0px; font-stretch: normal; font-size: 12px; line-height: normal; font-family: 'Helvetica Neue'; min-height: 14px;\">\n<\/p><p style=\"margin-right: 0px; margin-bottom: 0px; margin-left: 0px; font-stretch: normal; font-size: 12px; line-height: normal; font-family: 'Helvetica Neue';\">Visma Pay -palvelun kautta voit maksaa verkkopankkitunnuksilla, lompakolla, maksukorteilla (credit\/debit), laskulla tai osamaksulla. K\u00e4ytett\u00e4viss\u00e4 ovat seuraavat maksutavat: Osuuspankki, Nordea, Danske Bank, Oma S\u00e4\u00e4st\u00f6pankki, S\u00e4\u00e4st\u00f6pankki, Aktia, Paikallisosuuspankit, S-Pankki, Handelsbanken, \u00c5landsbanken, MobilePay, Masterpass, Pivo, Visa-, Visa Debit-, Visa Electron-, MasterCard- ja Debit MasterCard -kortit, sek\u00e4 Jousto, Alisa Lasku ja Alisa Yrityslasku.<\/p>\n<p style=\"margin-right: 0px; margin-bottom: 0px; margin-left: 0px; font-stretch: normal; font-size: 12px; line-height: normal; font-family: 'Helvetica Neue'; min-height: 14px;\">\n<\/p><p style=\"margin-right: 0px; margin-bottom: 0px; margin-left: 0px; font-stretch: normal; font-size: 12px; line-height: normal; font-family: 'Helvetica Neue';\">MobilePay: Voit maksaa MobilePay-lompakollasi mik\u00e4li olet sallinut verkkokaupoissa maksamisen sovelluksen asetuksista. MobilePay-lompakolla suoritetut maksut veloitetaan lompakkoon liitetylt\u00e4 maksukortilta. Mik\u00e4li maksun veloittaminen maksukortilta ep\u00e4onnistuu, MobilePay-lompakolla maksaminen ei ole mahdollista verkkokaupassa.<\/p>\n<p style=\"margin-right: 0px; margin-bottom: 0px; margin-left: 0px; font-stretch: normal; font-size: 12px; line-height: normal; font-family: 'Helvetica Neue'; min-height: 14px;\">\n<\/p><p style=\"margin-right: 0px; margin-bottom: 0px; margin-left: 0px; font-stretch: normal; font-size: 12px; line-height: normal; font-family: 'Helvetica Neue';\">Pivo: K\u00e4ytt\u00f6ehdot ovat tarjolla Pivon sivuilla: <a href=\"https:\/\/pivo.fi\/kayttoehdot\/pivon-kayttoehdot\/\"><span style=\"text-decoration: underline; color: #dca10d;\">https:\/\/pivo.fi\/kayttoehdot\/pivon-kayttoehdot\/<\/span><\/a><\/p>\n<p style=\"margin-right: 0px; margin-bottom: 0px; margin-left: 0px; font-stretch: normal; font-size: 12px; line-height: normal; font-family: 'Helvetica Neue'; min-height: 14px;\">\n<\/p><p style=\"margin-right: 0px; margin-bottom: 0px; margin-left: 0px; font-stretch: normal; font-size: 12px; line-height: normal; font-family: 'Helvetica Neue';\">Jousto lasku ja osamaksu on kotimainen palvelu, jolla teet ostoksesi nopeasti ja turvallisesti. Jousto on tarkoitettu yksityishenkil\u00f6ille, jotka ovat hoitaneet raha-asiansa moitteettomasti. Joustolla saat 30 vuorokautta korotonta ja kulutonta maksuaikaa. Laskun saatuasi voit p\u00e4\u00e4tt\u00e4\u00e4 maksatko sen kokonaan vai osissa. Osamaksulla voit maksaa ostoksesi jopa 36:ssa er\u00e4ss\u00e4, alkaen 9,90 eur\/kk. Jousto osamaksun kustannukset ovat 3,90 eur\/kk ja 19,90%:n luottokorko. Voit maksaa Joustolla 30\u20133000 euron ostoksia. Luotonmy\u00f6nt\u00e4j\u00e4n\u00e4 toimii Aurajoki Nordic Oy. Lue lis\u00e4\u00e4 Joustosta osoitteessa <a href=\"http:\/\/www.jousto.com\/\"><span style=\"text-decoration: underline; color: #dca10d;\">www.jousto.com<\/span><\/a>.<\/p>\n<p style=\"margin-right: 0px; margin-bottom: 0px; margin-left: 0px; font-stretch: normal; font-size: 12px; line-height: normal; font-family: 'Helvetica Neue'; min-height: 14px;\">\n<\/p><p style=\"margin-right: 0px; margin-bottom: 0px; margin-left: 0px; font-stretch: normal; font-size: 12px; line-height: normal; font-family: 'Helvetica Neue';\">OP Lasku &#8211; Joustava tapa maksaa verkko-ostokset. Kaikkien pankkien asiakkaille. OP Laskulla voit tehd\u00e4 enint\u00e4\u00e4n 5 000 euron suuruisia ostoksia ja maksaa ne korottomasti pois 45 vuorokauden sis\u00e4ll\u00e4. Halutessasi voit pilkkoa laskun useampaan maksuer\u00e4\u00e4n. Ostoksesi n\u00e4kyv\u00e4t yhdess\u00e4 paikassa, joten pysyt helposti perill\u00e4 rahan k\u00e4yt\u00f6st\u00e4. Luottorajan avulla pid\u00e4t kulutuksen haluamissasi rajoissa. Saat laskut k\u00e4tev\u00e4sti s\u00e4hk\u00f6postiisi. Verkkopalvelussamme n\u00e4et tietoja OP Laskun k\u00e4yt\u00f6st\u00e4si ja tekemiesi ostosten summan. Voit k\u00e4ytt\u00e4\u00e4 OP Laskua, jos olet maksukykyinen yli 20-vuotias, ja sinulla on suomalaisen pankin verkkotunnukset. Lis\u00e4tietoja OP Laskuun liittyen l\u00f6yd\u00e4t osoitteesta: <a href=\"https:\/\/www.op.fi\/henkiloasiakkaat\/paivittaiset\/maksaminen\/op-lasku\"><span style=\"text-decoration: underline; color: #dca10d;\">https:\/\/www.op.fi\/henkiloasiakkaat\/paivittaiset\/maksaminen\/op-lasku<\/span><\/a><\/p>\n<p style=\"margin-right: 0px; margin-bottom: 0px; margin-left: 0px; font-stretch: normal; font-size: 12px; line-height: normal; font-family: 'Helvetica Neue'; min-height: 14px;\">\n<\/p><p style=\"margin-right: 0px; margin-bottom: 0px; margin-left: 0px; font-stretch: normal; font-size: 12px; line-height: normal; font-family: 'Helvetica Neue';\">Alisa Lasku on joustava ja turvallinen maksutapa. Maksutapa sopii kaikille yli 20-vuotiaille kuluttajille kaiken tyyppisiin ostoksiin. Halutessasi voit jakaa laskun pienempiin osiin ja maksaa takaisin jopa 60 er\u00e4ss\u00e4. Lis\u00e4tietoja Alisa Laskuun liittyen l\u00f6yd\u00e4t osoitteesta: <a href=\"https:\/\/www.alisapankki.fi\/\"><span style=\"text-decoration: underline; color: #dca10d;\">https:\/\/www.alisapankki.fi\/<\/span><\/a><\/p>\n<p style=\"margin-right: 0px; margin-bottom: 0px; margin-left: 0px; font-stretch: normal; font-size: 12px; line-height: normal; font-family: 'Helvetica Neue'; min-height: 14px;\">\n<\/p><p style=\"margin-right: 0px; margin-bottom: 0px; margin-left: 0px; font-stretch: normal; font-size: 12px; line-height: normal; font-family: 'Helvetica Neue';\">Alisa Yrityslasku on joustava ja turvallinen maksutapa yrityksille. Maksutapa sopii kaikille suomalaisille yrityksille yhti\u00f6muodosta riippumatta. Ostajan osto-oikeus varmennetaan kokonaan digitaalisesti ja ostotapahtuma vie vain muutaman minuutin. Yritys voi itse valita sopivan maksuajan kolmesta eri vaihtoehdosta: 14 p\u00e4iv\u00e4\u00e4, 30 p\u00e4iv\u00e4\u00e4 tai 60 p\u00e4iv\u00e4\u00e4. Lis\u00e4tietoja Alisa Yrityslaskuun liittyen l\u00f6yd\u00e4t osoitteesta: <a href=\"https:\/\/www.alisapankki.fi\/\"><span style=\"text-decoration: underline; color: #dca10d;\">https:\/\/www.alisapankki.fi\/<\/span><\/a><\/p>\n<p style=\"margin-right: 0px; margin-bottom: 0px; margin-left: 0px; font-stretch: normal; font-size: 12px; line-height: normal; font-family: 'Helvetica Neue'; min-height: 14px;\">\n<\/p><p style=\"margin-right: 0px; margin-bottom: 0px; margin-left: 0px; font-stretch: normal; font-size: 12px; line-height: normal; font-family: 'Helvetica Neue';\">Visma Pay -maksupalvelun yhteystiedot<\/p>\n<p style=\"margin-right: 0px; margin-bottom: 0px; margin-left: 0px; font-stretch: normal; font-size: 12px; line-height: normal; font-family: 'Helvetica Neue'; min-height: 14px;\">\n<\/p><p style=\"margin-right: 0px; margin-bottom: 0px; margin-left: 0px; font-stretch: normal; font-size: 12px; line-height: normal; font-family: 'Helvetica Neue';\">Visma Payments Oy (Y-tunnus 2486559-4)<\/p>\n<p style=\"margin-right: 0px; margin-bottom: 0px; margin-left: 0px; font-stretch: normal; font-size: 12px; line-height: normal; font-family: 'Helvetica Neue'; color: #dca10d;\"><span style=\"color: #000000;\">S\u00e4hk\u00f6posti: <a href=\"mailto:helpdesk@vismapay.com\"><span style=\"text-decoration: underline;\">helpdesk@vismapay.com<\/span><\/a><\/span><\/p>\n<p style=\"margin-right: 0px; margin-bottom: 0px; margin-left: 0px; font-stretch: normal; font-size: 12px; line-height: normal; font-family: 'Helvetica Neue';\">Puhelin: 09 315 42 037 (arkisin klo 9-16)<\/p>\n<p style=\"margin-right: 0px; margin-bottom: 0px; margin-left: 0px; font-stretch: normal; font-size: 12px; line-height: normal; font-family: 'Helvetica Neue';\">Postiosoite: Brahenkatu 4, 53100 Lappeenranta<\/p>\n<p style=\"margin-right: 0px; margin-bottom: 0px; margin-left: 0px; font-stretch: normal; font-size: 12px; line-height: normal; font-family: 'Helvetica Neue'; min-height: 14px;\">\n<\/p><p style=\"margin-right: 0px; margin-bottom: 0px; margin-left: 0px; font-stretch: normal; font-size: 12px; line-height: normal; font-family: 'Helvetica Neue';\">Toimitus<\/p>\n<p style=\"margin-right: 0px; margin-bottom: 0px; margin-left: 0px; font-stretch: normal; font-size: 12px; line-height: normal; font-family: 'Helvetica Neue'; min-height: 14px;\">\n<\/p><p style=\"margin-right: 0px; margin-bottom: 0px; margin-left: 0px; font-stretch: normal; font-size: 12px; line-height: normal; font-family: 'Helvetica Neue';\">Tilauksia postitetaan arkip\u00e4ivisin. Varastosta toimitettavien tuotteiden toimitusaika on yleens\u00e4 3-5 arkip\u00e4iv\u00e4\u00e4. Mik\u00e4li toimitettavat tuotteet ovat tilaustuotteita, toimitusaika on yleens\u00e4 1-3 viikkoa. Ennakkotilaustuotteissa toimitusaika tiedotetaan asiakkaalle erikseen s\u00e4hk\u00f6postilla. Toimituskulut m\u00e4\u00e4r\u00e4ytyv\u00e4t valitun toimitustavan, mahdollisten lis\u00e4palvelujen, tilauksen painon ja koon mukaan. N\u00e4et toimituskulut verkkokaupan kassatoiminnossa ennen tilauksen lopullista hyv\u00e4ksymist\u00e4.<\/p>\n<p style=\"margin-right: 0px; margin-bottom: 0px; margin-left: 0px; font-stretch: normal; font-size: 12px; line-height: normal; font-family: 'Helvetica Neue'; min-height: 14px;\">\n<\/p><p style=\"margin-right: 0px; margin-bottom: 0px; margin-left: 0px; font-stretch: normal; font-size: 12px; line-height: normal; font-family: 'Helvetica Neue';\">Mik\u00e4li tuote on kadonnut tai vioittunut toimituksen aikana, tulee t\u00e4st\u00e4 ilmoittaa viipym\u00e4tt\u00e4, mutta kuitenkin 14 vuorokauden kuluessa verkkokaupalle. Toimituksessa vioittuneista paketeista tulee viipym\u00e4tt\u00e4 ilmoittaa toimituksesta vastanneelle yhti\u00f6lle.&nbsp;<\/p>\n<p style=\"margin-right: 0px; margin-bottom: 0px; margin-left: 0px; font-stretch: normal; font-size: 12px; line-height: normal; font-family: 'Helvetica Neue'; min-height: 14px;\">\n<\/p><p style=\"margin-right: 0px; margin-bottom: 0px; margin-left: 0px; font-stretch: normal; font-size: 12px; line-height: normal; font-family: 'Helvetica Neue';\">Palautukset<\/p>\n<p style=\"margin-right: 0px; margin-bottom: 0px; margin-left: 0px; font-stretch: normal; font-size: 12px; line-height: normal; font-family: 'Helvetica Neue'; min-height: 14px;\">\n<\/p><p style=\"margin-right: 0px; margin-bottom: 0px; margin-left: 0px; font-stretch: normal; font-size: 12px; line-height: normal; font-family: 'Helvetica Neue';\">Verkkokaupan asiakkaalla on kuluttajansuojalain mukainen 14 vuorokauden vaihto- ja palautusoikeus. Asiakkaalla on oikeus vaihtaa tai palauttaa osa tai kaikki tilauksen tuotteet. Palautettavat tai vaihdettavat tuotteet tulee olla alkuper\u00e4ispakkauksessa ja myyntikuntoisia. Halutessasi palauttaa tai vaihtaa tuotteita, ota ensin yhteytt\u00e4 verkkokauppaan ja kysy palautusohjeita. Liit\u00e4th\u00e4n palautukseen mukaan nimesi, yhteystietosi sek\u00e4 tilinumerosi mahdollista maksunpalautusta varten.<\/p>\n<p style=\"margin-right: 0px; margin-bottom: 0px; margin-left: 0px; font-stretch: normal; font-size: 12px; line-height: normal; font-family: 'Helvetica Neue'; min-height: 14px;\">\n<\/p><p style=\"margin-right: 0px; margin-bottom: 0px; margin-left: 0px; font-stretch: normal; font-size: 12px; line-height: normal; font-family: 'Helvetica Neue';\">Tilauksen peruuttaminen, virhevastuu ja reklamaatiot<\/p>\n<p style=\"margin-right: 0px; margin-bottom: 0px; margin-left: 0px; font-stretch: normal; font-size: 12px; line-height: normal; font-family: 'Helvetica Neue'; min-height: 14px;\">\n<\/p><p style=\"margin-right: 0px; margin-bottom: 0px; margin-left: 0px; font-stretch: normal; font-size: 12px; line-height: normal; font-family: 'Helvetica Neue';\">Ennen tilauksen toimitusta tilauksen voi peruuttaa kirjallisella ilmoituksella s\u00e4hk\u00f6postitse.<\/p>\n<p style=\"margin-right: 0px; margin-bottom: 0px; margin-left: 0px; font-stretch: normal; font-size: 12px; line-height: normal; font-family: 'Helvetica Neue'; min-height: 14px;\">\n<\/p><p style=\"margin-right: 0px; margin-bottom: 0px; margin-left: 0px; font-stretch: normal; font-size: 12px; line-height: normal; font-family: 'Helvetica Neue';\">Verkkokaupalla on lakis\u00e4\u00e4teinen virhevastuu myydyist\u00e4 tuotteista. Reklamaatiotapauksissa pyyd\u00e4mme olemaan yhteydess\u00e4 asiakaspalveluumme. Kuluttajalla on oikeus vied\u00e4 mahdolliset riitatilanteet kuluttajariitalautakunnan ratkaistavaksi.<\/p>\n<\/div>\n<div dir=\"auto\" style=\"caret-color: #000000; color: #000000; font-family: Helvetica; font-size: 12px;\">\n<blockquote style=\"margin: 0px 0px 0px 0.8ex; border-left-width: 1px; border-left-color: #cccccc; padding-left: 1ex;\">\n<div style=\"word-wrap: break-word; line-break: after-white-space;\">&nbsp;<\/div>\n<\/blockquote>\n<\/div>\n<p><!-- \/wp:paragraph --><\/p>\t\t\t\t\t\t\t\t<\/div>\n\t\t\t\t<\/div>\n\t\t\t\t\t<\/div>\n\t\t<\/div>\n\t\t\t\t\t<\/div>\n\t\t<\/section>\n\t\t\t\t<\/div>\n\t\t","protected":false},"excerpt":{"rendered":"<p>Peltolan Ratsutila 2348988-1 (j\u00e4ljemp\u00e4n\u00e4 verkkokauppa) myy tuotteita yksityishenkil\u00f6ille, yrityksille ja yhteis\u00f6ille Suomeen. Pid\u00e4t\u00e4mme oikeuden toimitusehtojen ja hintojen muutoksiin. Tuotteiden hinnat sis\u00e4lt\u00e4v\u00e4t arvonlis\u00e4veron. Verkkokaupan yhteystiedot S\u00e4hk\u00f6posti: Puhelin:&nbsp; Postiosoite: Kinnarsalmentie 3, 59410 Kirjavala Tilaaminen Tilattavat tuotteet valitaan verkkosivuilla lis\u00e4\u00e4m\u00e4ll\u00e4 ne ostoskoriin. Tilaus l\u00e4hetet\u00e4\u00e4n maksamalla ostoskorin sis\u00e4lt\u00f6 verkkokaupan kassatoiminnossa. Tehdess\u00e4si tilauksen hyv\u00e4ksyt n\u00e4m\u00e4 toimitusehdot, tuotteiden hinnat sek\u00e4 toimituskulut. [&hellip;]<\/p>\n","protected":false},"author":11,"featured_media":0,"parent":0,"menu_order":0,"comment_status":"closed","ping_status":"closed","template":"","meta":{"footnotes":""},"class_list":["post-9","page","type-page","status-publish","hentry"],"_links":{"self":[{"href":"https:\/\/equestdream.com\/fi\/wp-json\/wp\/v2\/pages\/9","targetHints":{"allow":["GET"]}}],"collection":[{"href":"https:\/\/equestdream.com\/fi\/wp-json\/wp\/v2\/pages"}],"about":[{"href":"https:\/\/equestdream.com\/fi\/wp-json\/wp\/v2\/types\/page"}],"author":[{"embeddable":true,"href":"https:\/\/equestdream.com\/fi\/wp-json\/wp\/v2\/users\/11"}],"replies":[{"embeddable":true,"href":"https:\/\/equestdream.com\/fi\/wp-json\/wp\/v2\/comments?post=9"}],"version-history":[{"count":6,"href":"https:\/\/equestdream.com\/fi\/wp-json\/wp\/v2\/pages\/9\/revisions"}],"predecessor-version":[{"id":4727,"href":"https:\/\/equestdream.com\/fi\/wp-json\/wp\/v2\/pages\/9\/revisions\/4727"}],"wp:attachment":[{"href":"https:\/\/equestdream.com\/fi\/wp-json\/wp\/v2\/media?parent=9"}],"curies":[{"name":"wp","href":"https:\/\/api.w.org\/{rel}","templated":true}]}}