{"id":3,"date":"2023-06-14T08:41:03","date_gmt":"2023-06-14T05:41:03","guid":{"rendered":"http:\/\/equestdream.com\/?page_id=3"},"modified":"2025-12-05T12:24:36","modified_gmt":"2025-12-05T10:24:36","slug":"privacy-policy-tietosuojaseloste","status":"publish","type":"page","link":"https:\/\/equestdream.com\/fi\/privacy-policy-tietosuojaseloste\/","title":{"rendered":"Tietosuoja"},"content":{"rendered":"\t\t<div data-elementor-type=\"wp-page\" data-elementor-id=\"3\" class=\"elementor elementor-3\" data-elementor-post-type=\"page\">\n\t\t\t\t<div class=\"elementor-element elementor-element-269ab46 e-flex e-con-boxed e-con e-parent\" data-id=\"269ab46\" data-element_type=\"container\" data-e-type=\"container\">\n\t\t\t\t\t<div class=\"e-con-inner\">\n\t\t\t\t<div class=\"elementor-element elementor-element-93a28f5 elementor-widget elementor-widget-text-editor\" data-id=\"93a28f5\" data-element_type=\"widget\" data-e-type=\"widget\" data-widget_type=\"text-editor.default\">\n\t\t\t\t<div class=\"elementor-widget-container\">\n\t\t\t\t\t\t\t\t\t<p>1 Rekisterinpit\u00e4j\u00e4<\/p><p>Peltolan Ratsutila Oy<\/p><p>Kinnarsalmentie 3<\/p><p>59410 Kirjavala<\/p><p><img decoding=\"async\" class=\"alignnone size-full wp-image-597\" src=\"https:\/\/equestdream.com\/wp-content\/uploads\/2023\/06\/email.png\" alt=\"\" width=\"141\" height=\"20\" \/><\/p><p>2 Rekisteriin liittyv\u00e4t yhteydenotot asiakaspalveluun info@equestdream.com<\/p><p>3 Rekisterin nimi<\/p><p>Peltolan Ratsutila Oy asiakasrekisteri; verkkokauppa<\/p><p>4. Oikeusperuste ja henkil\u00f6tietojen k\u00e4sittelyn tarkoitus<\/p><p>Henkil\u00f6tietoja k\u00e4sitell\u00e4\u00e4n verkkokauppa asiakkaan toimeksiannon perusteella postimyynnin ja<\/p><p>tavarantoimituksen mahdollistamiseksi rekister\u00f6idyn antaman suostumuksen perusteella.<\/p><p>Tietoja ei k\u00e4ytet\u00e4 muuhun tarkoitukseen.<\/p><p>5. Rekisterin tietosis\u00e4lt\u00f6<\/p><p>Rekisteriss\u00e4 voidaan k\u00e4sitell\u00e4 seuraavia toimeksiantoon liittyvi\u00e4 ja niiden yhteydess\u00e4 kertyvi\u00e4 alla<\/p><p>lueteltuja henkil\u00f6tietoja<\/p><p>Rekisteriin tallennettavia tietoja ovat: henkil\u00f6n nimi, yritys\/organisaatio, yhteystiedot<\/p><p>(puhelinnumero, s\u00e4hk\u00f6postiosoite, osoite), tiedot tilatuista tuotteista ja niiden muutoksista,<\/p><p>laskutustiedot, muut asiakassuhteeseen ja tilattuihin palveluihin liittyv\u00e4t tiedot. Henkil\u00f6tietoja<\/p><p>s\u00e4ilytet\u00e4\u00e4n niin kauan kuin on tarpeen edell\u00e4 kuvattujen toimien (postimyynti\/laskutus)<\/p><p>mahdollistamiseksi.<\/p><p>Verkkosivuston vierailijoiden IP-osoitteita ja palvelun toiminnalle v\u00e4ltt\u00e4m\u00e4tt\u00f6mi\u00e4 ev\u00e4steit\u00e4<\/p><p>k\u00e4sitell\u00e4\u00e4n oikeutetun edun perusteella mm. tietoturvasta huolehtimiseksi ja sivuston vierailijoiden<\/p><p>tilastotietojen keruuta varten niiss\u00e4 tapauksissa, kun niiden voidaan katsoa olevan henkil\u00f6tietoja.<\/p><p>Kolmansien osapuolten ev\u00e4steille pyydet\u00e4\u00e4n tarvittaessa suostumus erikseen.<\/p><p>6. S\u00e4\u00e4nn\u00f6nmukaiset tietol\u00e4hteet<\/p><p>Rekisteriin tallennettavat tiedot saadaan asiakkaalta mm. www-lomakkeilla l\u00e4hetetyist\u00e4 viesteist\u00e4,<\/p><p>s\u00e4hk\u00f6postitse, puhelimitse, sosiaalisen median palvelujen kautta, sopimuksista,<\/p><p>asiakastapaamisista ja muista tilanteista, joissa asiakas luovuttaa omalla suostumuksellaan<\/p><p>tietojaan.<\/p><p>7. Tietojen s\u00e4\u00e4nn\u00f6nmukaiset luovutukset ja tietojen siirto EU:n tai ETA:n<\/p><p>ulkopuolelle<\/p><p>Tietoja ei luovuteta s\u00e4\u00e4nn\u00f6nmukaisesti muille tahoille. Tietoja voidaan julkaista silt\u00e4 osin kuin niin<\/p><p>on sovittu asiakkaan kanssa.<\/p><p>Tietoja voidaan siirt\u00e4\u00e4 rekisterinpit\u00e4j\u00e4n toimesta my\u00f6s EU:n tai ETA:n ulkopuolelle. Tietoja ei<\/p><p>siirret\u00e4 Yhdysvaltoihin ilman rekister\u00f6ityjen nimenomaista suostumusta.<\/p><p>Mik\u00e4li luovutat henkil\u00f6tietoja eri tahoille, kerro t\u00e4ss\u00e4 mahdolliset vastaanottajat tai<\/p><p>vastaanottajaryhm\u00e4t (my\u00f6s henkil\u00f6tietojen k\u00e4sittelij\u00e4t\/alihankkijat), niihin liittyv\u00e4t henkil\u00f6tietojen<\/p><p>k\u00e4sittelyn tarkoitukset sek\u00e4 siirto perusteet, jos tietoja siirret\u00e4\u00e4n EU:n ulkopuolelle.<\/p><p>8. Rekisterin suojauksen periaatteet<\/p><p>Rekisterin k\u00e4sittelyss\u00e4 noudatetaan huolellisuutta ja tietoj\u00e4rjestelmien avulla k\u00e4sitelt\u00e4v\u00e4t tiedot<\/p><p>suojataan asianmukaisesti. Kun rekisteritietoja s\u00e4ilytet\u00e4\u00e4n Internet-palvelimilla, niiden laitteiston<\/p><p>fyysisest\u00e4 ja digitaalisesta tietoturvasta huolehditaan asiaankuuluvasti. Rekisterinpit\u00e4j\u00e4 huolehtii<\/p><p>siit\u00e4, ett\u00e4 tallennettuja tietoja sek\u00e4 palvelimien k\u00e4ytt\u00f6oikeuksia ja muita henkil\u00f6tietojen<\/p><p>turvallisuuden kannalta kriittisi\u00e4 tietoja k\u00e4sitell\u00e4\u00e4n luottamuksellisesti ja vain niiden ty\u00f6ntekij\u00f6iden<\/p><p>toimesta, joiden ty\u00f6nkuvaan se kuuluu.<\/p><p>9. Tarkastusoikeus ja oikeus vaatia tiedon korjaamista<\/p><p>Jokaisella rekisteriss\u00e4 olevalla henkil\u00f6ll\u00e4 on oikeus tarkastaa rekisteriin tallennetut tietonsa ja<\/p><p>vaatia mahdollisen virheellisen tiedon korjaamista tai puutteellisen tiedon t\u00e4ydent\u00e4mist\u00e4. Mik\u00e4li<\/p><p>henkil\u00f6 haluaa tarkistaa h\u00e4nest\u00e4 tallennetut tiedot tai vaatia niihin oikaisua, pyynt\u00f6 tulee l\u00e4hett\u00e4\u00e4<\/p><p>kirjallisesti rekisterinpit\u00e4j\u00e4lle. Rekisterinpit\u00e4j\u00e4 voi pyyt\u00e4\u00e4 tarvittaessa pyynn\u00f6n esitt\u00e4j\u00e4\u00e4 todistamaan<\/p><p>henkil\u00f6llisyytens\u00e4. Rekisterinpit\u00e4j\u00e4 vastaa asiakkaalle EU:n tietosuoja-asetuksessa s\u00e4\u00e4detyss\u00e4<\/p><p>ajassa (p\u00e4\u00e4s\u00e4\u00e4nt\u00f6isesti kuukauden kuluessa).<\/p><p>10. Muut henkil\u00f6tietojen k\u00e4sittelyyn liittyv\u00e4t oikeudet<\/p><p>Rekisteriss\u00e4 olevalla henkil\u00f6ll\u00e4 on oikeus pyyt\u00e4\u00e4 h\u00e4nt\u00e4 koskevien henkil\u00f6tietojen poistamiseen<\/p><p>rekisterist\u00e4 (&#8221;oikeus tulla unohdetuksi&#8221;). Niin ik\u00e4\u00e4n rekister\u00f6idyill\u00e4 on muut EU:n yleisen<\/p><p>tietosuoja-asetuksen mukaiset oikeudet kuten henkil\u00f6tietojen k\u00e4sittelyn rajoittaminen tietyiss\u00e4<\/p><p>tilanteissa. Pyynn\u00f6t tulee l\u00e4hett\u00e4\u00e4 kirjallisesti rekisterinpit\u00e4j\u00e4lle. Rekisterinpit\u00e4j\u00e4 voi pyyt\u00e4\u00e4<\/p><p>tarvittaessa pyynn\u00f6n esitt\u00e4j\u00e4\u00e4 todistamaan henkil\u00f6llisyytens\u00e4. Rekisterinpit\u00e4j\u00e4 vastaa asiakkaalle<\/p><p>EU:n tietosuoja-asetuksessa s\u00e4\u00e4detyss\u00e4 ajassa (p\u00e4\u00e4s\u00e4\u00e4nt\u00f6isesti kuukauden kuluessa).<\/p><p>Peltolan Ratsutila Oy Y- tunnus: 2348988-1<\/p>\t\t\t\t\t\t\t\t<\/div>\n\t\t\t\t<\/div>\n\t\t\t\t\t<\/div>\n\t\t\t\t<\/div>\n\t\t\t\t<\/div>\n\t\t","protected":false},"excerpt":{"rendered":"<p>1 Rekisterinpit\u00e4j\u00e4 Peltolan Ratsutila Oy Kinnarsalmentie 3 59410 Kirjavala 2 Rekisteriin liittyv\u00e4t yhteydenotot asiakaspalveluun info@equestdream.com 3 Rekisterin nimi Peltolan Ratsutila Oy asiakasrekisteri; verkkokauppa 4. Oikeusperuste ja henkil\u00f6tietojen k\u00e4sittelyn tarkoitus Henkil\u00f6tietoja k\u00e4sitell\u00e4\u00e4n verkkokauppa asiakkaan toimeksiannon perusteella postimyynnin ja tavarantoimituksen mahdollistamiseksi rekister\u00f6idyn antaman suostumuksen perusteella. Tietoja ei k\u00e4ytet\u00e4 muuhun tarkoitukseen. 5. Rekisterin tietosis\u00e4lt\u00f6 Rekisteriss\u00e4 voidaan k\u00e4sitell\u00e4 seuraavia [&hellip;]<\/p>\n","protected":false},"author":11,"featured_media":0,"parent":0,"menu_order":0,"comment_status":"closed","ping_status":"closed","template":"","meta":{"footnotes":""},"class_list":["post-3","page","type-page","status-publish","hentry"],"_links":{"self":[{"href":"https:\/\/equestdream.com\/fi\/wp-json\/wp\/v2\/pages\/3","targetHints":{"allow":["GET"]}}],"collection":[{"href":"https:\/\/equestdream.com\/fi\/wp-json\/wp\/v2\/pages"}],"about":[{"href":"https:\/\/equestdream.com\/fi\/wp-json\/wp\/v2\/types\/page"}],"author":[{"embeddable":true,"href":"https:\/\/equestdream.com\/fi\/wp-json\/wp\/v2\/users\/11"}],"replies":[{"embeddable":true,"href":"https:\/\/equestdream.com\/fi\/wp-json\/wp\/v2\/comments?post=3"}],"version-history":[{"count":3,"href":"https:\/\/equestdream.com\/fi\/wp-json\/wp\/v2\/pages\/3\/revisions"}],"predecessor-version":[{"id":4723,"href":"https:\/\/equestdream.com\/fi\/wp-json\/wp\/v2\/pages\/3\/revisions\/4723"}],"wp:attachment":[{"href":"https:\/\/equestdream.com\/fi\/wp-json\/wp\/v2\/media?parent=3"}],"curies":[{"name":"wp","href":"https:\/\/api.w.org\/{rel}","templated":true}]}}