{"id":23,"date":"2023-06-14T13:18:17","date_gmt":"2023-06-14T10:18:17","guid":{"rendered":"http:\/\/equestdream.com\/?page_id=23"},"modified":"2025-04-21T14:03:53","modified_gmt":"2025-04-21T11:03:53","slug":"verkkokauppa-ratsukolle-equestdream","status":"publish","type":"page","link":"https:\/\/equestdream.com\/fi\/","title":{"rendered":"EquestDream"},"content":{"rendered":"\t\t<div data-elementor-type=\"wp-post\" data-elementor-id=\"23\" class=\"elementor elementor-23\" data-elementor-post-type=\"page\">\n\t\t\t\t<div class=\"elementor-element elementor-element-20827fd e-flex e-con-boxed e-con e-parent\" data-id=\"20827fd\" data-element_type=\"container\" data-e-type=\"container\" data-settings=\"{&quot;background_background&quot;:&quot;classic&quot;}\">\n\t\t\t\t\t<div class=\"e-con-inner\">\n\t\t\t\t<div class=\"elementor-element elementor-element-7dbe170 elementor-widget__width-inherit elementor-widget-tablet__width-inherit elementor--h-position-center elementor--v-position-middle elementor-arrows-position-inside elementor-pagination-position-inside elementor-widget elementor-widget-slides\" data-id=\"7dbe170\" data-element_type=\"widget\" data-e-type=\"widget\" data-settings=\"{&quot;transition&quot;:&quot;fade&quot;,&quot;navigation&quot;:&quot;both&quot;,&quot;autoplay&quot;:&quot;yes&quot;,&quot;pause_on_hover&quot;:&quot;yes&quot;,&quot;pause_on_interaction&quot;:&quot;yes&quot;,&quot;autoplay_speed&quot;:5000,&quot;infinite&quot;:&quot;yes&quot;,&quot;transition_speed&quot;:500}\" data-widget_type=\"slides.default\">\n\t\t\t\t<div class=\"elementor-widget-container\">\n\t\t\t\t\t\t\t\t\t<div class=\"elementor-swiper\">\n\t\t\t\t\t<div class=\"elementor-slides-wrapper elementor-main-swiper swiper\" role=\"region\" aria-roledescription=\"carousel\" aria-label=\"Slides\" dir=\"ltr\" data-animation=\"\">\n\t\t\t\t<div class=\"swiper-wrapper elementor-slides\">\n\t\t\t\t\t\t\t\t\t\t<div class=\"elementor-repeater-item-db42cbb swiper-slide\" role=\"group\" aria-roledescription=\"slide\"><div class=\"swiper-slide-bg\" role=\"img\" aria-label=\"kilpatakki_ v\"><\/div><div class=\"elementor-background-overlay\"><\/div><a class=\"swiper-slide-inner\" href=\"https:\/\/equestdream.com\/fi\/product\/ratsastushousut\/\"><div class=\"swiper-slide-contents\"><\/div><\/a><\/div><div class=\"elementor-repeater-item-6083651 swiper-slide\" role=\"group\" aria-roledescription=\"slide\"><div class=\"swiper-slide-bg\" role=\"img\" aria-label=\"Equestdream toppaloimi 200g\"><\/div><div class=\"elementor-background-overlay\"><\/div><a class=\"swiper-slide-inner\" href=\"https:\/\/equestdream.com\/en\/product\/toppaloimi\/\"><div class=\"swiper-slide-contents\"><\/div><\/a><\/div><div class=\"elementor-repeater-item-6b3a4a7 swiper-slide\" role=\"group\" aria-roledescription=\"slide\"><div class=\"swiper-slide-bg\" role=\"img\" aria-label=\"equestdream riipus\"><\/div><div class=\"elementor-background-overlay\"><\/div><a class=\"swiper-slide-inner\" href=\"https:\/\/equestdream.com\/en\/product\/vohveliloimi-ensimmainen-era-saapunut-copy\/\"><div class=\"swiper-slide-contents\"><div class=\"elementor-slide-description\">EVERYTHING ON SALE<\/div><div  class=\"elementor-button elementor-slide-button elementor-size-xs\">shop the look<\/div><\/div><\/a><\/div>\t\t\t\t<\/div>\n\t\t\t\t\t\t\t\t\t\t\t\t\t\t\t<div class=\"elementor-swiper-button elementor-swiper-button-prev\" role=\"button\" tabindex=\"0\" aria-label=\"Previous slide\">\n\t\t\t\t\t\t\t<i aria-hidden=\"true\" class=\"eicon-chevron-left\"><\/i>\t\t\t\t\t\t<\/div>\n\t\t\t\t\t\t<div class=\"elementor-swiper-button elementor-swiper-button-next\" role=\"button\" tabindex=\"0\" aria-label=\"Next slide\">\n\t\t\t\t\t\t\t<i aria-hidden=\"true\" class=\"eicon-chevron-right\"><\/i>\t\t\t\t\t\t<\/div>\n\t\t\t\t\t\t\t\t\t\t\t\t\t\t\t\t<div class=\"swiper-pagination\"><\/div>\n\t\t\t\t\t\t\t\t\t\t\t\t<\/div>\n\t\t\t\t<\/div>\n\t\t\t\t\t\t\t\t<\/div>\n\t\t\t\t<\/div>\n\t\t\t\t\t<\/div>\n\t\t\t\t<\/div>\n\t\t<div class=\"elementor-element elementor-element-1e7edc2f e-flex e-con-boxed e-con e-parent\" data-id=\"1e7edc2f\" data-element_type=\"container\" data-e-type=\"container\" data-settings=\"{&quot;background_background&quot;:&quot;classic&quot;}\">\n\t\t\t\t\t<div class=\"e-con-inner\">\n\t\t\t\t<div class=\"elementor-element elementor-element-125cc3a0 elementor-widget__width-inherit elementor-widget elementor-widget-heading\" data-id=\"125cc3a0\" data-element_type=\"widget\" data-e-type=\"widget\" data-widget_type=\"heading.default\">\n\t\t\t\t<div class=\"elementor-widget-container\">\n\t\t\t\t\t<h1 class=\"elementor-heading-title elementor-size-default\"><a href=\"https:\/\/equestdream.com\/equestdream-tuotteet-verkkokauppa\/\">Suomessa suunnitellut laadukkaat tuotteet hevoselle ja ratsastajalle<\/a><\/h1>\t\t\t\t<\/div>\n\t\t\t\t<\/div>\n\t\t\t\t<div class=\"elementor-element elementor-element-9c7e7f7 elementor-widget__width-inherit elementor-widget elementor-widget-heading\" data-id=\"9c7e7f7\" data-element_type=\"widget\" data-e-type=\"widget\" data-widget_type=\"heading.default\">\n\t\t\t\t<div class=\"elementor-widget-container\">\n\t\t\t\t\t<h2 class=\"elementor-heading-title elementor-size-default\"><a href=\"https:\/\/equestdream.com\/equestdream-tuotteet-verkkokauppa\/\">Nopea toimitus verkkokaupasta<\/a><\/h2>\t\t\t\t<\/div>\n\t\t\t\t<\/div>\n\t\t\t\t\t<\/div>\n\t\t\t\t<\/div>\n\t\t<div class=\"elementor-element elementor-element-86d15db e-flex e-con-boxed e-con e-parent\" data-id=\"86d15db\" data-element_type=\"container\" data-e-type=\"container\">\n\t\t\t\t\t<div class=\"e-con-inner\">\n\t\t\t\t\t<\/div>\n\t\t\t\t<\/div>\n\t\t<div class=\"elementor-element elementor-element-24e23040 e-con-full e-flex e-con e-parent\" data-id=\"24e23040\" data-element_type=\"container\" data-e-type=\"container\" data-settings=\"{&quot;background_background&quot;:&quot;classic&quot;}\">\n\t\t<div class=\"elementor-element elementor-element-1665c273 e-con-full e-flex e-con e-child\" data-id=\"1665c273\" data-element_type=\"container\" data-e-type=\"container\" data-settings=\"{&quot;background_background&quot;:&quot;classic&quot;}\">\n\t\t\t\t<div class=\"elementor-element elementor-element-437a5f8e elementor-widget elementor-widget-heading\" data-id=\"437a5f8e\" data-element_type=\"widget\" data-e-type=\"widget\" data-widget_type=\"heading.default\">\n\t\t\t\t<div class=\"elementor-widget-container\">\n\t\t\t\t\t<h2 class=\"elementor-heading-title elementor-size-default\">Upeasti istuvat ratsastushousut<\/h2>\t\t\t\t<\/div>\n\t\t\t\t<\/div>\n\t\t\t\t<div class=\"elementor-element elementor-element-181bd007 elementor-widget elementor-widget-text-editor\" data-id=\"181bd007\" data-element_type=\"widget\" data-e-type=\"widget\" data-widget_type=\"text-editor.default\">\n\t\t\t\t<div class=\"elementor-widget-container\">\n\t\t\t\t\t\t\t\t\t<p>Uskomme, ett\u00e4 n\u00e4ist\u00e4 tulee sinulle uudet lemppari ratsastushousut.<\/p>\t\t\t\t\t\t\t\t<\/div>\n\t\t\t\t<\/div>\n\t\t\t\t<div class=\"elementor-element elementor-element-22c90b64 elementor-button-info elementor-widget elementor-widget-button\" data-id=\"22c90b64\" data-element_type=\"widget\" data-e-type=\"widget\" data-widget_type=\"button.default\">\n\t\t\t\t<div class=\"elementor-widget-container\">\n\t\t\t\t\t\t\t\t\t<div class=\"elementor-button-wrapper\">\n\t\t\t\t\t<a class=\"elementor-button elementor-button-link elementor-size-sm\" href=\"https:\/\/equestdream.com\/product\/ratsastushousut\/\">\n\t\t\t\t\t\t<span class=\"elementor-button-content-wrapper\">\n\t\t\t\t\t\t\t\t\t<span class=\"elementor-button-text\">Lue lis\u00e4\u00e4 ja osta t\u00e4st\u00e4<\/span>\n\t\t\t\t\t<\/span>\n\t\t\t\t\t<\/a>\n\t\t\t\t<\/div>\n\t\t\t\t\t\t\t\t<\/div>\n\t\t\t\t<\/div>\n\t\t\t\t<\/div>\n\t\t<div class=\"elementor-element elementor-element-3d3e0422 e-con-full e-flex e-con e-child\" data-id=\"3d3e0422\" data-element_type=\"container\" data-e-type=\"container\">\n\t\t\t\t<div class=\"elementor-element elementor-element-1026405a elementor-widget elementor-widget-image\" data-id=\"1026405a\" data-element_type=\"widget\" data-e-type=\"widget\" data-widget_type=\"image.default\">\n\t\t\t\t<div class=\"elementor-widget-container\">\n\t\t\t\t\t\t\t\t\t\t\t\t\t\t\t\t<a href=\"https:\/\/equestdream.com\/product\/ratsastushousut\/\">\n\t\t\t\t\t\t\t<img fetchpriority=\"high\" decoding=\"async\" width=\"683\" height=\"1024\" src=\"https:\/\/equestdream.com\/wp-content\/uploads\/2023\/08\/Ratsastushousut-683x1024.jpg\" class=\"attachment-large size-large wp-image-1951\" alt=\"EquestDream ratsastushousut\" srcset=\"https:\/\/equestdream.com\/wp-content\/uploads\/2023\/08\/Ratsastushousut-683x1024.jpg 683w, https:\/\/equestdream.com\/wp-content\/uploads\/2023\/08\/Ratsastushousut-200x300.jpg 200w, https:\/\/equestdream.com\/wp-content\/uploads\/2023\/08\/Ratsastushousut-768x1152.jpg 768w, https:\/\/equestdream.com\/wp-content\/uploads\/2023\/08\/Ratsastushousut-1024x1536.jpg 1024w, https:\/\/equestdream.com\/wp-content\/uploads\/2023\/08\/Ratsastushousut-600x900.jpg 600w, https:\/\/equestdream.com\/wp-content\/uploads\/2023\/08\/Ratsastushousut.jpg 1184w\" sizes=\"(max-width: 683px) 100vw, 683px\" \/>\t\t\t\t\t\t\t\t<\/a>\n\t\t\t\t\t\t\t\t\t\t\t\t\t\t\t<\/div>\n\t\t\t\t<\/div>\n\t\t\t\t<\/div>\n\t\t\t\t<\/div>\n\t\t<div class=\"elementor-element elementor-element-1bf2905 e-con-full e-flex e-con e-parent\" data-id=\"1bf2905\" data-element_type=\"container\" data-e-type=\"container\" data-settings=\"{&quot;background_background&quot;:&quot;classic&quot;}\">\n\t\t<div class=\"elementor-element elementor-element-8a347c2 e-con-full e-flex e-con e-child\" data-id=\"8a347c2\" data-element_type=\"container\" data-e-type=\"container\" data-settings=\"{&quot;background_background&quot;:&quot;classic&quot;}\">\n\t\t\t\t<div class=\"elementor-element elementor-element-29eaf60 elementor-widget elementor-widget-heading\" data-id=\"29eaf60\" data-element_type=\"widget\" data-e-type=\"widget\" data-widget_type=\"heading.default\">\n\t\t\t\t<div class=\"elementor-widget-container\">\n\t\t\t\t\t<h2 class=\"elementor-heading-title elementor-size-default\">Yksil\u00f6llinen kullattu riipus ketjussa tai \u00b4Lucky Charm\u00b4<\/h2>\t\t\t\t<\/div>\n\t\t\t\t<\/div>\n\t\t\t\t<div class=\"elementor-element elementor-element-17ec2afa elementor-widget elementor-widget-text-editor\" data-id=\"17ec2afa\" data-element_type=\"widget\" data-e-type=\"widget\" data-widget_type=\"text-editor.default\">\n\t\t\t\t<div class=\"elementor-widget-container\">\n\t\t\t\t\t\t\t\t\t<div dir=\"auto\">Kaunis kullattu EquestDream-koru, jossa tilaa omalle kaiverruksellesi.<\/div><div dir=\"auto\">\u00a0<\/div><div dir=\"auto\">Ketjussa kaulaan tai papukaijalukolla \u2019Lucky Charmiksi\u2019 lemmikille.<\/div>\t\t\t\t\t\t\t\t<\/div>\n\t\t\t\t<\/div>\n\t\t\t\t<div class=\"elementor-element elementor-element-a8b0178 elementor-button-info elementor-widget elementor-widget-button\" data-id=\"a8b0178\" data-element_type=\"widget\" data-e-type=\"widget\" data-widget_type=\"button.default\">\n\t\t\t\t<div class=\"elementor-widget-container\">\n\t\t\t\t\t\t\t\t\t<div class=\"elementor-button-wrapper\">\n\t\t\t\t\t<a class=\"elementor-button elementor-button-link elementor-size-sm\" href=\"https:\/\/equestdream.com\/product\/3119\/\">\n\t\t\t\t\t\t<span class=\"elementor-button-content-wrapper\">\n\t\t\t\t\t\t\t\t\t<span class=\"elementor-button-text\">lis\u00e4\u00e4 tuotteita t\u00e4st\u00e4<\/span>\n\t\t\t\t\t<\/span>\n\t\t\t\t\t<\/a>\n\t\t\t\t<\/div>\n\t\t\t\t\t\t\t\t<\/div>\n\t\t\t\t<\/div>\n\t\t\t\t<\/div>\n\t\t<div class=\"elementor-element elementor-element-63e6c46e e-con-full e-flex e-con e-child\" data-id=\"63e6c46e\" data-element_type=\"container\" data-e-type=\"container\">\n\t\t\t\t<div class=\"elementor-element elementor-element-11a67cd2 elementor-widget elementor-widget-image\" data-id=\"11a67cd2\" data-element_type=\"widget\" data-e-type=\"widget\" data-widget_type=\"image.default\">\n\t\t\t\t<div class=\"elementor-widget-container\">\n\t\t\t\t\t\t\t\t\t\t\t\t\t\t\t\t<a href=\"https:\/\/equestdream.com\/product\/3119\/\">\n\t\t\t\t\t\t\t<img decoding=\"async\" width=\"768\" height=\"1032\" src=\"https:\/\/equestdream.com\/wp-content\/uploads\/2023\/12\/equestdream-luckycharm-768x1032.jpg\" class=\"attachment-medium_large size-medium_large wp-image-3211\" alt=\"Equestdream luckycharm\" srcset=\"https:\/\/equestdream.com\/wp-content\/uploads\/2023\/12\/equestdream-luckycharm-768x1032.jpg 768w, https:\/\/equestdream.com\/wp-content\/uploads\/2023\/12\/equestdream-luckycharm-223x300.jpg 223w, https:\/\/equestdream.com\/wp-content\/uploads\/2023\/12\/equestdream-luckycharm-762x1024.jpg 762w, https:\/\/equestdream.com\/wp-content\/uploads\/2023\/12\/equestdream-luckycharm-600x807.jpg 600w, https:\/\/equestdream.com\/wp-content\/uploads\/2023\/12\/equestdream-luckycharm.jpg 828w\" sizes=\"(max-width: 768px) 100vw, 768px\" \/>\t\t\t\t\t\t\t\t<\/a>\n\t\t\t\t\t\t\t\t\t\t\t\t\t\t\t<\/div>\n\t\t\t\t<\/div>\n\t\t\t\t<\/div>\n\t\t\t\t<\/div>\n\t\t<div class=\"elementor-element elementor-element-6d0d7318 e-con-full e-flex e-con e-parent\" data-id=\"6d0d7318\" data-element_type=\"container\" data-e-type=\"container\" data-settings=\"{&quot;background_background&quot;:&quot;classic&quot;}\">\n\t\t<div class=\"elementor-element elementor-element-5580537e e-con-full e-flex e-con e-child\" data-id=\"5580537e\" data-element_type=\"container\" data-e-type=\"container\" data-settings=\"{&quot;background_background&quot;:&quot;classic&quot;}\">\n\t\t\t\t<div class=\"elementor-element elementor-element-6311f4db elementor-widget elementor-widget-heading\" data-id=\"6311f4db\" data-element_type=\"widget\" data-e-type=\"widget\" data-widget_type=\"heading.default\">\n\t\t\t\t<div class=\"elementor-widget-container\">\n\t\t\t\t\t<h2 class=\"elementor-heading-title elementor-size-default\">Eritt\u00e4in istuva sadeloimi vaativampaankin makuun<\/h2>\t\t\t\t<\/div>\n\t\t\t\t<\/div>\n\t\t\t\t<div class=\"elementor-element elementor-element-8a3237a elementor-widget elementor-widget-text-editor\" data-id=\"8a3237a\" data-element_type=\"widget\" data-e-type=\"widget\" data-widget_type=\"text-editor.default\">\n\t\t\t\t<div class=\"elementor-widget-container\">\n\t\t\t\t\t\t\t\t\t<p>Materiaali 600D hengitt\u00e4v\u00e4 sateenkest\u00e4v\u00e4 kangas, ANTISTAATTINEN JA ANTIBAKTEERINEN sis\u00e4vuori.<\/p><p>Erityismainintana etuosan korkea ja suorahko leikkaus, joka ei liu&#8217;u taakse.<\/p>\t\t\t\t\t\t\t\t<\/div>\n\t\t\t\t<\/div>\n\t\t\t\t<div class=\"elementor-element elementor-element-61ac00a2 elementor-button-info elementor-widget elementor-widget-button\" data-id=\"61ac00a2\" data-element_type=\"widget\" data-e-type=\"widget\" data-widget_type=\"button.default\">\n\t\t\t\t<div class=\"elementor-widget-container\">\n\t\t\t\t\t\t\t\t\t<div class=\"elementor-button-wrapper\">\n\t\t\t\t\t<a class=\"elementor-button elementor-button-link elementor-size-sm elementor-animation-grow\" href=\"https:\/\/equestdream.com\/product\/tulossa-kevyt-sadeloimi\/\">\n\t\t\t\t\t\t<span class=\"elementor-button-content-wrapper\">\n\t\t\t\t\t\t\t\t\t<span class=\"elementor-button-text\">Lue lis\u00e4\u00e4 ja tilaa t\u00e4st\u00e4<\/span>\n\t\t\t\t\t<\/span>\n\t\t\t\t\t<\/a>\n\t\t\t\t<\/div>\n\t\t\t\t\t\t\t\t<\/div>\n\t\t\t\t<\/div>\n\t\t\t\t<\/div>\n\t\t<div class=\"elementor-element elementor-element-2db683c7 e-con-full e-flex e-con e-child\" data-id=\"2db683c7\" data-element_type=\"container\" data-e-type=\"container\">\n\t\t\t\t<div class=\"elementor-element elementor-element-7c40914c elementor-widget elementor-widget-image\" data-id=\"7c40914c\" data-element_type=\"widget\" data-e-type=\"widget\" data-widget_type=\"image.default\">\n\t\t\t\t<div class=\"elementor-widget-container\">\n\t\t\t\t\t\t\t\t\t\t\t\t\t\t\t<img decoding=\"async\" width=\"683\" height=\"1024\" src=\"https:\/\/equestdream.com\/wp-content\/uploads\/2023\/06\/IMG_0033-683x1024.jpeg\" class=\"attachment-large size-large wp-image-2557\" alt=\"sadeloimi\" srcset=\"https:\/\/equestdream.com\/wp-content\/uploads\/2023\/06\/IMG_0033-683x1024.jpeg 683w, https:\/\/equestdream.com\/wp-content\/uploads\/2023\/06\/IMG_0033-200x300.jpeg 200w, https:\/\/equestdream.com\/wp-content\/uploads\/2023\/06\/IMG_0033-768x1152.jpeg 768w, https:\/\/equestdream.com\/wp-content\/uploads\/2023\/06\/IMG_0033-1024x1536.jpeg 1024w, https:\/\/equestdream.com\/wp-content\/uploads\/2023\/06\/IMG_0033-600x900.jpeg 600w, https:\/\/equestdream.com\/wp-content\/uploads\/2023\/06\/IMG_0033.jpeg 1184w\" sizes=\"(max-width: 683px) 100vw, 683px\" \/>\t\t\t\t\t\t\t\t\t\t\t\t\t\t\t<\/div>\n\t\t\t\t<\/div>\n\t\t\t\t<\/div>\n\t\t\t\t<\/div>\n\t\t<div class=\"elementor-element elementor-element-1a0f2f52 e-flex e-con-boxed e-con e-parent\" data-id=\"1a0f2f52\" data-element_type=\"container\" data-e-type=\"container\" data-settings=\"{&quot;background_background&quot;:&quot;classic&quot;}\">\n\t\t\t\t\t<div class=\"e-con-inner\">\n\t\t\t\t<div class=\"elementor-element elementor-element-eb9e7c5 elementor-widget elementor-widget-spacer\" data-id=\"eb9e7c5\" data-element_type=\"widget\" data-e-type=\"widget\" data-widget_type=\"spacer.default\">\n\t\t\t\t<div class=\"elementor-widget-container\">\n\t\t\t\t\t\t\t<div class=\"elementor-spacer\">\n\t\t\t<div class=\"elementor-spacer-inner\"><\/div>\n\t\t<\/div>\n\t\t\t\t\t\t<\/div>\n\t\t\t\t<\/div>\n\t\t\t\t<div class=\"elementor-element elementor-element-129552d3 elementor-widget elementor-widget-text-editor\" data-id=\"129552d3\" data-element_type=\"widget\" data-e-type=\"widget\" data-widget_type=\"text-editor.default\">\n\t\t\t\t<div class=\"elementor-widget-container\">\n\t\t\t\t\t\t\t\t\t<h3><strong>EquestDream-tuotteissa&#8230;<\/strong><\/h3><p>yhdistyy vahva vaate- ja kangasteollisuuden tuntemus, sek\u00e4 kaikki, mit\u00e4 olemme ratsastuksen ammattilaisilta oppineet tai harrastaessa kokeneet t\u00e4rke\u00e4ksi. Tavoitteenamme on k\u00e4yt\u00e4nn\u00f6lliset ja laadukkaat tuotteet ratsukoille. Usein lis\u00e4\u00e4mme mukaan pient\u00e4 luksusta, pieni bling bling pirist\u00e4\u00e4 aina! N\u00e4et tuotteemme k\u00e4yt\u00f6ss\u00e4 EquestDream ja EquestDreamereiden instassa.<\/p>\t\t\t\t\t\t\t\t<\/div>\n\t\t\t\t<\/div>\n\t\t\t\t<div class=\"elementor-element elementor-element-b501246 elementor-widget elementor-widget-spacer\" data-id=\"b501246\" data-element_type=\"widget\" data-e-type=\"widget\" data-widget_type=\"spacer.default\">\n\t\t\t\t<div class=\"elementor-widget-container\">\n\t\t\t\t\t\t\t<div class=\"elementor-spacer\">\n\t\t\t<div class=\"elementor-spacer-inner\"><\/div>\n\t\t<\/div>\n\t\t\t\t\t\t<\/div>\n\t\t\t\t<\/div>\n\t\t\t\t\t<\/div>\n\t\t\t\t<\/div>\n\t\t\t\t<\/div>\n\t\t","protected":false},"excerpt":{"rendered":"<p>Laadukkaita ja toimivia varusteita ratsastajalle ja hevoselle kilpailuun ja arkeen<\/p>\n","protected":false},"author":11,"featured_media":246,"parent":0,"menu_order":0,"comment_status":"closed","ping_status":"closed","template":"","meta":{"footnotes":""},"class_list":["post-23","page","type-page","status-publish","has-post-thumbnail","hentry"],"_links":{"self":[{"href":"https:\/\/equestdream.com\/fi\/wp-json\/wp\/v2\/pages\/23","targetHints":{"allow":["GET"]}}],"collection":[{"href":"https:\/\/equestdream.com\/fi\/wp-json\/wp\/v2\/pages"}],"about":[{"href":"https:\/\/equestdream.com\/fi\/wp-json\/wp\/v2\/types\/page"}],"author":[{"embeddable":true,"href":"https:\/\/equestdream.com\/fi\/wp-json\/wp\/v2\/users\/11"}],"replies":[{"embeddable":true,"href":"https:\/\/equestdream.com\/fi\/wp-json\/wp\/v2\/comments?post=23"}],"version-history":[{"count":196,"href":"https:\/\/equestdream.com\/fi\/wp-json\/wp\/v2\/pages\/23\/revisions"}],"predecessor-version":[{"id":4695,"href":"https:\/\/equestdream.com\/fi\/wp-json\/wp\/v2\/pages\/23\/revisions\/4695"}],"wp:featuredmedia":[{"embeddable":true,"href":"https:\/\/equestdream.com\/fi\/wp-json\/wp\/v2\/media\/246"}],"wp:attachment":[{"href":"https:\/\/equestdream.com\/fi\/wp-json\/wp\/v2\/media?parent=23"}],"curies":[{"name":"wp","href":"https:\/\/api.w.org\/{rel}","templated":true}]}}