{"id":442,"date":"2023-06-20T14:33:33","date_gmt":"2023-06-20T11:33:33","guid":{"rendered":"http:\/\/equestdream.com\/?post_type=product&#038;p=442"},"modified":"2026-01-28T22:40:47","modified_gmt":"2026-01-28T20:40:47","slug":"toppaloimi","status":"publish","type":"product","link":"https:\/\/equestdream.com\/en\/product\/toppaloimi\/","title":{"rendered":"Outdoor blanket, 200g"},"content":{"rendered":"<p>Durable black outdoor blanket with 200 g filling. A model with a very good fit, where special attention has been paid to the design of the neckline so that the warp cannot slip behind the weather. There is an adjustable buckle fastening at the front and a velcro fastening that confirms the fastening, under the belly there are adjustable crossed belts and at the back there are removable straps for the rear legs and tail cord\/strap. The neck part is removable, velcro fastening.<\/p>\n<div dir=\"auto\"><\/div>\n<div dir=\"auto\">Laadukasta sateenkest\u00e4v\u00e4\u00e4 ja hengitt\u00e4v\u00e4\u00e4 1200D materiaalia, vuori hengitt\u00e4v\u00e4\u00e4 nylonia. Loimien kangasmateriaaleilla on arvostettu Oeko-Tex 100 -laatustandardi.<\/div>\n<div dir=\"auto\"><\/div>\n<div dir=\"auto\">N.B! The sizes are fair:<\/div>\n<div dir=\"auto\">115 cm fair size<\/div>\n<div dir=\"auto\">125 cm fair siz<\/div>\n<div dir=\"auto\">140cm reilu koko<\/div>\n<div dir=\"auto\">145 cm fair size<br \/>\n155 cm fair size<\/div>","protected":false},"excerpt":{"rendered":"<p>Kest\u00e4v\u00e4 musta ulkotoppaloimi 200 g t\u00e4ytteell\u00e4. Eritt\u00e4in hyvin istuva malli, jossa kaula-aukon muotoiluun on kiinnitetty erityist\u00e4 huomiota siten, ettei loimi p\u00e4\u00e4se valumaan s\u00e4\u00e4n taakse. Edess\u00e4 on s\u00e4\u00e4dett\u00e4v\u00e4 solkikiinnitys sek\u00e4 kiinnityksen vahvistava tarrakiinnitys, mahan alla on s\u00e4\u00e4dett\u00e4v\u00e4t ristikk\u00e4iset vy\u00f6t ja takana irrotettavat takajalkojen remmit sek\u00e4 h\u00e4nt\u00e4naru\/remmi. Kaulaosa on irrotettava, tarrakiinnitys. Laadukasta sateenkest\u00e4v\u00e4\u00e4 ja hengitt\u00e4v\u00e4\u00e4 1200D materiaalia, [&hellip;]<\/p>\n","protected":false},"featured_media":444,"comment_status":"open","ping_status":"closed","template":"","meta":[],"product_brand":[],"product_cat":[95,17],"product_tag":[23,39,24,37,41,40,38],"class_list":{"0":"post-442","1":"product","2":"type-product","3":"status-publish","4":"has-post-thumbnail","6":"product_cat-ajankohtaista","7":"product_cat-hevoselle","8":"product_tag-hevonen","9":"product_tag-hevoselle","10":"product_tag-horse","11":"product_tag-loimi","12":"product_tag-padded-rug","13":"product_tag-rug","14":"product_tag-toppaloimi","16":"first","17":"instock","18":"featured","19":"taxable","20":"shipping-taxable","21":"purchasable","22":"product-type-variable"},"_links":{"self":[{"href":"https:\/\/equestdream.com\/en\/wp-json\/wp\/v2\/product\/442","targetHints":{"allow":["GET"]}}],"collection":[{"href":"https:\/\/equestdream.com\/en\/wp-json\/wp\/v2\/product"}],"about":[{"href":"https:\/\/equestdream.com\/en\/wp-json\/wp\/v2\/types\/product"}],"replies":[{"embeddable":true,"href":"https:\/\/equestdream.com\/en\/wp-json\/wp\/v2\/comments?post=442"}],"version-history":[{"count":5,"href":"https:\/\/equestdream.com\/en\/wp-json\/wp\/v2\/product\/442\/revisions"}],"predecessor-version":[{"id":4671,"href":"https:\/\/equestdream.com\/en\/wp-json\/wp\/v2\/product\/442\/revisions\/4671"}],"wp:featuredmedia":[{"embeddable":true,"href":"https:\/\/equestdream.com\/en\/wp-json\/wp\/v2\/media\/444"}],"wp:attachment":[{"href":"https:\/\/equestdream.com\/en\/wp-json\/wp\/v2\/media?parent=442"}],"wp:term":[{"taxonomy":"product_brand","embeddable":true,"href":"https:\/\/equestdream.com\/en\/wp-json\/wp\/v2\/product_brand?post=442"},{"taxonomy":"product_cat","embeddable":true,"href":"https:\/\/equestdream.com\/en\/wp-json\/wp\/v2\/product_cat?post=442"},{"taxonomy":"product_tag","embeddable":true,"href":"https:\/\/equestdream.com\/en\/wp-json\/wp\/v2\/product_tag?post=442"}],"curies":[{"name":"wp","href":"https:\/\/api.w.org\/{rel}","templated":true}]}}