{"id":1899,"date":"2023-08-19T18:43:53","date_gmt":"2023-08-19T15:43:53","guid":{"rendered":"http:\/\/equestdream.com\/?post_type=product&#038;p=1899"},"modified":"2025-12-05T12:46:26","modified_gmt":"2025-12-05T10:46:26","slug":"kilpailupaita","status":"publish","type":"product","link":"https:\/\/equestdream.com\/en\/product\/kilpailupaita\/","title":{"rendered":"Competition top"},"content":{"rendered":"<p>Women's classic style top made of stretchy technical fabric.<br \/>\nT\u00e4m\u00e4 paita on varsinainen moniottelija! Yksinkertainen kaunis leikkaus mahdollistaa sen k\u00e4ytt\u00e4misen joko kisapaitana takin kanssa tai ilman, tai vaihtoehtoisesti kotitreeniss\u00e4 tai muussa arjessa. Joustava kangas sopii urheiluun, mukailee liikett\u00e4 ja on kevyt ja mukava p\u00e4\u00e4ll\u00e4. Kisatakin tai neuleen kanssa pitk\u00e4hihainen paita on erinomainen valinta syksyn tai talven viile\u00e4mpiin p\u00e4iviin. Hartialinjan ja k\u00e4sivarsien perforoitu kangas lis\u00e4\u00e4 paidan hengitt\u00e4vyytt\u00e4 ja antaa kimallemaisen vaikutelman, tuoden pient\u00e4 taikaa jokaiseen ratsastukseen. Pukeminen on helppoa edess\u00e4 olevan vetoketjun ansiosta.<\/p>\n<p>Joustava tekninen kangas. Tyylik\u00e4s klassinen leikkaus. Vetoketju edess\u00e4. Takana hartioilla kaunis verkkomainen kangas.<\/p>\n<p>&nbsp;<\/p>\n<p>Material: 70% nylon 30% spantex<\/p>\n<figure id=\"attachment_1945\" aria-describedby=\"caption-attachment-1945\" style=\"width: 232px\" class=\"wp-caption alignnone\"><img fetchpriority=\"high\" decoding=\"async\" class=\"size-medium wp-image-1945\" src=\"http:\/\/equestdream.com\/wp-content\/uploads\/2023\/08\/EQd-koko-opas-kisapaita-232x300.png\" alt=\"\" width=\"232\" height=\"300\" srcset=\"https:\/\/equestdream.com\/wp-content\/uploads\/2023\/08\/EQd-koko-opas-kisapaita-232x300.png 232w, https:\/\/equestdream.com\/wp-content\/uploads\/2023\/08\/EQd-koko-opas-kisapaita-791x1024.png 791w, https:\/\/equestdream.com\/wp-content\/uploads\/2023\/08\/EQd-koko-opas-kisapaita-768x994.png 768w, https:\/\/equestdream.com\/wp-content\/uploads\/2023\/08\/EQd-koko-opas-kisapaita-1187x1536.png 1187w, https:\/\/equestdream.com\/wp-content\/uploads\/2023\/08\/EQd-koko-opas-kisapaita-600x777.png 600w, https:\/\/equestdream.com\/wp-content\/uploads\/2023\/08\/EQd-koko-opas-kisapaita.png 1545w\" sizes=\"(max-width: 232px) 100vw, 232px\" \/><figcaption id=\"caption-attachment-1945\" class=\"wp-caption-text\">Size guide<\/figcaption><\/figure>\n<p>&nbsp;<\/p>","protected":false},"excerpt":{"rendered":"<p>Women's classic style top made of stretchy technical fabric.<br \/>\nThis top is a true all-rounder! Classic beautiful cut serves as competition top with a jacket, in home training or for everyday life.<\/p>\n<p>Material: 70% nylon 30% spantex<\/p>\n<figure id=\"attachment_1945\" aria-describedby=\"caption-attachment-1945\" style=\"width: 232px\" class=\"wp-caption alignnone\"><img fetchpriority=\"high\" decoding=\"async\" class=\"size-medium wp-image-1945\" src=\"http:\/\/equestdream.com\/wp-content\/uploads\/2023\/08\/EQd-koko-opas-kisapaita-232x300.png\" alt=\"\" width=\"232\" height=\"300\" srcset=\"https:\/\/equestdream.com\/wp-content\/uploads\/2023\/08\/EQd-koko-opas-kisapaita-232x300.png 232w, https:\/\/equestdream.com\/wp-content\/uploads\/2023\/08\/EQd-koko-opas-kisapaita-791x1024.png 791w, https:\/\/equestdream.com\/wp-content\/uploads\/2023\/08\/EQd-koko-opas-kisapaita-768x994.png 768w, https:\/\/equestdream.com\/wp-content\/uploads\/2023\/08\/EQd-koko-opas-kisapaita-1187x1536.png 1187w, https:\/\/equestdream.com\/wp-content\/uploads\/2023\/08\/EQd-koko-opas-kisapaita-600x777.png 600w, https:\/\/equestdream.com\/wp-content\/uploads\/2023\/08\/EQd-koko-opas-kisapaita.png 1545w\" sizes=\"(max-width: 232px) 100vw, 232px\" \/><figcaption id=\"caption-attachment-1945\" class=\"wp-caption-text\">Size guide<\/figcaption><\/figure>","protected":false},"featured_media":4610,"comment_status":"open","ping_status":"closed","template":"","meta":[],"product_brand":[],"product_cat":[76,15],"product_tag":[74,73,75],"class_list":{"0":"post-1899","1":"product","2":"type-product","3":"status-publish","4":"has-post-thumbnail","6":"product_cat-equestdream-paita","7":"product_cat-ratsastaja","8":"product_tag-kauluspaita","9":"product_tag-kilpailupaita","10":"product_tag-tekninen-paita","11":"product_shipping_class-postimaksu-mini","12":"pa_size-l","13":"pa_size-m","14":"pa_size-s","15":"pa_size-xs","17":"first","18":"instock","19":"taxable","20":"shipping-taxable","21":"purchasable","22":"product-type-variable"},"_links":{"self":[{"href":"https:\/\/equestdream.com\/en\/wp-json\/wp\/v2\/product\/1899","targetHints":{"allow":["GET"]}}],"collection":[{"href":"https:\/\/equestdream.com\/en\/wp-json\/wp\/v2\/product"}],"about":[{"href":"https:\/\/equestdream.com\/en\/wp-json\/wp\/v2\/types\/product"}],"replies":[{"embeddable":true,"href":"https:\/\/equestdream.com\/en\/wp-json\/wp\/v2\/comments?post=1899"}],"version-history":[{"count":5,"href":"https:\/\/equestdream.com\/en\/wp-json\/wp\/v2\/product\/1899\/revisions"}],"predecessor-version":[{"id":4609,"href":"https:\/\/equestdream.com\/en\/wp-json\/wp\/v2\/product\/1899\/revisions\/4609"}],"wp:featuredmedia":[{"embeddable":true,"href":"https:\/\/equestdream.com\/en\/wp-json\/wp\/v2\/media\/4610"}],"wp:attachment":[{"href":"https:\/\/equestdream.com\/en\/wp-json\/wp\/v2\/media?parent=1899"}],"wp:term":[{"taxonomy":"product_brand","embeddable":true,"href":"https:\/\/equestdream.com\/en\/wp-json\/wp\/v2\/product_brand?post=1899"},{"taxonomy":"product_cat","embeddable":true,"href":"https:\/\/equestdream.com\/en\/wp-json\/wp\/v2\/product_cat?post=1899"},{"taxonomy":"product_tag","embeddable":true,"href":"https:\/\/equestdream.com\/en\/wp-json\/wp\/v2\/product_tag?post=1899"}],"curies":[{"name":"wp","href":"https:\/\/api.w.org\/{rel}","templated":true}]}}