{"id":136,"date":"2023-06-14T15:20:28","date_gmt":"2023-06-14T15:20:28","guid":{"rendered":"http:\/\/equestdream.com\/?post_type=product&#038;p=136"},"modified":"2025-11-23T12:36:36","modified_gmt":"2025-11-23T10:36:36","slug":"satulahuopa","status":"publish","type":"product","link":"https:\/\/equestdream.com\/en\/product\/satulahuopa\/","title":{"rendered":"Saddle Pad"},"content":{"rendered":"<p>Elegant for the competition and training!<\/p>\n<p>This high-end black saddle blanket stands out for it's sophisticated looks. We combined all our favourite features in this saddle pad: The satin-like finish is both stylish and easy to keep clean. The sparkling decorative ribbon is dashing. \n\nThe mesh fabric on the inner surface is breathable and expels moisture from the skin efficiently.<br \/>\nAt the saddle belt, we have added a reinforcing fabric that follows the shape of the horse's surface muscles, makes it easier to tighten the saddle belt and holds the blanket in place better. A true all-in-one wonder!<\/p>\n<p>&nbsp;<\/p>","protected":false},"excerpt":{"rendered":"<p>Eleganttina kisoihin ja treeneihin! T\u00e4m\u00e4 huippuominaisuuksilla varustettu musta satulahuopa erottuu edukseen hienostuneella ulkon\u00e4\u00f6ll\u00e4\u00e4n. T\u00e4t\u00e4 huopaa suunnitellessamme halusimme yhdist\u00e4\u00e4 siihen kaikki lempiominaisuutemme. Ulkopinnan satiinimainen viimeistely tekee huovasta sek\u00e4 tyylikk\u00e4\u00e4n ett\u00e4 helpon pit\u00e4\u00e4 puhtaana ja kimaltava koristenauha tuo n\u00e4ytt\u00e4vyytt\u00e4. Sis\u00e4pinnan Mesh- kangas on hengitt\u00e4v\u00e4 ja siirt\u00e4\u00e4 kosteutta iholta tehokkaasti. Satulavy\u00f6n kohdalle olemme lis\u00e4nneet vahvikekankaan, joka my\u00f6t\u00e4ilee hevosen [&hellip;]<\/p>\n","protected":false},"featured_media":137,"comment_status":"open","ping_status":"closed","template":"","meta":[],"product_brand":[],"product_cat":[95,94,17],"product_tag":[97,96,25,27,23,24,26,22],"class_list":{"0":"post-136","1":"product","2":"type-product","3":"status-publish","4":"has-post-thumbnail","6":"product_cat-ajankohtaista","7":"product_cat-ale","8":"product_cat-hevoselle","9":"product_tag-ajankohtaista","10":"product_tag-ale","11":"product_tag-equestrian","12":"product_tag-esteratsastus","13":"product_tag-hevonen","14":"product_tag-horse","15":"product_tag-horse-rugs","16":"product_tag-satulahuopa","17":"product_shipping_class-postimaksu","19":"first","20":"instock","21":"taxable","22":"shipping-taxable","23":"purchasable","24":"product-type-simple"},"_links":{"self":[{"href":"https:\/\/equestdream.com\/en\/wp-json\/wp\/v2\/product\/136","targetHints":{"allow":["GET"]}}],"collection":[{"href":"https:\/\/equestdream.com\/en\/wp-json\/wp\/v2\/product"}],"about":[{"href":"https:\/\/equestdream.com\/en\/wp-json\/wp\/v2\/types\/product"}],"replies":[{"embeddable":true,"href":"https:\/\/equestdream.com\/en\/wp-json\/wp\/v2\/comments?post=136"}],"version-history":[{"count":1,"href":"https:\/\/equestdream.com\/en\/wp-json\/wp\/v2\/product\/136\/revisions"}],"predecessor-version":[{"id":4232,"href":"https:\/\/equestdream.com\/en\/wp-json\/wp\/v2\/product\/136\/revisions\/4232"}],"wp:featuredmedia":[{"embeddable":true,"href":"https:\/\/equestdream.com\/en\/wp-json\/wp\/v2\/media\/137"}],"wp:attachment":[{"href":"https:\/\/equestdream.com\/en\/wp-json\/wp\/v2\/media?parent=136"}],"wp:term":[{"taxonomy":"product_brand","embeddable":true,"href":"https:\/\/equestdream.com\/en\/wp-json\/wp\/v2\/product_brand?post=136"},{"taxonomy":"product_cat","embeddable":true,"href":"https:\/\/equestdream.com\/en\/wp-json\/wp\/v2\/product_cat?post=136"},{"taxonomy":"product_tag","embeddable":true,"href":"https:\/\/equestdream.com\/en\/wp-json\/wp\/v2\/product_tag?post=136"}],"curies":[{"name":"wp","href":"https:\/\/api.w.org\/{rel}","templated":true}]}}