{"id":9,"date":"2023-06-14T08:41:36","date_gmt":"2023-06-14T05:41:36","guid":{"rendered":"http:\/\/equestdream.com\/?page_id=9"},"modified":"2025-12-05T12:35:33","modified_gmt":"2025-12-05T10:35:33","slug":"toimitus_palautus-refund_returns","status":"publish","type":"page","link":"https:\/\/equestdream.com\/en\/toimitus_palautus-refund_returns\/","title":{"rendered":"Sale and return portal"},"content":{"rendered":"<div data-elementor-type=\"wp-page\" data-elementor-id=\"9\" class=\"elementor elementor-9\" data-elementor-post-type=\"page\">\n\t\t\t\t\t\t<section class=\"elementor-section elementor-top-section elementor-element elementor-element-3d3f8b19 elementor-section-boxed elementor-section-height-default elementor-section-height-default\" data-id=\"3d3f8b19\" data-element_type=\"section\" data-e-type=\"section\">\n\t\t\t\t\t\t<div class=\"elementor-container elementor-column-gap-default\">\n\t\t\t\t\t<div class=\"elementor-column elementor-col-100 elementor-top-column elementor-element elementor-element-92eaf30\" data-id=\"92eaf30\" data-element_type=\"column\" data-e-type=\"column\">\n\t\t\t<div class=\"elementor-widget-wrap elementor-element-populated\">\n\t\t\t\t\t\t<div class=\"elementor-element elementor-element-7e20a9f3 elementor-widget elementor-widget-text-editor\" data-id=\"7e20a9f3\" data-element_type=\"widget\" data-e-type=\"widget\" data-widget_type=\"text-editor.default\">\n\t\t\t\t<div class=\"elementor-widget-container\">\n\t\t\t\t\t\t\t\t\t<div dir=\"auto\" style=\"caret-color: #000000; color: #000000; font-family: Helvetica; font-size: 12px;\">\n<p><span style=\"font-size: 12px;\">Peltolan Ratsutila 2348988-1 (j\u00e4ljemp\u00e4n\u00e4 verkkokauppa) myy tuotteita yksityishenkil\u00f6ille, yrityksille ja yhteis\u00f6ille Suomeen. Pid\u00e4t\u00e4mme oikeuden toimitusehtojen ja hintojen muutoksiin. Tuotteiden hinnat sis\u00e4lt\u00e4v\u00e4t arvonlis\u00e4veron.<\/span><\/p>\n<p style=\"margin-right: 0px; margin-bottom: 0px; margin-left: 0px; font-stretch: normal; font-size: 12px; line-height: normal; font-family: 'Helvetica Neue'; min-height: 14px;\">\n<\/p><p style=\"margin-right: 0px; margin-bottom: 0px; margin-left: 0px; font-stretch: normal; font-size: 12px; line-height: normal; font-family: 'Helvetica Neue';\">Online store contact information<\/p>\n<p style=\"margin-right: 0px; margin-bottom: 0px; margin-left: 0px; font-stretch: normal; font-size: 12px; line-height: normal; font-family: 'Helvetica Neue'; min-height: 14px;\">\n<\/p><p style=\"margin-right: 0px; margin-bottom: 0px; margin-left: 0px; font-stretch: normal; font-size: 12px; line-height: normal; font-family: 'Helvetica Neue'; color: #dca10d;\"><span style=\"color: #000000;\">Email:<img decoding=\"async\" src=\"https:\/\/equestdream.com\/wp-content\/uploads\/2023\/06\/email.png\" alt=\"\" width=\"141\" height=\"20\"><\/span><\/p>\n<p style=\"margin-right: 0px; margin-bottom: 0px; margin-left: 0px; font-stretch: normal; font-size: 12px; line-height: normal; font-family: 'Helvetica Neue';\">Phone:&nbsp;<img decoding=\"async\" src=\"data:image\/png;base64,iVBORw0KGgoAAAANSUhEUgAAAMkAAAAaCAYAAAAdbHiEAAAAAXNSR0IArs4c6QAAAARnQU1BAACxjwv8YQUAAAAJcEhZcwAADsMAAA7DAcdvqGQAAAzoSURBVHhe7Zp\/TJRXusc\/e7nBuHZ6q3K9NKh74zQGjOOQGMCfN1KJDAQXlik6ekuH7iKNBXcFGmAFBVtQ5IpiBYzIVqbSMms7qIuF2s5IUyC7F68J7DYdljgT5ceKiOI6UAuVvPcPRmEOA4ywt7fZnU8yf8zzPe\/Mec85zznPOc\/5kSRJEm7cuJmUfxINbty4ccTtJG7cTIPbSdy4mQa3k7hxMw1uJ3HjZhp+uE7SWMCqNWFkNIqCGzffLz\/6wR4BNxaw6q16wo\/Wkb9BFP8GDPdgLMrl0OcW+myA5zyUEYnk7w3Gx1MsLNKJ7vUECs24UL9hGg7vJPHSIL5JZZx\/dYlYYCKPOjGWHae4zoL1wTDgiWxlAHv2JKJRzh8rZ2+j6Ziyjl0Gtm0vp20kmJI\/pLFR1J3R20Rhro7qlk5sw6Ntt8z\/ZZLS4glZ\/KTxOtG9lkBhu\/CsyHItde9r8Blve2ChWlfC+0\/fH1DGU3da7VjOZkZ\/rISyRnsfenji5RdAgthOs+Qf00lGOtHFJ1DYPp\/AbWo0KxfQ91UNZefN9C3XcrFcwzIP8aExrJVJRJ2ywMg0AxCwNRYQmV5P3wguOcnQV+Vsf8OA1cObQHUEmpUL4K8dXPitnoZbnmzMqqAkwj4Aes0Y\/9Qj\/sRTuq+WUGhayr7fHUOzSFTHtwPgqpM8caqFfmjjtqL8F+CvZvQVNTTfm4+29ENSlQDDWJubsNrEH7AzYkZ3oAZrdD5NacqnZtv1UmJ\/WYP1x0sIiQklXL5gVPBYiv8mOV5PCj66Rs4rB6i2LSE8QU3Ii54wfAdjZRW1FhzbabZIP1QajkiKIJWU3iAKs+duTbqkCFJL6fUDDvZv\/+e4FBykkl413HewO3CzSopZp5byilyo38NGKT1cJf2iqESKCVJJMec6xBITedwhGU5\/KnUNifYb0rtqlaQIKZFaBMkpj1ukvBCVpNh3VfpW1OxYziVKivAS6WiOSlIEHZG+FAs4oeWoWlIEpUuGh4Lw8FMpeZ1KUuQ0CoJz7hqSJUVQnPTun8cZ7\/xO+sU6lRS871Pp7uNxdifcvZgsKYJ2SEf\/JAhP2im2SuoSpJkywz1JJ7rXwlh1+BrYzOgyXmf9+jBWrQkjQJXEIVMPQ8IT3ZUJrFpTQINgB6BLz7ZJ9x\/DdJuKiP1pJKvWhLFqfSQvxxdh7LIvw89MP1\/WtcKLKuI2zXNQ5qzWkqCE1otX6HZQ7IxYOJmqo29LMntWi6LIILV5udQu0rIvyj4buoLHEqITQieGfB5y\/mPtPLAN8FCQnNF3WYfe5s2uV4OZI4oA5nISi3sI\/7WWQFGbgocDg\/DiS6yQCYJsBUo50HufPkGawEgrZb8xwyYNccvHzM0VOpp\/HMzBrFC8pljJAYZsA8BL+MkFwUOOvwK47UI9XGSGTmLnZg0pmgwuzA0l8+00jmVr2bywE33m68RWdoqlZ4T1NylEnejAP24vx\/LSOJYazPPtV0jZnkF1r1jaFW7wxxbA3w9fUWI+\/v7zof1rWh+JGrQWpXPmUTAH09YjjhGRvkv7yWiQk\/rO1KHbs\/BwYFA0TYKFqnNmUEaww0\/URgfpobcMDEWmc3CD40QxHX7+fnC7iU++EiapW1f5pB181\/qPhUSTMPSFAf29eWhiQse1YyvGzweRqULZONehuFN8FP54cQ2jqd9RsDXxSSPINiid9O\/MmJ2TtF6ja0cxF7M1hG8OJiRMQ\/77p9m3GtqKj6Of0SB2pK13Kcc+OEZqdDAhm4MJid7LxeOhyEbM6E2Tx+OTcruDr0fAV75UVACQvbAA6OHuPUe7rbGA5I9k7DqaNn0n3tLzZoGZkOwjaBeL4gwZaaWhEdgcMO3MP2TScaZrHuGxW50M2EEact9BP1dNaVqA81VmCrwikslZa0P3RhyJZU10PxrGaioiKlZP35a9lO6Yes8FFspOXYPlr6Advxp3mWmxQZDiJfq+KCV++1jkEPXL0omRg1JLfow3xtw4ogqu0PZgmL7rehL\/MxfTMg2lKeuf+d0mY3ZOQgBxaqFRPLzR\/DwUGWaMvxe8fAb4RKjZKE7bqwPYCLS1WwTBBUa+Ey0O+CxZCgzwcPyG09ZE3uF6vJLeZo+zmXk8I53ocnT0bcni4JZnm6Wnoq2sCP03clJ3TxI+PaUTve4aLN5K3AYxZgNbYwnZn3mTWhiP70xWOI8lRB\/XUb7jOZrfyyUsOJKozEZ8s85y9W0XwqRGA\/ouCNFGO55UdXbQBnRVpRN2rANlXBbnLxRTnhWNz80aUranoLs1\/oF5BKaepS5bycPqIrapInk5UcfdiGIaT2tRimNmFszOSeRyfJ3Nqv8uxw8w3+gQlWdGqRCDzu+bQYz\/dZzaRVryp50lwVr5DoW9wRxMmT4kcxVrVRKxOhvhR1xYma4bKGuHkIRXJoYbtibyDtbjtTsd7U9E0VUGaT6RTGLlHXzCtOSnbSVw8XfUHniDqBPXsI2I5cfTz4Vz9dgWq0nYJDiw\/bk2NvDbC\/nsCQvA90U5gWFaSj7YSwgWCsvqHfa61ksZxOZeg9Vb2ZetJdzPk7b3kgh7y4B1pltWJ8zOSTzmOJ\/VFi7AC7ANDIjK\/z9z5\/G8aBtHd2cH8BzP20d436X9pJi8XdtbtJYSf+o+0Vl7J65+M8R6KYP4E534\/uo4+dPuH\/qpfu8KNlkoms1i2X6qM3KpXRzP8WmOoaeitVBL\/HlPXiv\/cDTMjn6T8o8\/oi4rgIfnDxCZ28Rkp760VlHWCsqd6klXsXCtk3aWhRK+GWg202Y39V1KIerwDfyzz3K15E00YRryz16i6bQGn+Zyot7QY53SYV1ndk4yMjThFAuA2z1YAZ9F3qLinJujS+33wkJvFntAm8X5Kmd7cB\/w5l8XAveukF1gZllYKD5\/rsdoGvdpGd0PdbeMfm\/rNVO4rwZb4FYCv2lyLPv7G9gAW3szRlM9zbdcm+aslzKIP3wDv18Xc86FVQyzgTPXwVerJlAYaH2Xj5Bz3ZvoqAWYx9fNVE\/zXwB6aDbVYzSZJz8VenQF3UeD+LyazJ6V453QE5+ILEq13vTVVVF9e5z0lEFqq2rokwWTEOYkfyF7bnTl\/WdRGGWOB+NO9ixUVZhh0y4Ob3EcYzKllvLsADDreL\/ZQZoxs3MSi4U2J6dAWCy0AX5ysWMnbogB+u7NYAM+Y5QEbgRaxmalMfppaemH5StQzgUe9XN3BKyXS0nJLHD8VJoBaK0c\/V7Rfp+792CoWU+GWLawiW6g+7NyUjILONpwR\/zjCVirkth++Ab+bxdTEim2ozOGMVYa6PYIIEHcJwJDD+4DPVQfFuqWWYCuFcCMLrOAlMwaRt\/MCff66QJksol7HQDf5XJg+Gno5ED7x5z8Anxi1M4PPpb7EeQBrS3O\/r2fu72A\/N\/s+5geum8Dc59zGsnMeUnOMuBbZ\/WYCWLixDU6pIpYlaQIUkkxFUKC7HGHVBGnkhTr9kuffzNmHk3+qKTkK44JPOlxh1Rm\/y2HxNyUycRGKT1ITFwNSC2GEuld4+1Jk2dP+Na432kyUfr6jKRyNek3Zf0EOqtcTyZKQ5KlItFevymSmiL2\/wg+6lKq0YEvXU0mPm6U0tepJEX6p5KYS5SkAenz\/eoJ\/T7KkPRljlpSrEuWDHdEbYz\/PqKWFOsSpYqbgnCzQooJUkmq0zfsBvv4U5+RzE6SjpaKXRMTlbNgdivJygAWn08i6qCeWlM9RpOBQ68lUWgG3927CBk3Y3ht2UH0QjAeTCKj8sroUl+nJ2NnAlUecseTjpnQVUNeQQ1nMnPRO13ux5izOZmctd9Rm7mL+BMGjKZ6aitziYo30L1oK5muhDb\/R3RXpRB1ysKyCC0hIy2OYduTj3niqWHzhx\/Thh8JsWNXPP7meKxnT5IcvigiMr4Uvame5uutGE0GChN3kfLZ4IR+B6C3hrK6QWSRWqKdXY+xE7g7mfAXLBTGJjwdI7WVuUTt1NO2MJh9O54c4ixBszsYry4D23bmoqurp+F6Kw2mK+gOJrD9VCdeYfEOicrZMEkE6CLDK0j6QE1DfhF5B3qwjYDsJ35o89NI3STsR+YGkHM2C1luOdWniqgdgTkvyNmccIxL0ffJW5PrWP5ZWSjHfxG0sQL\/KTpilPlEHz3N88UFFF8uJ6XKfsFxSzznUtQoxY3j94jVfqxtvVxKymVRtROWxR+z14997zVwsnoQWZian0377rPDZ0cxTSsM5J00cPJAzehplv1i4b7Tzi8WNldU0coSUndO48Cy9eRfOEtIUS6HdEXU2gDZfJSRadQJF0\/nrE2j7uMAiguqKDvcNHrREk9kcjmavLMkbfZ2GorNhBlecLTf8MTJDU43bv7OmF245cbNPwBuJ3HjZhrcTuLGzTS4ncSNm2n4XwFjGXyDYHvJAAAAAElFTkSuQmCC\" alt=\"\" style=\"font-family: Helvetica;\"><\/p>\n<p style=\"margin-right: 0px; margin-bottom: 0px; margin-left: 0px; font-stretch: normal; font-size: 12px; line-height: normal; font-family: 'Helvetica Neue';\">Postiosoite: Kinnarsalmentie 3, 59410 Kirjavala<\/p>\n<p style=\"margin-right: 0px; margin-bottom: 0px; margin-left: 0px; font-stretch: normal; font-size: 12px; line-height: normal; font-family: 'Helvetica Neue'; min-height: 14px;\">\n<\/p><p style=\"margin-right: 0px; margin-bottom: 0px; margin-left: 0px; font-stretch: normal; font-size: 12px; line-height: normal; font-family: 'Helvetica Neue';\">Ordering<\/p>\n<p style=\"margin-right: 0px; margin-bottom: 0px; margin-left: 0px; font-stretch: normal; font-size: 12px; line-height: normal; font-family: 'Helvetica Neue'; min-height: 14px;\">\n<\/p><p style=\"margin-right: 0px; margin-bottom: 0px; margin-left: 0px; font-stretch: normal; font-size: 12px; line-height: normal; font-family: 'Helvetica Neue';\">The products to be ordered are selected on the website by adding them to the shopping cart. The order is sent by paying for the contents of the shopping cart in the checkout function of the online store. When placing an order, you accept these terms of delivery, product prices and delivery costs. If an e-mail address is given at the time of ordering, an order confirmation will be sent by e-mail. The order confirmation shows the ordered products and the price.<\/p>\n<p style=\"margin-right: 0px; margin-bottom: 0px; margin-left: 0px; font-stretch: normal; font-size: 12px; line-height: normal; font-family: 'Helvetica Neue'; min-height: 14px;\">\n<\/p><p style=\"margin-right: 0px; margin-bottom: 0px; margin-left: 0px; font-stretch: normal; font-size: 12px; line-height: normal; font-family: 'Helvetica Neue';\">Payment<\/p>\n<p style=\"margin-right: 0px; margin-bottom: 0px; margin-left: 0px; font-stretch: normal; font-size: 12px; line-height: normal; font-family: 'Helvetica Neue'; min-height: 14px;\">\n<\/p><p style=\"margin-right: 0px; margin-bottom: 0px; margin-left: 0px; font-stretch: normal; font-size: 12px; line-height: normal; font-family: 'Helvetica Neue';\">Visma Pay (Visma Payments Oy, business ID 2486559-4), which is registered in the register of payment institutions maintained by the Financial Supervisory Authority, acts as the payment intermediary for the online store. Payment is made via Visma Pay's online service, and Visma Pay or Visma Payments Oy is shown as the payee on the account statement and invoice. Visma Pay forwards the payments to the online retailer. Payment is safe, as all information about the payment transaction is transmitted using an encrypted connection so that no outside party can see the information of the payment transaction.\nThe transaction is created between the customer of the online store and the online store. The online store is responsible for all obligations related to the store.<\/p>\n<p style=\"margin-right: 0px; margin-bottom: 0px; margin-left: 0px; font-stretch: normal; font-size: 12px; line-height: normal; font-family: 'Helvetica Neue'; min-height: 14px;\">The transaction is created between the customer of the online store and the online store. The online store is responsible for all obligations related to the store.<\/p>\n<p style=\"margin-right: 0px; margin-bottom: 0px; margin-left: 0px; font-stretch: normal; font-size: 12px; line-height: normal; font-family: 'Helvetica Neue'; color: #dca10d;\"><span style=\"color: #000000;\">Read more about Visma Pay <a href=\"https:\/\/www.visma.fi\/vismapay\/\"><span style=\"text-decoration: underline;\">https:\/\/www.visma.fi\/vismapay\/<\/span><\/a><\/span><\/p>\n<\/div>\n<div dir=\"auto\" style=\"caret-color: #000000; color: #000000; font-family: Helvetica; font-size: 12px;\">\n<p style=\"margin-right: 0px; margin-bottom: 0px; margin-left: 0px; font-stretch: normal; font-size: 12px; line-height: normal; font-family: 'Helvetica Neue';\">Payment methods<\/p>\n<p style=\"margin-right: 0px; margin-bottom: 0px; margin-left: 0px; font-stretch: normal; font-size: 12px; line-height: normal; font-family: 'Helvetica Neue'; min-height: 14px;\">\n<\/p><p style=\"margin-right: 0px; margin-bottom: 0px; margin-left: 0px; font-stretch: normal; font-size: 12px; line-height: normal; font-family: 'Helvetica Neue';\">Via the Visma Pay service, you can pay with online banking credentials, wallet, payment cards (credit\/debit), invoice or installment payment. The following payment methods are available: Osuuspankki, Nordea, Danske Bank, Oma S\u00e4\u00e4st\u00f6pankki, S\u00e4\u00e4st\u00f6pankki, Aktia, Paikallisosuuuspankki, S-Pankki, Handelsbanken, \u00c5landsbanken, MobilePay, Masterpass, Pivo, Visa, Visa Debit, Visa Electron, MasterCard and Debit MasterCard cards, as well as Jousto, Alisa Invoice and Alisa Business Invoice.<\/p>\n<p style=\"margin-right: 0px; margin-bottom: 0px; margin-left: 0px; font-stretch: normal; font-size: 12px; line-height: normal; font-family: 'Helvetica Neue'; min-height: 14px;\">\n<\/p><p style=\"margin-right: 0px; margin-bottom: 0px; margin-left: 0px; font-stretch: normal; font-size: 12px; line-height: normal; font-family: 'Helvetica Neue';\">MobilePay: You can pay with your MobilePay wallet if you have enabled payment in online stores in the application's settings. Payments made with the MobilePay wallet are charged from the payment card attached to the wallet. If charging the payment from the payment card fails, paying with the MobilePay wallet is not possible in the online store.<\/p>\n<p style=\"margin-right: 0px; margin-bottom: 0px; margin-left: 0px; font-stretch: normal; font-size: 12px; line-height: normal; font-family: 'Helvetica Neue'; min-height: 14px;\">\n<\/p><p style=\"margin-right: 0px; margin-bottom: 0px; margin-left: 0px; font-stretch: normal; font-size: 12px; line-height: normal; font-family: 'Helvetica Neue';\">Pivo: Terms of use are available on Pivo's website <a href=\"https:\/\/pivo.fi\/kayttoehdot\/pivon-kayttoehdot\/\"><span style=\"text-decoration: underline; color: #dca10d;\">https:\/\/pivo.fi\/kayttoehdot\/pivon-kayttoehdot\/<\/span><\/a><\/p>\n<p style=\"margin-right: 0px; margin-bottom: 0px; margin-left: 0px; font-stretch: normal; font-size: 12px; line-height: normal; font-family: 'Helvetica Neue'; min-height: 14px;\">\n<\/p><p style=\"margin-right: 0px; margin-bottom: 0px; margin-left: 0px; font-stretch: normal; font-size: 12px; line-height: normal; font-family: 'Helvetica Neue';\">Flexible invoice and Partial payment is a domestic service with which you can make your purchases quickly and safely. Jousto is intended for individuals who have managed their financial affairs flawlessly. With Jousto, you get 30 days of interest-free and cost-free payment time. After receiving the invoice, you can decide whether to pay it in full or in parts. With installment payment, you can pay for your purchase in up to 36 installments, starting at 9.90 eur\/month. The costs of the flexible installment are 3.90 eur\/month and a credit interest of 19.90%. You can pay for purchases of 30\u20133,000 euros with Jousto. The credit provider is Aurajoki Nordic Oy. Read more about Jousto at <a href=\"http:\/\/www.jousto.com\/\"><span style=\"text-decoration: underline; color: #dca10d;\">www.jousto.com<\/span><\/a>.<\/p>\n<p style=\"margin-right: 0px; margin-bottom: 0px; margin-left: 0px; font-stretch: normal; font-size: 12px; line-height: normal; font-family: 'Helvetica Neue'; min-height: 14px;\">\n<\/p><p style=\"margin-right: 0px; margin-bottom: 0px; margin-left: 0px; font-stretch: normal; font-size: 12px; line-height: normal; font-family: 'Helvetica Neue';\">OP Invoice \u2013 A flexible way to pay for online purchases. For customers of all banks. With OP Invoice, you can make purchases of up to EUR 5,000 and pay them off interest-free within 45 days. If you wish, you can divide the invoice into several instalments. Your purchases appear in one place, so it's easy to keep track of how you're spending. With a credit line, you keep your spending within the limits you want. You will receive invoices conveniently by email. In our online service, you can see information about your use of OP Invoice and the purchases you have made the amount of purchases. You can use OP Invoice if you are over 20 years old and have the domain names of a Finnish bank. Further information on OP Invoice can be found at: https:\/\/www.op.fi\/henkiloasiakkaat\/paivittaiset\/maksaminen\/op-lasku <a href=\"https:\/\/www.op.fi\/henkiloasiakkaat\/paivittaiset\/maksaminen\/op-lasku\"><span style=\"text-decoration: underline; color: #dca10d;\">https:\/\/www.op.fi\/henkiloasiakkaat\/paivittaiset\/maksaminen\/op-lasku<\/span><\/a><\/p>\n<p style=\"margin-right: 0px; margin-bottom: 0px; margin-left: 0px; font-stretch: normal; font-size: 12px; line-height: normal; font-family: 'Helvetica Neue'; min-height: 14px;\">\n<\/p><p style=\"margin-right: 0px; margin-bottom: 0px; margin-left: 0px; font-stretch: normal; font-size: 12px; line-height: normal; font-family: 'Helvetica Neue';\">Alisa Invoice is a flexible and secure payment method. The payment method is suitable for all consumers over the age of 20 for all types of purchases. If you wish, you can divide the invoice into smaller parts and pay back in up to 60 installments. Learn more about Alisa Invoice related can be found at: https:\/\/www.alisapankki.fi\/ <a href=\"https:\/\/www.alisapankki.fi\/\"><span style=\"text-decoration: underline; color: #dca10d;\">https:\/\/www.alisapankki.fi\/<\/span><\/a><\/p>\n<p style=\"margin-right: 0px; margin-bottom: 0px; margin-left: 0px; font-stretch: normal; font-size: 12px; line-height: normal; font-family: 'Helvetica Neue'; min-height: 14px;\">\n<\/p><p style=\"margin-right: 0px; margin-bottom: 0px; margin-left: 0px; font-stretch: normal; font-size: 12px; line-height: normal; font-family: 'Helvetica Neue';\">Alisa Business invoice is a flexible and secure payment method for companies. The payment method is suitable for all Finnish companies, regardless of the company form. The buyer's right to purchase is fully verified digitally and the purchase process takes only a few minutes. The company itself can choose a suitable payment period from three different options: 14 days, 30 days or 60 days. More information about Alisa Business Invoice can be found at <a href=\"https:\/\/www.alisapankki.fi\/\"><span style=\"text-decoration: underline; color: #dca10d;\">https:\/\/www.alisapankki.fi\/<\/span><\/a><\/p>\n<p style=\"margin-right: 0px; margin-bottom: 0px; margin-left: 0px; font-stretch: normal; font-size: 12px; line-height: normal; font-family: 'Helvetica Neue'; min-height: 14px;\">\n<\/p><p style=\"margin-right: 0px; margin-bottom: 0px; margin-left: 0px; font-stretch: normal; font-size: 12px; line-height: normal; font-family: 'Helvetica Neue';\">Contact information for the Visma Pay payment service<\/p>\n<p style=\"margin-right: 0px; margin-bottom: 0px; margin-left: 0px; font-stretch: normal; font-size: 12px; line-height: normal; font-family: 'Helvetica Neue'; min-height: 14px;\">\n<\/p><p style=\"margin-right: 0px; margin-bottom: 0px; margin-left: 0px; font-stretch: normal; font-size: 12px; line-height: normal; font-family: 'Helvetica Neue';\">Visma Payments Oy (Business ID 2486559-4)<\/p>\n<p style=\"margin-right: 0px; margin-bottom: 0px; margin-left: 0px; font-stretch: normal; font-size: 12px; line-height: normal; font-family: 'Helvetica Neue'; color: #dca10d;\"><span style=\"color: #000000;\">Email: <a href=\"mailto:helpdesk@vismapay.com\"><span style=\"text-decoration: underline;\">helpdesk@vismapay.com<\/span><\/a><\/span><\/p>\n<p style=\"margin-right: 0px; margin-bottom: 0px; margin-left: 0px; font-stretch: normal; font-size: 12px; line-height: normal; font-family: 'Helvetica Neue';\">Telephone: 09 315 42 037 (weekdays 9-16)<\/p>\n<p style=\"margin-right: 0px; margin-bottom: 0px; margin-left: 0px; font-stretch: normal; font-size: 12px; line-height: normal; font-family: 'Helvetica Neue';\">Postal address: Brahenkatu 4, 53100 Lappeenranta, Finland<\/p>\n<p style=\"margin-right: 0px; margin-bottom: 0px; margin-left: 0px; font-stretch: normal; font-size: 12px; line-height: normal; font-family: 'Helvetica Neue'; min-height: 14px;\">\n<\/p><p style=\"margin-right: 0px; margin-bottom: 0px; margin-left: 0px; font-stretch: normal; font-size: 12px; line-height: normal; font-family: 'Helvetica Neue';\">Delivery<\/p>\n<p style=\"margin-right: 0px; margin-bottom: 0px; margin-left: 0px; font-stretch: normal; font-size: 12px; line-height: normal; font-family: 'Helvetica Neue'; min-height: 14px;\">\n<\/p><p style=\"margin-right: 0px; margin-bottom: 0px; margin-left: 0px; font-stretch: normal; font-size: 12px; line-height: normal; font-family: 'Helvetica Neue';\">Orders are shipped on weekdays. The delivery time for products from stock is usually 3-5 working days in Finland. If the products to be delivered are made-to-order, the delivery time is usually 1-3 weeks. For pre-order products, the delivery time will be notified to the customer separately by email. Delivery costs depend on the chosen delivery method, possible additional services, weight and size of the order. You can see the shipping costs in the online store's checkout function before the final acceptance of the order.<\/p>\n<p style=\"margin-right: 0px; margin-bottom: 0px; margin-left: 0px; font-stretch: normal; font-size: 12px; line-height: normal; font-family: 'Helvetica Neue'; min-height: 14px;\">\n<\/p><p style=\"margin-right: 0px; margin-bottom: 0px; margin-left: 0px; font-stretch: normal; font-size: 12px; line-height: normal; font-family: 'Helvetica Neue';\">If the product is lost or damaged during delivery, this must be reported to the online store without delay, but in any case within 14 days. Packages damaged during delivery must be reported to the company responsible for the delivery without delay.&nbsp;<\/p>\n<p style=\"margin-right: 0px; margin-bottom: 0px; margin-left: 0px; font-stretch: normal; font-size: 12px; line-height: normal; font-family: 'Helvetica Neue'; min-height: 14px;\">\n<\/p><p style=\"margin-right: 0px; margin-bottom: 0px; margin-left: 0px; font-stretch: normal; font-size: 12px; line-height: normal; font-family: 'Helvetica Neue';\">Returns<\/p>\n<p style=\"margin-right: 0px; margin-bottom: 0px; margin-left: 0px; font-stretch: normal; font-size: 12px; line-height: normal; font-family: 'Helvetica Neue'; min-height: 14px;\">\n<\/p><p style=\"margin-right: 0px; margin-bottom: 0px; margin-left: 0px; font-stretch: normal; font-size: 12px; line-height: normal; font-family: 'Helvetica Neue';\">E-commerce customer has a 14-day exchange and return right in accordance with the Consumer Protection Act. The customer has the right to exchange or return some or all of the products in the order. Products to be returned or exchanged must be in their original packaging and in saleable condition. If you wish to return or exchange products, please first contact the online store and ask for return instructions. Please include your name, contact information and bank account number in the return for a possible refund.<\/p>\n<p style=\"margin-right: 0px; margin-bottom: 0px; margin-left: 0px; font-stretch: normal; font-size: 12px; line-height: normal; font-family: 'Helvetica Neue'; min-height: 14px;\">\n<\/p><p style=\"margin-right: 0px; margin-bottom: 0px; margin-left: 0px; font-stretch: normal; font-size: 12px; line-height: normal; font-family: 'Helvetica Neue';\">Cancellation of an order, liability for defects<\/p>\n<p style=\"margin-right: 0px; margin-bottom: 0px; margin-left: 0px; font-stretch: normal; font-size: 12px; line-height: normal; font-family: 'Helvetica Neue'; min-height: 14px;\">\n<\/p><p style=\"margin-right: 0px; margin-bottom: 0px; margin-left: 0px; font-stretch: normal; font-size: 12px; line-height: normal; font-family: 'Helvetica Neue';\">Before the delivery of the order, the order can be cancelled by written notice by e-mail.<\/p>\n<p style=\"margin-right: 0px; margin-bottom: 0px; margin-left: 0px; font-stretch: normal; font-size: 12px; line-height: normal; font-family: 'Helvetica Neue'; min-height: 14px;\">\n<\/p><p style=\"margin-right: 0px; margin-bottom: 0px; margin-left: 0px; font-stretch: normal; font-size: 12px; line-height: normal; font-family: 'Helvetica Neue';\">The online store has a statutory liability for defects in the products sold. In case of complaints, please contact our customer service. The consumer has the right to refer any disputes to the Consumer Disputes Board for resolution.<\/p>\n<\/div>\n<div dir=\"auto\" style=\"caret-color: #000000; color: #000000; font-family: Helvetica; font-size: 12px;\">\n<blockquote style=\"margin: 0px 0px 0px 0.8ex; border-left-width: 1px; border-left-color: #cccccc; padding-left: 1ex;\">\n<div style=\"word-wrap: break-word; line-break: after-white-space;\">&nbsp;<\/div>\n<\/blockquote>\n<\/div>\n<p><!-- \/wp:paragraph --><\/p>\t\t\t\t\t\t\t\t<\/div>\n\t\t\t\t<\/div>\n\t\t\t\t\t<\/div>\n\t\t<\/div>\n\t\t\t\t\t<\/div>\n\t\t<\/section>\n\t\t\t\t<\/div>","protected":false},"excerpt":{"rendered":"<p>Peltolan Ratsutila 2348988-1 (j\u00e4ljemp\u00e4n\u00e4 verkkokauppa) myy tuotteita yksityishenkil\u00f6ille, yrityksille ja yhteis\u00f6ille Suomeen. Pid\u00e4t\u00e4mme oikeuden toimitusehtojen ja hintojen muutoksiin. Tuotteiden hinnat sis\u00e4lt\u00e4v\u00e4t arvonlis\u00e4veron. Verkkokaupan yhteystiedot S\u00e4hk\u00f6posti: Puhelin:&nbsp; Postiosoite: Kinnarsalmentie 3, 59410 Kirjavala Tilaaminen Tilattavat tuotteet valitaan verkkosivuilla lis\u00e4\u00e4m\u00e4ll\u00e4 ne ostoskoriin. Tilaus l\u00e4hetet\u00e4\u00e4n maksamalla ostoskorin sis\u00e4lt\u00f6 verkkokaupan kassatoiminnossa. Tehdess\u00e4si tilauksen hyv\u00e4ksyt n\u00e4m\u00e4 toimitusehdot, tuotteiden hinnat sek\u00e4 toimituskulut. [&hellip;]<\/p>\n","protected":false},"author":11,"featured_media":0,"parent":0,"menu_order":0,"comment_status":"closed","ping_status":"closed","template":"","meta":{"footnotes":""},"class_list":["post-9","page","type-page","status-publish","hentry"],"_links":{"self":[{"href":"https:\/\/equestdream.com\/en\/wp-json\/wp\/v2\/pages\/9","targetHints":{"allow":["GET"]}}],"collection":[{"href":"https:\/\/equestdream.com\/en\/wp-json\/wp\/v2\/pages"}],"about":[{"href":"https:\/\/equestdream.com\/en\/wp-json\/wp\/v2\/types\/page"}],"author":[{"embeddable":true,"href":"https:\/\/equestdream.com\/en\/wp-json\/wp\/v2\/users\/11"}],"replies":[{"embeddable":true,"href":"https:\/\/equestdream.com\/en\/wp-json\/wp\/v2\/comments?post=9"}],"version-history":[{"count":6,"href":"https:\/\/equestdream.com\/en\/wp-json\/wp\/v2\/pages\/9\/revisions"}],"predecessor-version":[{"id":4727,"href":"https:\/\/equestdream.com\/en\/wp-json\/wp\/v2\/pages\/9\/revisions\/4727"}],"wp:attachment":[{"href":"https:\/\/equestdream.com\/en\/wp-json\/wp\/v2\/media?parent=9"}],"curies":[{"name":"wp","href":"https:\/\/api.w.org\/{rel}","templated":true}]}}