{"id":584,"date":"2023-06-23T06:31:22","date_gmt":"2023-06-23T03:31:22","guid":{"rendered":"http:\/\/equestdream.com\/?page_id=584"},"modified":"2025-12-05T12:55:28","modified_gmt":"2025-12-05T10:55:28","slug":"ota-yheytta-equestdream","status":"publish","type":"page","link":"https:\/\/equestdream.com\/en\/ota-yheytta-equestdream\/","title":{"rendered":"Contact"},"content":{"rendered":"<div data-elementor-type=\"wp-page\" data-elementor-id=\"584\" class=\"elementor elementor-584\" data-elementor-post-type=\"page\">\n\t\t\t\t<div class=\"elementor-element elementor-element-e1e7a17 e-flex e-con-boxed e-con e-parent\" data-id=\"e1e7a17\" data-element_type=\"container\" data-e-type=\"container\" data-settings=\"{&quot;background_background&quot;:&quot;classic&quot;}\">\n\t\t\t\t\t<div class=\"e-con-inner\">\n\t\t<div class=\"elementor-element elementor-element-cf46439 e-con-full e-flex e-con e-child\" data-id=\"cf46439\" data-element_type=\"container\" data-e-type=\"container\">\n\t\t\t\t<div class=\"elementor-element elementor-element-7de2502 elementor-widget__width-inherit elementor-widget elementor-widget-heading\" data-id=\"7de2502\" data-element_type=\"widget\" data-e-type=\"widget\" data-widget_type=\"heading.default\">\n\t\t\t\t<div class=\"elementor-widget-container\">\n\t\t\t\t\t<h1 class=\"elementor-heading-title elementor-size-large\">If you have a question, please don\u00b4t hesitate to ask it <\/h1>\t\t\t\t<\/div>\n\t\t\t\t<\/div>\n\t\t\t\t<div class=\"elementor-element elementor-element-209ff98 elementor-widget__width-initial elementor-widget elementor-widget-text-editor\" data-id=\"209ff98\" data-element_type=\"widget\" data-e-type=\"widget\" data-widget_type=\"text-editor.default\">\n\t\t\t\t<div class=\"elementor-widget-container\">\n\t\t\t\t\t\t\t\t\t<p><img decoding=\"async\" src=\"data:image\/png;base64,iVBORw0KGgoAAAANSUhEUgAAATIAAAAUCAYAAAAORLFaAAAAAXNSR0IArs4c6QAAAARnQU1BAACxjwv8YQUAAAAJcEhZcwAADsMAAA7DAcdvqGQAAC4OSURBVHhehbx58GVHdef5ycx779t++1KrqiSVlirtoiRRIGELsAQtMDZ729O0x6YBY5BnHN1jPDjCE4qewIMdYbeB6Oihu43bGBumGWzALIEReACzSWhFG5JqV+2\/\/ffWe2\/mmT9O3vfer6TuzqhXv\/fevS9v5lm+Z8mTaf7sD35L1lZXOHTFm7ht\/1sxGD59\/29gjcUYMAactRjnMBisMQAIghCbQBBBPIgJWGsIgAQw1uKSFDAEERDttAyi\/Vf9CPowBIvBGAMhEBBEwGAxzmKsRYIgEsBU92kHXgIGg7EGMJSlx1gA7UsAayxYgzEWDPgQMMZQlqWOF+0uhIAvPYEAYhALIoIJOmIbiSMh4AVC8IQQsMYSgsclDrBInIMFJAg+BCR4nEvAKi0BRAISBGMMxloQQUSpbIzBWht5YhCINBGlAUZpaQ0haF+xU6x1SmExYPSasQkSPEFEeWoNwQs+lJGvhiAB0OcaiXMHAsojCaL8jKwTUZ6MZqRNeR7vEwH9Fz8rT6pXJDWm+j7OMf6s6gYiTVR+LGKNjkqAKAOCYKwlyTKsMXhf4EuPscLURJOrLt1Fa6LByuoaZ86cp93J8WIJYslqNWZmZti5cxvOGDDC+voqnc0NjHNsrG2w+5I9LC5sp95oICK0O22OHD7K+voaIfhqRpE\/KtoGG8coSCSUiKh8Vq16O6SZfmGszjcI8T8wxpAkhj1793DJ7l1kacbp02c4deosg6KgLEtKr2Nx1pGlGVmmr7SWkqUZiVUeq3AYgtX+lSdKSaLe66NF9UQEO5RfQXxQOVPxAAkECQgGISAhEIVTHxV\/WfpAb9Cn3e7irKVRq9Go1cjSRPsVUfU2gLEY8frBWIx1WJdgjMHd89pX3Ff0B+ycvYrdC9dAgMePfhnrXs3azg\/wwsLd9ELJ9OAExqqACGBEJzbeKmXCWESUgUGISq9zEAEs+DLEGRvEvYzC7UTsDCZcUDyLgEKIaIqCoxnqpH5vBISoVGFEoEr6VW5U4QGk6rySFQFjLGFMOEIQvPeRAZHHMgJBEEKIIFr1FZ9t4lxdkkbBi2ARgbN6hoKPU\/4ISgcB6+wIjI0O0jmnSjAUEgWBEBRcFFNVEJVKSvgggg8qDAAKDwrSIYK2ic8d8jU+txqjtWrQdOBKv1A9PwqlSrgKmNop\/YEPI8BTUI78iUxSllVM0jEQeav8jQ+tmonzjXysxmVEGVTNR8ehgJymLiqq4IMn+IAPgVY9oZZmOKfgMshzrElwNsE6h0scSZZiMSCBoijodgdsttsUZSBNMrJajSTNogEz9Ppd8rxQoxbnqEM0aghMNNtjU2JEjmGreDL8HEkRMGrslFOYKJf1eoN6owVY1jbbFD5gnQNj8N5TRhApi5yiKChLBTkJHozgrMpnCPqdhBCNTojWBYWjyHdEVDcEFGYiOIkanWAEMaI6ZaKADOej96iMWQC8L8h9AQasNaoD1iHG4CVQek\/pS0pfUuQFhQ+IMaRZnWZrgrSW4e559cvvK4ucnTNXsWv2AAbD40e+RLnwQY5PT+FtjX5rD7bzLZo6byQKWWUtiUKpgmUIehMS\/yqSqpBX3kEQwdbexald\/zOnZm5kZepGlqcOsjR9G67zXepBvRyiZ0hUBhgDxgrtxSBeCGbkEfhoMVSAdFyCwZhLCOkV+ORmuhM346mBaRGKC1H5qzHqb0AtkKAeICFaJRECEoV2xLBqjATBexUIITI\/WldrRkAVyRM9DO1DgclijQpjCHH+QfuykY7GWqx1OOsAg49gAir9IhWFqq9V8oMIzulvrTUYq\/NTQYzjNNELoAKuSBKJQFh9N\/QAK5WN8zBEhVBgFUaCPmTScKzRsxSUl\/pGnzH1+5hXvh9z2dsw0\/PIuYcqNQZjUFXQPpRu1VwMzoBLU6xL9NlBCCFQFCVFf4BLMzCGfFDQ7w+UES4hcZasljI50WB6apY8D1iTYGxCu90llAGsoVFrkKUZg0FBiZAlKb4s6XR7CqwVAqH8jGL8Ek2Ba0gW\/Wr4ZmQw1SgS5ccYi2BJnCMI5EWJ90JZBpIkxRir0YL3OGsJIYAEfCjxhacoBuSDAVmaUG\/UQEqKoqQsCkQEi\/JBgqcMHl8WBF+qpxUU5HzweO8J4qMXrzJUxqjJB+V\/Jd8hGjSVO0sFtoM8ZzDIKXwg4LBJhk0y+oOCQZGTFwWDwYBOp4sPAZekNFpNpmdmyGo13D+78+X3+bJgx\/SV7Jo7AMBjR79MaL6O1WYt0q\/N9Nq3aUTvyEZiql4YvCg4VZMQoscmgmDVLTURSKzVydh38sLu29h0FcNiC+dYWHuAzBqs2GjZDAENvTCqwOri6jOCVOGbej2VrhhjdQzmEorGW7iw7W2cmXsVy1M3sDJ5ORv13axPXM\/q5C2szb6ejYnrseWAenlOhxK9niCquIpv0WuI4zL6IA0hRRlmjcGLKnjwntLHkHcokOrpeB8I0fqFKMjWqkdG9G5EkVVD5BhyYaLXFrtTg1tioudnraYBFHzdCIHi\/8ZYgh8L62IoQfSQNHQXDY0lal8IeAlYp95NRV9Qb2SknyrkOn8\/\/F7QsNpGUVFgrEBOZUcJrJ6Ugr5A9vOYXdu0k\/5R5MzD6pEYTUGoh10puPJiiLLW4IzFOYcXj\/elemUhkBeBwaBkc7NDu9OjKD0YQ+osSeJInQUbECnZbG+wsblGt9OmKHL1YpwhrackSYInUA4KXJISxJPnA\/JcwUDlRGmo4qvzq6gSIbl6W\/nFShERNViVvo2BndJPrxkTvWoBolFDDFhDYi1YwReFyks0mjYaj\/n5WaanJkkTh4hnZXmVjc1NOt023W6Xfr9Hv99jMBiQ5wN8meN9oMwHmorwHl+WFPmAIi8pfElR5BR5Tj7IyYuSPM+HHqr3nhC8ArexKhdlUGPgA96DS2rMLSyya\/clTE7PkKUZzjnSLKM5OUlrYoIkTRFjcEmKSxPc3T938L6yyNk+eQW75g9gxPDo4S\/iemdp2l1I2GBm+QvM9y9EKlY5qEj9Ktg3Cl6hErBo3YfChQGrwGckkM\/9C87VUwBc\/2EuO\/0VFjfO0RgcoZWfUsbaCH4xLFLDr5Y7Ar3yTNQyi6nyZdFrCULI3sWZXW\/h\/NR2Bk6fZ\/0Gjf4a9bJLVnYwtkYwlpBM0Z28kbWp60g2f4YrO+pVqLgMQzP1KKOlsVbJgHobLuYHiaGOGIORmFus9BUwVgFKQ1XNfSFgTBRea7Ak+rjo8Rir\/Vhrh3lAGz1NQbBGw8+KO+rJgRcfWReFPnpLaoB0HBL8MHSt7okPj+9VOSqlqfhtTAwuotIJ2kfY9hHKm3+NsPctSDbArRyO4Z7Kx1BlK3qgdFU6VAAgUBsHsuPI2Qeru4f0VNLGsFYMYsKQBxBIXKK0EQherUIQg0e9mKL02CQZRg2Js2RZQiOrMzE5SZAQvVeHLwOFL2k2WkxNTdFqTZLFvE5aU\/kq8oJerxdnGPk8nPFLtDgd5SMRqPWnKtfxtsgL\/agyYxGyrIZzVlMvRo2ZGA3ZfJkrbyUQxGPUmSRJU6anp5ifmyXLUnwxoNftsrK+wSAvYlrA472G1WUErDJ6YBLD9NJ7BvmAdqdDp9Ol2+vT7fbo9Pt0+326vQH9fl\/Db1vxN4oTGiqXIZAXOWBwqaPeqNGaaJGmCWWZE8STJAmtyUlakzPUmy0CUBQF3gvNZhP3z1798vvKsmDH1D52z12DIDx25EuInCftfJfJje\/RzBXEDDGHEmmvwhKZYJT4InpVWVi5LtGiYBBdEaA984u0E4BNFs58jGZ+HiNHyIpTYwKqzKqeY7RzFQgh9qkeAiYuAgyvgZ\/4NxzdcTUDB4QVJs\/9AwsnPsH0yj8y1fkBU90f0Wr\/gOnNf2TywvNM5C3KxiJFMkV35jZC\/xRpfkEVIKa5h4osSgFroncYQ9gq4Q4RAEQt4lBR7Sj81BSB0k3D9BENRWwECfWQjNGkvHFWsa\/yNivwE\/XQ1BmJdIrhLyGCfJXnGDJOX5XRiT+L41FrKYDFDnNSkbTxPxkaGk3uRlAEZOIXkLlJ7a79BHb1OQgVCGqv+jjNwaiCVh69ArPBIBd5ZOHsQ3GQmqCu1nIq+urT9Y+goaRzDuecgnIIWKs5XOdsXAQS0iQFA9Y56rUaE61JpqdnmJiaJHhwLiFJUopBwWBQMDO3wNzMHFmWMShyfJmrJ1JqHmow6BPKmHYAfXZlAYiyG99WTW+NyLyFztVvlFBKvfgbI9SyVEPouKCW2ATvS\/r9LnnRx1ghSTT\/l9UyWq0JZmenmZuboZam+FDQ7XRYX1+n0xvEcDDqbBx3FTkQvXU1rpaiVNDudHvkeUG\/KNU4FBqJeFFP3ETvKUk1OW+oohjNQ5de3yfWkaUJFmEw6DMYDBAgq9VotibIGpNktTpgKIqCfq\/PxMQE7pded8d9wXsWW5eza24\/CDxy+EsYc4CQXUFILiFgcWxCXMHCXk2e7COYHQRrMX4TY\/eTN1\/PRvMW+rXrKBmQ+eWop+o1wAKSXENhd9KfuIlOAtChtd7GmZ0Euwshx4ZO9B6UicEeIG+8lk7rZfTrN1FaSMvzCipD1aoS\/tFvqn+AkzsuozTg2v\/EnhP\/gXr3MPigXpQ6UgoIgPgl7OAhWusnyJKr6NUnyKeux7QfIik6uioTPRpjqwQ5kNzJYOY1lBMvw0\/sRwYbmGJ1CC4RRVQIrCqnLkoeQCZeRz59iHLiesQHbHEWZA9SP4C43XgMUq4plFiDcdcT0suRdBfIACnblTSPAJXrCLVLCW4XwVhsuUmIoOMjikkASQ4SZt5AMXUQ37qeouhhiyU1SChYVgs2hsqo7MdP3IWfO4RvHcS3DmBKA\/5cDL0F725Bsr2YqRsI0y3Vv+5JbHcSSfeAmwJ\/IRIvetmAcB0y80ZYvAOmbsaUPcjPYxo\/j9lZAdkx5OxDVUoNcTdBfR9ke4E+ErrgboTFt2OmtiHtZ3VBxECSJGBA7EGY\/2XM3K3Y6ZuwkmP9CkmiSf4sTWi1JpiYmCKr1TEC3e4iubmBjewmOsm15PWrmG7VmJ1QqF9bX2WzvUmv1435pasokz3ksgNCD6QDyZ3ItjcQpm9Farsw+QqEToVewCI07yFsuxOZvBWSJvSPK3YR87zRGFHlEaM5sM6RJinWOeWtgX5\/joE9hJ+5nXT2NtKZK5isF8xNZszOzDA\/N0OjVqPf79LZbLPZ3mRjY4OcWwnzv0yYuRWZvFG94\/y88iqOQfNzjmDmGZhr6IUdlHaWsjiDcBnMvRW77VUkswdJnCVhlSxNSeOKqU0OULTuote4nqJ+peKH36QoymGuU73aLr70WJtQqzdI603SrE6apjjnKL2n2+5Qq9Uw\/+mjH5Jev8eVs7dzy75fBBH+4pvvwTX\/DSf2HaAA6H6fAy\/8tQZY1mCb\/wvP7rqaHKD\/GJfll3Bych5\/kYUx\/izbX\/j3TOcriIB1d7N06ZtZ0ojpJVu6\/kUuvfCdmBC\/g7Xtb+B8ozF0r4dNSpqb32fnyt9jvOayNAwE697M+X2voW3B9n7EJSc\/h4mJXtJfYDBzNf3mPD6s0Or8lGb7x0h6D+3mHIYuduV+zPbf49xMA\/KfMffMn2F8wBiLS9Sah\/QdtC+\/nX4MJ8abyc\/QeP7j1LoXYh4ohgzW4sxNlHt\/hc25hQgwY78rl6gfPUJ51cuV7pv\/xMyzn44rhxYW\/g+WL9kBgFv+W6ZPfhNiuYF1EZDnRvfQ\/j6zz\/01IZQRxASSX6S86nX0J5tbng1AuUR6\/LPUV5\/A2CoABMP1FHv+Ob2FhRfzAUAKzPlvkR35POHyT1DseIm+q9Z\/EvujP0QMiA8YdxCu+nVk5+KLPBSKU8jza5hrrtPPq98mPPxJiDk5s\/tPsPt367VTXwN7O+yY0X76TxJ++IcEPFagPvEOwoF7KKdeYmzFBWonP0dr8ynqtZTpyUmSLGWj82pWtx1i86XkD7CywhXyj9ilnwEleF1Ekcb7eXpyEQBz7n5sdjt+9iWeu3Q\/5un\/gp35XcKBm5CLRUkKzInPkZy8HzGxrMSABI10RMABtXqNer1Brd7AuHnKiV\/n\/Pw2LaW4qKX2NDfzRZr9Lt1Ol83NTdY32mwOfone1XfhJy8eBBC6uJN\/S3b2fqwxJGkGOPLiNfRufAfUAU6RP75Gcu112Iv126\/QOvMpZsM+8sU3cKFRVzs21kz\/GOnP\/hCb68q9rgRrXqzRnGBieprpmVkmJ6c1xA8lmxsbnD93BqdZK3BJojUh0ctQN2\/8MVqOMFqVGLtUu4ljUy8GMQBxOzi754NsuvE8yn+\/VStmJG\/j9N63ca750kKESehO3cnRne8mH2eYQH\/hFbQtUDzL9hN\/g5SBEK6ht+M+Tl35Zs4vXstGazudyWs4v+OdHLv892lPH2R58SBLi7fQr62SnfsSUwMg20978UD0DjUx6eu\/zer+O7eAmCmLoR5KtpPuNX9Af2pRyy5EsDbByA30rvxN1udfDGIAkizQuzKCWPVdDNmqMG+8SSCuUnmKotQKiC3N4ENBCLpSauu\/Qf\/mN28FMV9E7whIFiiueD\/dxeshrm4ic5R7f4Pu4n8DxABMCsWZuOjyP25V3RfuINz0O8iulwAxgHT3CMRiG9Kg8oirtuNu2BlBrLpFNKwukveR3\/K2rSBWjs07XWSw7\/20F28ArOZLZZbO3B1s\/LfkDwhmjufsm1ibbLC2tka7vcmgyIe1lgCy7a6XBjGAhbvgZf8Of\/1LgBhKV7n0Vyh33kCciuqe0dIHIxDEkOeeQV4yGFxFe+G3Obv40iAGUIRdPOjfyZHlZc6dvcD5C2us8Vt0br7npUEMwDbxl76L\/tX\/khBTOCGU5Hk5xu\/dZDe8BIgBuDk6u9\/P0q63cv4lQAxA6peRH\/jXFOIpioKiKMljLZz3JcEHzZsYi3UJSVKjXm8yNTmLiOB+6e477sMa5pt72Ta1D8TwyJEvY7PbWZ9b0IHmx5lde2zo3pr0ECtTC3iIUV2PqdVvs2fpfhaXH2U6n6DfnKc0gJmgndaZ33waYzZodE8yufooSf1muglAj5lz\/w\/bLzzGzNpjTHZ+huVyNne9hZUsztKfY\/u5z7Lz\/GeYXjnMRH+GvKX9S7JIO7HMtp\/TRCJvZG3nfnIL9eXPMtm5QJA5BjvvZWluaiiU1veoFyViU8Q16dUb8WEltY37afgzpOV1tKem8NkEtQsPRjB7G5vXvJzSAhQkS99m4umPUj\/7FWpnniWVqykmm2BSytmrcee+i0NXkMKuD9Gej0ItXbJTX2PiyJ9SP\/lPNDbqMLGLMh1bxs1PUl95XAuSrcU276Q7NQGA6T1NY\/OoanTEfsFA89X0p\/UeBieoLz0eF01eRX7gTRSRpmb9AepP3Uf99FdJTj1Glu\/Bz8wixiHT18DyP2BLkORX6V9+mdItLFF\/+k9IDn8ad+KL2BMP49YtZF3s83+j+ZTlr2JP\/B22ODTMkXH6bzAPfxRz9AvYU99TGcLAvj9Atmv4iXSRY19BHvs\/4ch34bzDzOyFbIwe\/WNw5qHojRjM9OuxC1N6zTqQAi78FDn8dcLxHyPFOURei7vtHdh67GPtR9iHPgzHv4g7+TBpfikyN4cYp6mBjW8xnTVI00C+Okd\/Zgq3\/ACNw\/+V7Ph\/pnH+q1wztZuu3clA3QB6ySQzm0+o0pUFpvEqVutxXgbw6\/Ds57DPfg137iw0LkcaETSylt6Tn8I8+Ve4w9\/CXRggk3vi3B1MbMO88F31OiIKaHZQuQ6QOovbfi9r85Ee0sW98HVmX\/gMC6s\/YKHnMPVd9BILpAzWjlAsHaaX30V+\/V1IpWudp7FPfIrk8H8kOXMUW16KTE\/qoxr7EDlG2rlA4Uvy\/HK45EZMBV4GzMZPaB79GhMrTzJRTlK2ZtXJMVnUmZJs80EWL3yT6dVnafpt9Bstla9kAfxz2M0l9bgxWl7kEpI0JavVqdebOOuwxkV6eIq8h8UYnI3JUKWAov9FsFlV8WqB49ZrE8t\/wSUrf0+aPwH+EbLNj7H33Mm45gZSv4QcEJYhfxCXP4gb68OWD5H4h3D5QyRhGRqvY6kSvHCOHSf\/iKne0xrayvOkm59g14mnqMU+\/MRBNlz0IJqX0XOAnGVi9Tllc+2drM1GoArnmD\/yb9lz+PfZcfIPuPTYx9i9sjKqR4JhQjNsPKvPqO2gyGKCctvLhh6gXf0WEyc+r\/VnCCLPkJz+PabPrccb9jLYfiAmdN5Ob1sUMgrSF\/4zk0tfx3pAlmDzv9B8+ovU8+EoIBYIah3eRR4I0eNQqiDoSmS5hTlKEwMw9SryCqu7j9B87s8VqADMCczSR6kfPaH3minynW9Q81+bGnmPncO49vFh4lfkGGH1z+GJj2Lid8NFiy0tylRc9zUGrP2fYPdMvF7As59Ajv5X8AHMeej+BfKTzxBiGnBLE4ZZ11Er4Lk\/RZ78Y7jwD0jvCU03zL0GG3GdzQdxT30SU+Xl5Bh2+SM0x+bdnb2bgMUmKfhPM\/3kH9M6+ddI\/xm8GIxNceY7bFt6moqcwWyDRlNzNr0+g3J8\/j3sk\/8r5sL9EJ5Gel\/GPPFZbHfsFn8M++MPYdd+COWThM5fYh7+\/4bjJNuFtKo1TcUUXdmsaiTB2DfQW5yPdxTYo58kfeEL9NsvsLz6PEunP0X5+GeoLT1N9siHkeM\/oJuXlDvvRipd6z+FffSjmO5TKk\/lo5jTH6Zx+PiQ1n77mxDrKH1AbFx4qlr7x8yc\/n+ZcMfI3LNkvb9kfvnMFj4lq19m\/vyXSIrDGP8YydqfsLi2ObwuU4cwLsHFin0JEss7coq8T1nkBF8iXmvaDEIty7DOaf7F2JEq+xBXoMaaHS5ixGTx8OajLK4\/FT+MVt1M9wUa1U3JNPnQeGiQtAU44n3G6Upc3tqu3h5QW\/9HJr3ma0xMehoM5F9gthIGM0+7Fblem6MEyFeoI1qvNbePIlKzde6TTBTLGjqFAPIC2crnWejFvtCaLK3sf5K0D9Ai1HX+5cRCvKsgWz9NSG9DaocgewXUDiH1V8DqYSonvZg8pErf2BstEtB\/hsb5n1aLUEozA95\/g\/qpqFSxqVXS3MhFGEWIcwixRkn5Nn6PUHqvOxVmdgx55tZ\/imS3EWqHCLWXE2qHKNJbCZuHcTGulan9unrYWcJWP5w8RPe6D+O3v5VQuwWMFh2rJzx68NZP8UNcFZVY7S+TlyEVPbpPwqlHVHCGFfqA\/APm+LHxnmJTCm15RvcJ5PQj1Q9H3y\/uHtJTVh6F+iuwrTug8UpMU\/+GzmFsnHeYuIqeoLV4LsXaNVyakTVuJZ36OWi8guX2ZQxkldowlK9hG83hDpFyPL7uP0\/DN6k3WmS1Okma4pLvYddHSGaWH4s1kHFeEoC\/hI3qjhSTxWUtg0rFcIrxd80D5JXn0H+W+vJTWOcIIvSLnG6Z0x58m\/KZ\/wvfv0CJIWCRGc3lAZjjfx6NkHauhglY+lbUAyDdSdlSTzHNHCN\/uaS5+RUa9QZJ6kAC+aDP4MLIoYEVass\/RozVhcO4Ncq2z43wIG3hEvXClJ4B77UYN88H5P0OxaDDoLdJr7tO3m+TJRbr0qhyEbgkLtFXwgKAyeKyvn4c1lMBSIGNOZzh7WKAs2OMRr2KKOHjiqrXhv8BMKhVtg5c+aM4qqoPLQWAZer5CMmL2msxCEUWQze\/jo0Dzqv+5Cz1lXPDivtqQsYcptVZGfZFZKXhOVwAaFDWBJG7KCvrRUr\/snezccN72bxRXxs3vJf1G97L2jUHR3mudBoR8I3pUT6hWCe1ltJ7FZZqNdQ5pN\/dSp+qHm1oj8cuxfICL1pC4IPfmqMSBfIgQlkf5Wn8zl+je+N76N\/0Hno3vpf+je9hcPP76N\/0GsoKgZMWJA7D18nORw8TkNYV+CveRHnrb1Pe8VcUhz6O7H07xO1YxBq4rTyO8mFUOUIQQmt6dDlfu6hsRHmNMbC+OrovKnK122vLMwarauCIMmZ0ccW0YogHmEvfiz\/4mxQH34+8\/IP4W3+L\/k3vpXvDa\/DDeTfJ4\/6+JL2GfPv\/ztp1f8ba9e9n85pfZ\/3qf8mxbW\/h5M7bWRuLeluzs0xPz9CamMaND8wUbN+2k+3bd7KwsJ3JqWmSpM6Y3wC+E9\/o\/J2JRa3Dlo68ptiqVLKI7rSgNa0GHKBcJ43b2nTrndbQSSyzDEFXsI15IwzFogu9JSDKorExhLOI+R5uaOgb+Aa4tEa9XiMdzqPEkRBCSVkMKIo+ed6nyEdF0VBiRcdirdPcfJLCuLwkahBGW+MECBgjGPEM+pu0N5bZXL9Ae32J9uYqEnKss7GeJ1oDg8WHoKtcw86n6HutiAY05zPW1EvSiTvnsM7i3FZhrgolxgFkeM04rNMSBessycUZ4xAry70n+CoeAj+WWTSUF4v2sA2\/9RtkVncamMgwKhAZiQE20Ypt3aOnzYjBsD5y9wHjC2z5P3gVXTCMvJrYQhjV5KiOG0xVYV+16Gkp4IVhGFFdE6lWQnWc1jmSLUQf7XwYmx6EQhcn\/jsvW3S1fs0uY0\/+Ls2n\/ol0o4u5eEEhnSbsfRPlDe\/RMEO2bijXNhqUsVp+Yi5a7dDauIofY0CVVMkbbdX3yrOLrkQgrdwVA5jxefsCiq2vi+dtih7SHzDo1\/EL72RtfrvmeASML\/VVlpjxxQK0ONQEGPS6rHfHhMSXdNptisLTaLaYm1tgfnGBRjoaverfOJXUbG2Z3zjzo8zo1wFrBfxosQl0V0os9oEoW1b9NyzgDBhZexE\/NfYhjirmX61BxpL4xqRMTkwwOZFtkbdQ9un3OvR6XQb9nm5pGo\/eEC1IxoB1GKte15YIzxjSNCPNUtI0JUsTsjQhcaqjeW+dzY1lVlbOs7q2RK\/XJkiOZbgxeCg6Y1I01qLFDPISLpVxWAeGuL8thhvjt1WfK0u5JbSMhZYaptgtntag\/sbhBmDtsKovu4remOdW639fi+7KymXXTdvGGGwlV8k8\/cqKxsFV4\/DpqC8FZYvhFkJckEgGAA\/gKhcbyF64j5nHP8D0ox9g+rEPMPv4vcw89gFmf\/pBZp+4l7mf3svs4T\/HWoPrLI3c8MbOuBAyord6LIKd3vWilT8NgS\/6Lpkagtk4GJaNMU8H7dcYi+uPvCp3\/nM0H72XxiP30nj4g9Qf+SATj95L69F7h39bT\/zpmJAa6Hwa++S9ZA+8m\/T795E+\/AWSU6dHIc70bYQWuup88SkY1ekdxPyEsbB+fnS9dVkEuBhjAyJBVXA+1pDFVnmvrtq\/P9akcjlGvhnSWRtdf+FT8MN3kz74PtIH3kP6k\/dRf\/j9NB+7l+Zj99J47INMPvNnhLzP+sZtnK9HNyicY+r532XhuQ8z9cyHmPrZh5h48qvUh253SX9zAxvHVFTFcbEFCVos2h8gWGr15hYgM3EfphnKo0LQi9RspALxWhWKW2x\/YxTC1XdoDSJauGoMw6JsfVX7QH8AQ0+rCTPX6abtKnqKeyENbyUM1WOTelmnltWGeXNtQtFvU+Q5vix1G5PXbYXjoisYJO6ywKhXNtopBKCnjzTrDZqtJs1mg6yWAJ5Bv0t7c5Nup01ZFiSppTlRI8ms+pw2bg6uCGQVlS5qCjKGiDovai4SWgV1q5Ap+SpPaLhdZ6wp8SzWQtJ+YSyR\/yqW6\/ORydVeQovMvp2V4YLAKaY6kcFFT7uuzTOIYtHonI03zrOx+Bq1NTEcDgjGvp61ibjCpnZDBclcRZ4Bsk7aVQCtrZ8cDn2w517yVAXM2WpOgvAa8tm71GOKiyl28AhZBYLJFXT3vk6VO4KZAJL8Gp0d1YJA1TQ8xBikuz4yANMvo8j0txpYCpL8K\/KF8aX+SigNdvnE0Cv0299GPrGgXInbngwgcj1+4e1Km8peCVB\/NT4W9gJYewIz+Ar2+O\/jlkfFIlooGcVjnL+upXxzcTwA\/Z9ghjbnMmT\/W3UcTmXEYJDsfXDZKIfDmCJvCUfGmkH39SgUAOeODgMAs\/ddyOS8LlbE+61NSJObMNvfoRGFdYTS05OZYV6V3glqpQKCrYC0tm8UjhJoLy9R+pKsllAfd1NcQr2WUXoFst4gJ4gwvjit+SIXDwGIPlT0sqtmIsgZwDR\/C3\/9R\/FXfwCJJ4LY4iFa1UJRso\/+3tdBlEbliUXSf4W\/9ROE3XfFREWApePDZ8ied0FNddcZizMGaxcJl752lH\/LT9MSh6cg7xcUY5gtvsAHLZVQgxaP7hpvsYwkSAxfXYobp5cxJFlGvVGnXquRpgkG0Z0TeZ8QIE1T6o0azYkGjVYdLLg333PnfQBz9T0stC4FDI8c+xokr6QzH8sv\/BLTyz8kqzy39JWsTsdrYZm59QdIbAQxqhzG5XQmD9CxAB2m1r9HHd0UDYZ86h42E4CSVvc7TAQNDYyxGH+cenIr67UUTEp\/8nY6tcsw5nJ86xVszr+Ds9MzURhLmkufZ7Yfq8XzPfTn9lDaCUzvGzRyYJASpg+QO5DGNXQbi9R6JZadhNYbWNr5ijgWgBQvnqluyWDbG1mvp5j2w0yvP6kC0VvFtF5GXnNgJsm33YVPL0fcNmztdoqFX6Z9+R30Z6\/G+xPUuheiUB6j5m+mN6MekzSvpT93M8ZeArVDlNveQvfy6\/Dj8pufoL78KM6lGCAMJpD5a\/EOME3KhTuRZC\/SOEi57Z0M9l29tX4oP0Fz\/Qmtni+ex2W3U7aUpmH+5\/GNK7DJLmxykHL+bvJ9byCfvwKf9altHI30vYfBdW8n330X0rwaa1oYtiNuP2H7ewhV7Zas4U5+E+tjiJfegWyf13G09mLyAS7cCHt\/DrP2KJajmPIgshBXLievg223YN0V0LgFdv0Kcu2NI5cZLb+w5x+GaFTt5N2Eqtygfwxz\/iEdCqL7Jq1A\/iw+vRM3nYHJMDt+AWleibid2PQ2zPbXk196D73ZffhaQbN7HGMtku8j37ZHsTudJQzWqJfnEZlD6m+le\/nNFEMw2iQc+TqJgTRJqLfuYL0Zl0rNBRb7z9Lt6nlbQ71uvoqNTIXO9p8l3TiCqfaYVmi94y2EaKzN6t\/h2gb4VfytryU0J6G1B6kF7MozNOvLtMJ+OpNziAFpXYufuxkxl0PtIGHnPyfsvwHSOjJ7M2JXYO0YdFZg5jaoO7CThJ13I9kVmGQ\/zPwC5b53MpiOg5AeU+c\/TZa36Xe69Hq7ybdfF8POArf0DUxeTaCC3hsIu\/dGWeqQLP2Q1DjdmJ+lJC5BzLWsN6M+h2UmO49Sc5bS65FDIZRgIEkdjUaT1kSDWrNGmlqqk1ssEZzU0qi1TGsZodrCUzWjmzu1SHIrylabgTUu1\/DTh+psA23GRs\/EOhI3isQBXT+JYaAa\/hUay3\/D7k70e03CYOJazm1\/Fafnb2Cl0RiCWH31q+xc10p0JcQ31TsjpT3\/q7GI8NvMnX6WNA67nLiVs1f8Jievejcnd95AOwHbfYF6HHA584scu\/J3ODfdANlg8tzn1dUWg8hj1J\/\/Is1e9ERMk3zxIO3L3szqvjtob9+jQENKOXEgbtyOe802\/yNzFzaGc5f6HnqXvJr25YfoLe7UMoewNddhndMTBnyBCd+gcfSZUb7NTVHseDmDvYcoqqp7P15OW4ViAixhj\/0nGqvRDTIpYe56+pfeQ+fqO+nv2o+P6ShpXTFcUXTb76BIAdskLNxIfvW\/YHDz+ygOvgt\/6a5hXZ458y1soduwEmdI1r+Lq3LYpkm4+tcobn07\/pI7kR3bNP1w9t\/hTo5CP5qXIVe8Grnm1cju3aoLWxY\/NL+WWrAiW71+Y3DRW0JGYGY4B09\/nOJ8HIxJYfEm5Kpfprj2tfR27CePnlVoXUFw6pUlyf00liv5a9K\/5F2cu\/qPWb7m91nbd5A8KbfkS4tun9XVVQaDnIlsDH1FGHTaSDEgc0KagC\/zLSubJm2Qpg2MTcBZ9bDHjqSKd+mBo66p5fxVq8eiawz0\/m8mTpwcyoc09hIuvxO\/\/05k564IkMDad7DHv4PDYsxj2Mc\/j+2M5NlvP8jgytfS33sDRTzYAelRP\/tXNDbP0O936PZ69AbjBbGa9w2ieGBs9fciXZeAMyN9N86RJFvvKfsdNjZXaLdXKX2PrJYyNT3F7PwszRlHUvcYl4MtwXiM8dgk0YPnYhYKrCHLaqq4w2YgHsfDi3FMXVATk4Kg+x233KQ5HKHa+P0SoafEvEDcjxjkKVpn\/4Qrzz9Nqyi3MlXA5afYfurj7Fn9ju77iosT1q0xsfYcCSDN21iauVa3LnU\/we4j32aq1xtbulYGNVa+za4Tf8z8iSfJxpKfxq8we+rjTOZxryRgjcOYb9J65o+YO32SdDyZHJvJz9I6\/ikWTvwtiVOaWGMJ4TzJ6d9j4bkHqPe3AhZSkKw9yNyRI6PvFT3VdXa6v8x0Psbkzx4g6734927tQaYPHxlzYuLJGy6uAtkncM9\/hOmjT5AOtgIeAOUG6QufZfKZT1KlHOTCJ5k8\/Ahpr7uVblXrn8Y98x9Ijn5Nn6cjxpjvYB79PHbjoueELnCF5nWSZezRD5I98oORIlVNCszK93E\/eWD0ndYVj0Br\/P6YsqjCdQ2Z0ZSHewR57PcoHn8EqQzQ+C\/9Js2lv2P7iU9Tty5u5l8lO\/sx6ifObAEsvX+F5qnP0xrmS3W\/o4jQ3uywOp7sL3N6nS7iPZ12Z1TSMNaMddRqNT1DDINziaZ3tt6l8+dHuNWqRqaLPf73keJKfbPyEaafvp9a+yX4Vaxjjv4VyROfigZOQ1rnvkHy+EeonzgxLEMZNilw7SeYfO6PmN74GUma0mw0SZNET88df4YxJNbhbDIMky9OhidZSpal1FJHYgJGcpwZL8cSSl+SuISpqWnm5ueZnp6k3kywtoz4EcFk7GU+8+\/\/rYTg2TdxiP2LdwLwmR\/+azbX15FQklq16DZE4XCqlHowX6w4j+eN6VB1Q6vRMcWVL6OMGDvmx6QO4\/UolQo1QyCWRkShrZTCGkR245NFvGzgiuc1lSnxUEDR5HB1hlUIcwy2\/W+cnmmoO3zy48x2T0UyGay5BJ9uR\/wRXFiJY9NnOWdJW6\/Ah+O4sEJZlORFTll4DS2HpxjoyRfWpYSwi5BsQ+hhiqd071DMB2KEUArWVUfI6HE7Wqi6l1DbAdLGlT9DQsC0focLV+5XunR+wMLhz8TkudOMXixWFgRr9kB9N1bOYoqTgMGXevqloGeO4cCIVZ7E\/IQbng83h8n2IaZEBo8Mz0aqwEhzmWpkBD3OuORmvHOIrGP7T0WPd5RIVkIaPcvLR\/NoL8PWdxH8KWx+UksPRJPgEBCJx4\/LXkJ9F96vYfpPaq45dqdRA9HgxW1OY3jho0IFQqRzlIugh2yGuCcV63BuF2nrSpotR80+TWJjfjc+LBAQr2dndbrqwTYmX0lSa5D3HsRGox4QisGAfq+LwYNA4gy1Wka9XsNgGPQH5IXmjayzNCdnsInDupTEpXrkOUKe9+htbtLtdbTQ0xhN1A9lM2hZU+UsJIfw\/ocYr2OZmpqkVq+xsbmJiaUwRVHizW16THvxQyjQ5XOj57RJLFMZRmMuHntt9kM6hZWzuPIFbKYHUFqXYo3FB8339fsDRIQsTUnSTE+djYBb1YgZa+PJIY4sTallGbU0xSUWQ6Asc\/J4lpmIYBOrObBahksMzsVUldHTMUwlaMPtjpqX\/f8B+PJV2DZbQcwAAAAASUVORK5CYII=\" alt=\"\" \/><\/p><p>Thank you for the message - we will get back to you!<\/p>\t\t\t\t\t\t\t\t<\/div>\n\t\t\t\t<\/div>\n\t\t\t\t<div class=\"elementor-element elementor-element-a26a09d elementor-widget__width-initial elementor-widget elementor-widget-text-editor\" data-id=\"a26a09d\" data-element_type=\"widget\" data-e-type=\"widget\" data-widget_type=\"text-editor.default\">\n\t\t\t\t<div class=\"elementor-widget-container\">\n\t\t\t\t\t\t\t\t\t<p><strong>For us, cooperation and every feedback is an opportunity to develop.<\/strong><\/p>\t\t\t\t\t\t\t\t<\/div>\n\t\t\t\t<\/div>\n\t\t\t\t<\/div>\n\t\t<div class=\"elementor-element elementor-element-a3fd170 e-con-full e-flex e-con e-child\" data-id=\"a3fd170\" data-element_type=\"container\" data-e-type=\"container\">\n\t\t\t\t<\/div>\n\t\t\t\t\t<\/div>\n\t\t\t\t<\/div>\n\t\t\t\t<\/div>","protected":false},"excerpt":{"rendered":"<p>Kirjoita meille viesti Kiitos mielenkiinnostasi &#8211; ollaan yhteydess\u00e4 pian! Meille yhteisty\u00f6 ja jokainen palaute on mahdollisuus kehitty\u00e4.<\/p>","protected":false},"author":11,"featured_media":0,"parent":0,"menu_order":0,"comment_status":"closed","ping_status":"closed","template":"","meta":{"footnotes":""},"class_list":["post-584","page","type-page","status-publish","hentry"],"_links":{"self":[{"href":"https:\/\/equestdream.com\/en\/wp-json\/wp\/v2\/pages\/584","targetHints":{"allow":["GET"]}}],"collection":[{"href":"https:\/\/equestdream.com\/en\/wp-json\/wp\/v2\/pages"}],"about":[{"href":"https:\/\/equestdream.com\/en\/wp-json\/wp\/v2\/types\/page"}],"author":[{"embeddable":true,"href":"https:\/\/equestdream.com\/en\/wp-json\/wp\/v2\/users\/11"}],"replies":[{"embeddable":true,"href":"https:\/\/equestdream.com\/en\/wp-json\/wp\/v2\/comments?post=584"}],"version-history":[{"count":3,"href":"https:\/\/equestdream.com\/en\/wp-json\/wp\/v2\/pages\/584\/revisions"}],"predecessor-version":[{"id":4735,"href":"https:\/\/equestdream.com\/en\/wp-json\/wp\/v2\/pages\/584\/revisions\/4735"}],"wp:attachment":[{"href":"https:\/\/equestdream.com\/en\/wp-json\/wp\/v2\/media?parent=584"}],"curies":[{"name":"wp","href":"https:\/\/api.w.org\/{rel}","templated":true}]}}