{"id":351,"date":"2023-06-16T14:48:53","date_gmt":"2023-06-16T11:48:53","guid":{"rendered":"http:\/\/equestdream.com\/?page_id=351"},"modified":"2025-12-05T12:49:36","modified_gmt":"2025-12-05T10:49:36","slug":"about-us-tutustu-equestdream","status":"publish","type":"page","link":"https:\/\/equestdream.com\/en\/about-us-tutustu-equestdream\/","title":{"rendered":"EquestDream-tiimi"},"content":{"rendered":"\t\t<div data-elementor-type=\"wp-page\" data-elementor-id=\"351\" class=\"elementor elementor-351\" data-elementor-post-type=\"page\">\n\t\t\t\t<div class=\"elementor-element elementor-element-6e74179 e-flex e-con-boxed e-con e-parent\" data-id=\"6e74179\" data-element_type=\"container\" data-e-type=\"container\">\n\t\t\t\t\t<div class=\"e-con-inner\">\n\t\t\t\t<div class=\"elementor-element elementor-element-bb0ff90 elementor-widget__width-initial elementor-widget elementor-widget-heading\" data-id=\"bb0ff90\" data-element_type=\"widget\" data-e-type=\"widget\" data-widget_type=\"heading.default\">\n\t\t\t\t<div class=\"elementor-widget-container\">\n\t\t\t\t\t<h1 class=\"elementor-heading-title elementor-size-default\">EquestDream syntyi unelmista, osaamisesta ja halusta mahdollistaa<\/h1>\t\t\t\t<\/div>\n\t\t\t\t<\/div>\n\t\t\t\t<div class=\"elementor-element elementor-element-f00b3d9 elementor-widget__width-initial elementor-widget elementor-widget-text-editor\" data-id=\"f00b3d9\" data-element_type=\"widget\" data-e-type=\"widget\" data-widget_type=\"text-editor.default\">\n\t\t\t\t<div class=\"elementor-widget-container\">\n\t\t\t\t\t\t\t\t\t<p>Meill\u00e4 kaikilla on tavoitteita ja unelmia. Jotkut unelmat ovat suurempia ja toiset pienempi\u00e4, mutta ne kaikki ovat t\u00e4rkeit\u00e4 ja viev\u00e4t meit\u00e4 eteenp\u00e4in kohti omaa m\u00e4\u00e4r\u00e4np\u00e4\u00e4t\u00e4mme.<\/p>\t\t\t\t\t\t\t\t<\/div>\n\t\t\t\t<\/div>\n\t\t\t\t<div class=\"elementor-element elementor-element-99a821b elementor-widget-divider--view-line elementor-widget elementor-widget-divider\" data-id=\"99a821b\" data-element_type=\"widget\" data-e-type=\"widget\" data-widget_type=\"divider.default\">\n\t\t\t\t<div class=\"elementor-widget-container\">\n\t\t\t\t\t\t\t<div class=\"elementor-divider\">\n\t\t\t<span class=\"elementor-divider-separator\">\n\t\t\t\t\t\t<\/span>\n\t\t<\/div>\n\t\t\t\t\t\t<\/div>\n\t\t\t\t<\/div>\n\t\t\t\t<div class=\"elementor-element elementor-element-7f090d4 elementor-widget__width-initial elementor-widget-mobile__width-initial elementor-widget elementor-widget-heading\" data-id=\"7f090d4\" data-element_type=\"widget\" data-e-type=\"widget\" data-widget_type=\"heading.default\">\n\t\t\t\t<div class=\"elementor-widget-container\">\n\t\t\t\t\t<h2 class=\"elementor-heading-title elementor-size-default\">EquestDreamer - yhteisty\u00f6ratsastaja<\/h2>\t\t\t\t<\/div>\n\t\t\t\t<\/div>\n\t\t\t\t\t<\/div>\n\t\t\t\t<\/div>\n\t\t<div class=\"elementor-element elementor-element-4605076 e-flex e-con-boxed e-con e-parent\" data-id=\"4605076\" data-element_type=\"container\" data-e-type=\"container\" data-settings=\"{&quot;background_motion_fx_translateY_effect&quot;:&quot;yes&quot;,&quot;background_motion_fx_translateY_speed&quot;:{&quot;unit&quot;:&quot;px&quot;,&quot;size&quot;:4,&quot;sizes&quot;:[]},&quot;background_motion_fx_translateY_affectedRange&quot;:{&quot;unit&quot;:&quot;%&quot;,&quot;size&quot;:&quot;&quot;,&quot;sizes&quot;:{&quot;start&quot;:0,&quot;end&quot;:100}},&quot;background_motion_fx_devices&quot;:[&quot;desktop&quot;,&quot;tablet&quot;,&quot;mobile&quot;]}\">\n\t\t\t\t\t<div class=\"e-con-inner\">\n\t\t\t\t<div class=\"elementor-element elementor-element-8003ca6 elementor-widget__width-initial elementor-widget-mobile__width-initial elementor-widget elementor-widget-text-editor\" data-id=\"8003ca6\" data-element_type=\"widget\" data-e-type=\"widget\" data-widget_type=\"text-editor.default\">\n\t\t\t\t<div class=\"elementor-widget-container\">\n\t\t\t\t\t\t\t\t\t<p><strong>EquestDreamerit<\/strong> ovat yhteisty\u00f6ratsastajiamme, nuoria, jotka tavoittelevat omia unelmiaan hevosten ja ratsastuksen parissa. Heid\u00e4n matkaansa voi seurata somessa ja t\u00e4ll\u00e4 sivulla.\u00a0<\/p><p>\u00a0<\/p><p>N\u00e4m\u00e4 EquestDream-br\u00e4ndin sanansaattajat saavat tuotteitamme alennuksella, loistavia ennakkotilaustarjouksia sek\u00e4 mahdollisuuden vaikuttaa tuotevalikoimaamme ja ideoida uusia tuotteita. J\u00e4rjest\u00e4mme EquestDreamereille my\u00f6s yhteisi\u00e4 tapahtumia, kuten luentoja.<\/p>\t\t\t\t\t\t\t\t<\/div>\n\t\t\t\t<\/div>\n\t\t\t\t<div class=\"elementor-element elementor-element-861c9ad elementor-widget__width-initial elementor-widget-mobile__width-initial elementor-widget elementor-widget-text-editor\" data-id=\"861c9ad\" data-element_type=\"widget\" data-e-type=\"widget\" data-widget_type=\"text-editor.default\">\n\t\t\t\t<div class=\"elementor-widget-container\">\n\t\t\t\t\t\t\t\t\t<p><strong>Hypp\u00e4\u00e4 mukaan EquestDreamereiden matkaan:<\/strong><\/p><p><strong>Nella L\u00e4tti, <\/strong>IG: <a href=\"https:\/\/www.instagram.com\/teamlatti\/\">@teamlatti<\/a>, super taitava ratsastaja, joka on ollut mukana jo EquestDreamin ensi metreill\u00e4 ja vahvistanut some-osaamistamme.<\/p><p>\u00a0<\/p>\t\t\t\t\t\t\t\t<\/div>\n\t\t\t\t<\/div>\n\t\t\t\t\t<\/div>\n\t\t\t\t<\/div>\n\t\t<div class=\"elementor-element elementor-element-7b0c271 e-flex e-con-boxed e-con e-parent\" data-id=\"7b0c271\" data-element_type=\"container\" data-e-type=\"container\">\n\t\t\t\t\t<div class=\"e-con-inner\">\n\t\t\t\t<div class=\"elementor-element elementor-element-3dc4404 elementor-widget-divider--view-line elementor-widget elementor-widget-divider\" data-id=\"3dc4404\" data-element_type=\"widget\" data-e-type=\"widget\" data-widget_type=\"divider.default\">\n\t\t\t\t<div class=\"elementor-widget-container\">\n\t\t\t\t\t\t\t<div class=\"elementor-divider\">\n\t\t\t<span class=\"elementor-divider-separator\">\n\t\t\t\t\t\t<\/span>\n\t\t<\/div>\n\t\t\t\t\t\t<\/div>\n\t\t\t\t<\/div>\n\t\t\t\t<div class=\"elementor-element elementor-element-a607299 elementor-widget__width-initial elementor-widget-mobile__width-initial elementor-widget elementor-widget-heading\" data-id=\"a607299\" data-element_type=\"widget\" data-e-type=\"widget\" data-widget_type=\"heading.default\">\n\t\t\t\t<div class=\"elementor-widget-container\">\n\t\t\t\t\t<h2 class=\"elementor-heading-title elementor-size-default\">EquestDream-tiimi - kanta-asiakkaamme<\/h2>\t\t\t\t<\/div>\n\t\t\t\t<\/div>\n\t\t\t\t<div class=\"elementor-element elementor-element-4fa4543 elementor-widget__width-initial elementor-widget elementor-widget-text-editor\" data-id=\"4fa4543\" data-element_type=\"widget\" data-e-type=\"widget\" data-widget_type=\"text-editor.default\">\n\t\t\t\t<div class=\"elementor-widget-container\">\n\t\t\t\t\t\t\t\t\t<p>EquestDreamereiden lis\u00e4ksi meill\u00e4 on ihanat tiimil\u00e4iset, joille tiedotamme tulevista tuotteista, palkitsemme tuotetilausten keskitt\u00e4misest\u00e4, kuulemme tarpeita ja kerromme tulevista tapahtumista ennakkoon.<\/p>\t\t\t\t\t\t\t\t<\/div>\n\t\t\t\t<\/div>\n\t\t\t\t<div class=\"elementor-element elementor-element-5f87eaa elementor-align-center elementor-widget__width-initial elementor-widget elementor-widget-button\" data-id=\"5f87eaa\" data-element_type=\"widget\" data-e-type=\"widget\" data-widget_type=\"button.default\">\n\t\t\t\t<div class=\"elementor-widget-container\">\n\t\t\t\t\t\t\t\t\t<div class=\"elementor-button-wrapper\">\n\t\t\t\t\t<a class=\"elementor-button elementor-button-link elementor-size-lg\" href=\"\">\n\t\t\t\t\t\t<span class=\"elementor-button-content-wrapper\">\n\t\t\t\t\t\t\t\t\t<span class=\"elementor-button-text\">Liity EquestDream tiimiin t\u00e4st\u00e4<\/span>\n\t\t\t\t\t<\/span>\n\t\t\t\t\t<\/a>\n\t\t\t\t<\/div>\n\t\t\t\t\t\t\t\t<\/div>\n\t\t\t\t<\/div>\n\t\t\t\t\t<\/div>\n\t\t\t\t<\/div>\n\t\t\t\t<\/div>\n\t\t","protected":false},"excerpt":{"rendered":"<p>EquestDream syntyi unelmista, osaamisesta ja halusta mahdollistaa Meill\u00e4 kaikilla on tavoitteita ja unelmia. Jotkut unelmat ovat suurempia ja toiset pienempi\u00e4, mutta ne kaikki ovat t\u00e4rkeit\u00e4 ja viev\u00e4t meit\u00e4 eteenp\u00e4in kohti omaa m\u00e4\u00e4r\u00e4np\u00e4\u00e4t\u00e4mme. EquestDreamer &#8211; yhteisty\u00f6ratsastaja EquestDreamerit ovat yhteisty\u00f6ratsastajiamme, nuoria, jotka tavoittelevat omia unelmiaan hevosten ja ratsastuksen parissa. Heid\u00e4n matkaansa voi seurata somessa ja t\u00e4ll\u00e4 sivulla.\u00a0 [&hellip;]<\/p>\n","protected":false},"author":11,"featured_media":0,"parent":0,"menu_order":0,"comment_status":"closed","ping_status":"closed","template":"","meta":{"footnotes":""},"class_list":["post-351","page","type-page","status-publish","hentry"],"_links":{"self":[{"href":"https:\/\/equestdream.com\/en\/wp-json\/wp\/v2\/pages\/351","targetHints":{"allow":["GET"]}}],"collection":[{"href":"https:\/\/equestdream.com\/en\/wp-json\/wp\/v2\/pages"}],"about":[{"href":"https:\/\/equestdream.com\/en\/wp-json\/wp\/v2\/types\/page"}],"author":[{"embeddable":true,"href":"https:\/\/equestdream.com\/en\/wp-json\/wp\/v2\/users\/11"}],"replies":[{"embeddable":true,"href":"https:\/\/equestdream.com\/en\/wp-json\/wp\/v2\/comments?post=351"}],"version-history":[{"count":7,"href":"https:\/\/equestdream.com\/en\/wp-json\/wp\/v2\/pages\/351\/revisions"}],"predecessor-version":[{"id":4732,"href":"https:\/\/equestdream.com\/en\/wp-json\/wp\/v2\/pages\/351\/revisions\/4732"}],"wp:attachment":[{"href":"https:\/\/equestdream.com\/en\/wp-json\/wp\/v2\/media?parent=351"}],"curies":[{"name":"wp","href":"https:\/\/api.w.org\/{rel}","templated":true}]}}